{"id":567,"date":"2025-03-01T23:46:23","date_gmt":"2025-03-01T21:46:23","guid":{"rendered":"https:\/\/henkilot.vihreat.fi\/virpi.junttila\/?page_id=567"},"modified":"2025-03-10T00:05:58","modified_gmt":"2025-03-09T22:05:58","slug":"kunnallisvaalit-2025","status":"publish","type":"page","link":"https:\/\/henkilot.vihreat.fi\/virpi.junttila\/kunnallisvaalit-2025\/","title":{"rendered":"Kunnallisvaalit 2025"},"content":{"rendered":"\n<p>Olen ehdolla kaupunginvaltuustoon valtuustokaudelle 2025-2029. Olen toiminut nelj\u00e4 valtuustokautta valtuutettuna, ja yli 20 vuotta erilaisissa kunnallisissa luottamusteht\u00e4v\u00e4ss\u00e4. Pohdin ehdokkuuttani pitk\u00e4\u00e4n &#8211; onko minulla viel\u00e4 annettavaa ja virtaa teht\u00e4vien hoitoon &#8211; ja kyll\u00e4, haluaisin viel\u00e4 olla tekem\u00e4ss\u00e4 t\u00f6it\u00e4 yhteisten asioiden eteen. Olen oikeastaan vain sisuuntunut nykyisen maailmantilanteen tuomien haasteiden my\u00f6t\u00e4.<\/p>\n\n\n\n<p>El\u00e4mme poikkeuksellisen ep\u00e4varmassa maailmassa, jossa my\u00f6s paikalliset ongelmat heijastelevat globaaleja haasteita \u2014 Ukrainan sota, arvaamattomat maailman maiden johtajat, ilmastonmuutos, luontokato, eriarvoisuuden lis\u00e4\u00e4ntyminen ja polarisaatio \u2014 eik\u00e4 mustavalkoisia tai helppoja ratkaisuja usein ole. El\u00e4mme toisaalta my\u00f6s aikaa, jolloin ratkaisujen teon tueksi on tarjolla paljon tutkittua tietoa &#8211; kunhan sit\u00e4 vain k\u00e4ytet\u00e4\u00e4n. Jatkuvuus, ennakoitavuus, luotettavuus ja avoimuus ovat arvoja, jotka ovat hyvinvointiyhteiskunnan ja identiteettimme pohjalla. Niiden varaan on hyv\u00e4 rakentaa kaikille meille hyv\u00e4\u00e4 paikkaa el\u00e4\u00e4.<\/p>\n\n\n\n<p><\/p>\n\n\n\n<p><\/p>\n\n\n\n<p><strong>Kuntapolitiikkaan liittyvi\u00e4 ajatuksia ja arvojani<\/strong><\/p>\n\n\n\n<p><strong>Ihmisten arjen tukeminen<\/strong><\/p>\n\n\n\n<ul class=\"wp-block-list\">\n<li>Hyv\u00e4 elinymp\u00e4rist\u00f6 helpottaa ihmisten arkea. Liikkumiseen ja asioimismatkoihin ei mene kohtuuttomasti aikaa. Hyv\u00e4 elinymp\u00e4rist\u00f6 on my\u00f6s esteet\u00f6n!<\/li>\n\n\n\n<li>Koulujen ja p\u00e4iv\u00e4kotien on oltava kohtuullisen matkan p\u00e4\u00e4ss\u00e4 lasten kotoa. Kolme kilometri\u00e4 on pitk\u00e4 koulumatka ekaluokkalaiselle<\/li>\n\n\n\n<li>Varhaiskasvatuksen pit\u00e4\u00e4 olla laadukasta, ja se onnistuu vain riitt\u00e4v\u00e4n pienill\u00e4 ryhm\u00e4koilla. Ryhmien mitoituksessa on huomioitava erityist\u00e4 tukea tarvitsevien lasten tarpeet, ja jatkoa varten on luotava hyv\u00e4t ja sitovat mittarit hoidon ja varhaiskasvatuksen laadun tason seuraamiseksi. Jos riitt\u00e4v\u00e4\u00e4n laatuun ei p\u00e4\u00e4st\u00e4, on toimiala velvollinen kertomaan siit\u00e4 valtuustolle.<\/li>\n\n\n\n<li>Opetuksen resurssien pit\u00e4\u00e4 olla riitt\u00e4v\u00e4t ja koulujen luokkakoot pit\u00e4\u00e4 s\u00e4ilytt\u00e4\u00e4 riitt\u00e4v\u00e4n pienin\u00e4.<\/li>\n\n\n\n<li>Kaikkien kaupungin rakennusten on oltava k\u00e4ytt\u00e4jilleen turvallisia, sis\u00e4ilmaongelmista on p\u00e4\u00e4st\u00e4v\u00e4 eroon.<\/li>\n\n\n\n<li>Nuorille harrastuspaikkoja ja -toimintaa. Liikunta ja kulttuuri kaikkien lasten ja nuorten tavoitettaviksi esim. kerhotoiminnan avulla.<\/li>\n\n\n\n<li>I\u00e4kk\u00e4\u00e4mmille ihmisille ennaltaehk\u00e4isev\u00e4\u00e4 liikuntatoimintaa ja -paikkoja. Omaishoitajien liikuntamahdollisuuksien erityinen tukeminen.<\/li>\n\n\n\n<li>Vammaisille yhdenvertaiset mahdollisuudet osallistua tavalliseen arkeen, esteett\u00f6myys!<\/li>\n\n\n\n<li>Maahanmuuttajat koulutuksen ja ty\u00f6llist\u00e4misen kautta osaksi yhteiskuntaa.<\/li>\n\n\n\n<li>Asukastoiminnan tukeminen, yksin\u00e4isille mahdollisuuksia muiden tapaamiseen.<\/li>\n\n\n\n<li>Ty\u00f6llist\u00e4misratkaisuja pitk\u00e4aikaisty\u00f6tt\u00f6mille yhdess\u00e4 kolmannen sektorin kanssa.<\/li>\n\n\n\n<li>L\u00e4hidemokratian tukeminen: asukkaiden vaikutusmahdollisuuksien varmistaminen ja heid\u00e4n kuuntelemisensa uusien ratkaisujen suunnittelun alkumetreilt\u00e4 asti. Kunta on asukkaitaan varten.<\/li>\n<\/ul>\n\n\n\n<p><strong>Nykyaikainen kaavoitus ja rakentaminen<\/strong><strong><\/strong><\/p>\n\n\n\n<ul class=\"wp-block-list\">\n<li>T\u00e4ydennysrakentamista uusien alueiden kaavoituksen sijaan. T\u00e4ydennysrakentaminen on suunniteltava yhdess\u00e4 asukkaiden kanssa eik\u00e4 viher- ja ulkoilualueita tai merkitt\u00e4vi\u00e4 luontoyhteyksi\u00e4 saa uhrata (esim. L\u00e4nsialueen rantaraitin alueen mets\u00e4t, Tyysterniemen k\u00e4rki), kaupungista l\u00f6ytyy kyll\u00e4 riitt\u00e4v\u00e4sti v\u00e4hemm\u00e4nkin merkityksellisi\u00e4 paikkoja t\u00e4ydennysrakentamiseen.<\/li>\n\n\n\n<li>Ei rantarakentamiselle kaupunkialueella, rannat s\u00e4\u00e4stett\u00e4v\u00e4 yleiseen virkistysk\u00e4ytt\u00f6\u00f6n!<\/li>\n\n\n\n<li>Asukkaiden vaikutusmahdollisuuksia kaavoituksessa ja julkisten tilojen rakennushankkeissa lis\u00e4tt\u00e4v\u00e4 jo suunnitelmien ensi metreilt\u00e4.<\/li>\n<\/ul>\n\n\n\n<p><strong>Joukkoliikenteen, k\u00e4velyn ja py\u00f6r\u00e4liikenteen edist\u00e4minen<\/strong><\/p>\n\n\n\n<ul class=\"wp-block-list\">\n<li>Toimiva joukkoliikenne sek\u00e4 hyv\u00e4t k\u00e4vely- ja py\u00f6r\u00e4liikennev\u00e4yl\u00e4t helpottavat liikkumista ja ruuhkia sek\u00e4 toimivat ihmisten kunnon parantajina.<\/li>\n\n\n\n<li>On my\u00f6s terveyden edist\u00e4mist\u00e4 panostaa hyviin kevyen liikenteen v\u00e4yliin, ulkoilureitteihin ja virkistysalueisiin.<\/li>\n<\/ul>\n\n\n\n<p><strong>Luonnon arvostaminen<\/strong><\/p>\n\n\n\n<ul class=\"wp-block-list\">\n<li>Varsinkin kaupunkilaisille l\u00e4himetsill\u00e4 ja niiden laadulla on suuri merkitys \u2013 niit\u00e4 kun ei ole paljon! Puistoalueiden ja puistomaisten metsien lis\u00e4ksi my\u00f6s autottomien kaupunkilaisten ulottuvilla on s\u00e4ilytett\u00e4v\u00e4 aitoa mets\u00e4\u00e4. L\u00e4himetsien t\u00e4ytyy olla monimuotoisia ja mahdollisimman luonnontilaisia, parhaimmillaan mets\u00e4t tarjoavat suurta virkistyst\u00e4 ja l\u00f6yt\u00f6retki\u00e4. Lis\u00e4ksi monimuotoisilla metsill\u00e4 on merkityst\u00e4 esimerkiksi allergioiden ja monien tulehduksellisten sairauksien v\u00e4hent\u00e4misess\u00e4.<\/li>\n\n\n\n<li>Saimaan ja muiden kaupungin alueen j\u00e4rvien vedenlaatu on saatava kuntoon. P\u00e4\u00e4st\u00f6l\u00e4hteet on tukittava ja kunnostustoimia jatkettava. On kuitenkin muistettava, ett\u00e4 j\u00e4rvien kuntoon saaminen on pitk\u00e4 ja hidas prosessi, hokkuspokkustemppuja ei ole.<\/li>\n<\/ul>\n\n\n\n<p><strong>Vastuullista hankintaa kunnissa<\/strong><\/p>\n\n\n\n<ul class=\"wp-block-list\">\n<li>Kaupunkien suurilla ostoksilla my\u00f6s tuotteiden kehityst\u00e4 ohjaava suunta. Kest\u00e4v\u00e4 ja ymp\u00e4rist\u00f6yst\u00e4v\u00e4llinen hankintapolitiikka on useimmiten my\u00f6s&nbsp;taloudellisesti j\u00e4rkev\u00e4\u00e4. Esimerkiksi erilaisilla tietotekniikka-ratkaisuilla (tietokoneet ja k\u00e4ytt\u00f6j\u00e4rjestelm\u00e4t) voidaan s\u00e4\u00e4st\u00e4\u00e4 rahaa ja energiaa ja ilmastoyst\u00e4v\u00e4llist\u00e4 ja kasvispainotteista l\u00e4hiruokaa ostamalla voidaan tukea paikallista maaseutua ja sen elinvoimaisuutta. <\/li>\n\n\n\n<li>Lentoliikennett\u00e4 ei voi tukea hinnalla mill\u00e4 hyv\u00e4ns\u00e4. Jos sille ei ole riitt\u00e4v\u00e4sti kysynt\u00e4\u00e4 tai lentoreittej\u00e4 ei tarjota ilman suuria tukia, on se turhaa.<\/li>\n<\/ul>\n\n\n\n<p><strong>Ty\u00f6paikkojen ja niiden monimuotoisuuden lis\u00e4\u00e4minen<\/strong><\/p>\n\n\n\n<ul class=\"wp-block-list\">\n<li>Pienyrityksille tiloja ja kannustusta lis\u00e4\u00e4. Kaupungissa olevan yliopiston opiskelijat pit\u00e4isi saada j\u00e4\u00e4m\u00e4\u00e4n kaupunkiin. Paikalliset yritykset luovat paikallisia ty\u00f6paikkoja.<\/li>\n\n\n\n<li>Muualle teht\u00e4vien et\u00e4t\u00f6iden tekij\u00f6iden houkuttelu asukkaiksi hyvill\u00e4 ja kattavilla nettiyhteyksill\u00e4, hyvill\u00e4 julkisen liikenteen yhteyksill\u00e4 ja el\u00e4v\u00e4ll\u00e4 kaupungilla.<\/li>\n\n\n\n<li>My\u00f6s kulttuurielinkeinoja on tuettava \u2013 nimenomaan paikallisia tekij\u00f6it\u00e4, joita on opastettava yritys- tai osuuskuntamuotoiseen toimintaan, sek\u00e4 l\u00f6ydett\u00e4v\u00e4 heid\u00e4n toiminnalleen tiloja. Kaupunki jossa on paljon paikallista, itse tehty\u00e4 kulttuuritoimintaa, on el\u00e4v\u00e4, mukava ja mielenkiintoinen, se parantaa asukkaiden hyvinvointia. Kaupungin pit\u00e4\u00e4 omissa strategioissaan n\u00e4hd\u00e4 kulttuuri- ja tapahtumatoiminta my\u00f6s ty\u00f6llist\u00e4v\u00e4n\u00e4 elinkeinona, jota pit\u00e4\u00e4 aktiivisesti edist\u00e4\u00e4.<\/li>\n\n\n\n<li>Asukkaiden ehdoilla kehittyv\u00e4 kaupunki on aito ja mukava, mielenkiintoinen my\u00f6s turistien n\u00e4k\u00f6kulmasta. Suurten hotelli- ja kylpyl\u00e4hankkeiden lis\u00e4ksi on tuettava ja neuvottava uusien, pienempimuotoisten matkailupalveluyritt\u00e4jien toimintaa. Omaleimaisuus on valttia matkailubisneksess\u00e4, ja sit\u00e4 syntyy vain ihmisist\u00e4 itsest\u00e4\u00e4n.<\/li>\n<\/ul>\n\n\n\n<p><strong>Terveyden edist\u00e4mine<\/strong>n<\/p>\n\n\n\n<ul class=\"wp-block-list\">\n<li>Kunnan pit\u00e4\u00e4 toimillaan mahdollistaa terveellinen el\u00e4m\u00e4: kaikille taattava hyv\u00e4t ja turvalliset liikkumismahdollisuudet, monimuotoinen luonto, puhdas vesi ja raikas ilma!<\/li>\n<\/ul>\n","protected":false},"excerpt":{"rendered":"<p>Olen ehdolla kaupunginvaltuustoon valtuustokaudelle 2025-2029. Olen toiminut nelj\u00e4 valtuustokautta valtuutettuna, ja yli 20 vuotta erilaisissa kunnallisissa luottamusteht\u00e4v\u00e4ss\u00e4. Pohdin ehdokkuuttani pitk\u00e4\u00e4n &#8211; onko minulla viel\u00e4 annettavaa ja virtaa teht\u00e4vien hoitoon &#8211; ja kyll\u00e4, haluaisin viel\u00e4 olla tekem\u00e4ss\u00e4 t\u00f6it\u00e4 yhteisten asioiden eteen. Olen oikeastaan vain sisuuntunut nykyisen maailmantilanteen tuomien haasteiden my\u00f6t\u00e4. El\u00e4mme poikkeuksellisen ep\u00e4varmassa maailmassa, jossa my\u00f6s [&hellip;]<\/p>\n","protected":false},"author":600,"featured_media":0,"parent":0,"menu_order":0,"comment_status":"closed","ping_status":"closed","template":"","meta":{"_et_pb_use_builder":"off","_et_pb_old_content":"<!-- wp:paragraph -->\n<p>Olen ehdolla kaupunginvaltuustoon valtuustokaudelle 2025-2029. Olen toiminut nelj\u00e4 valtuustokautta valtuutettuna, ja yli 20 vuotta erilaisissa kunnallisissa luottamusteht\u00e4v\u00e4ss\u00e4. Pohdin ehdokkuuttani pitk\u00e4\u00e4n - onko minulla viel\u00e4 annettavaa ja virtaa teht\u00e4vien hoitoon - ja kyll\u00e4, haluaisin viel\u00e4 olla tekem\u00e4ss\u00e4 t\u00f6it\u00e4 yhteisten asioiden eteen. Olen oikeastaan vain sisuuntunut nykyisen maailmantilanteen tuomien haasteiden my\u00f6t\u00e4.<\/p>\n<!-- \/wp:paragraph -->\n\n<!-- wp:paragraph -->\n<p>El\u00e4mme poikkeuksellisen ep\u00e4varmassa maailmassa, jossa my\u00f6s paikalliset ongelmat heijastelevat globaaleja haasteita \u2014 Ukrainan sota, arvaamattomat maailman maiden johtajat, ilmastonmuutos, luontokato \u2014 eik\u00e4 mustavalkoisia tai helppoja ratkaisuja usein ole. El\u00e4mme toisaalta my\u00f6s aikaa, jolloin ratkaisujen teon tueksi on tarjolla paljon tutkittua tietoa - kunhan sit\u00e4 vain k\u00e4ytet\u00e4\u00e4n. Jatkuvuus, ennakoitavuus, luotettavuus ja avoimuus ovat arvoja, jotka ovat hyvinvointiyhteiskunnan ja identiteettimme pohjalla. Niiden varaan on hyv\u00e4 rakentaa kaikille meille hyv\u00e4\u00e4 paikkaa el\u00e4\u00e4.<br><\/p>\n<!-- \/wp:paragraph -->\n\n<!-- wp:paragraph -->\n<p> Kuntapolitiikkaan liittyvi\u00e4 ajatuksia ja arvojani<\/p>\n<!-- \/wp:paragraph -->\n\n<!-- wp:paragraph -->\n<p><br><strong>Ihmisten arjen tukeminen<\/strong><\/p>\n<!-- \/wp:paragraph -->\n\n<!-- wp:list -->\n<ul class=\"wp-block-list\"><!-- wp:list-item -->\n<li>Hyv\u00e4 elinymp\u00e4rist\u00f6 helpottaa ihmisten arkea. Liikkumiseen ja asioimismatkoihin ei mene kohtuuttomasti aikaa. Hyv\u00e4 elinymp\u00e4rist\u00f6 on my\u00f6s esteet\u00f6n!<\/li>\n<!-- \/wp:list-item -->\n\n<!-- wp:list-item -->\n<li>Koulujen ja p\u00e4iv\u00e4kotien on oltava kohtuullisen matkan p\u00e4\u00e4ss\u00e4 lasten kotoa. Kolme kilometri\u00e4 on pitk\u00e4 koulumatka ekaluokkalaiselle<\/li>\n<!-- \/wp:list-item -->\n\n<!-- wp:list-item -->\n<li>Varhaiskasvatuksen pit\u00e4\u00e4 olla laadukasta, ja se onnistuu vain riitt\u00e4v\u00e4n pienill\u00e4 ryhm\u00e4koilla. Ryhmien mitoituksessa on huomioitava erityist\u00e4 tukea tarvitsevien lasten tarpeet, ja jatkoa varten on luotava hyv\u00e4t ja sitovat mittarit hoidon ja varhaiskasvatuksen laadun tason seuraamiseksi. Jos riitt\u00e4v\u00e4\u00e4n laatuun ei p\u00e4\u00e4st\u00e4, on toimiala velvollinen kertomaan siit\u00e4 valtuustolle.<\/li>\n<!-- \/wp:list-item -->\n\n<!-- wp:list-item -->\n<li>Opetuksen resurssien pit\u00e4\u00e4 olla riitt\u00e4v\u00e4t ja koulujen luokkakoot pit\u00e4\u00e4 s\u00e4ilytt\u00e4\u00e4 riitt\u00e4v\u00e4n pienin\u00e4.<\/li>\n<!-- \/wp:list-item -->\n\n<!-- wp:list-item -->\n<li>Kaikkien kaupungin rakennusten on oltava k\u00e4ytt\u00e4jilleen turvallisia, sis\u00e4ilmaongelmista on p\u00e4\u00e4st\u00e4v\u00e4 eroon.<\/li>\n<!-- \/wp:list-item -->\n\n<!-- wp:list-item -->\n<li>Nuorille harrastuspaikkoja ja -toimintaa. Liikunta ja kulttuuri kaikkien lasten ja nuorten tavoitettaviksi esim. kerhotoiminnan avulla.<\/li>\n<!-- \/wp:list-item -->\n\n<!-- wp:list-item -->\n<li>I\u00e4kk\u00e4\u00e4mmille ihmisille ennaltaehk\u00e4isev\u00e4\u00e4 liikuntatoimintaa ja -paikkoja. Omaishoitajien liikuntamahdollisuuksien erityinen tukeminen.<\/li>\n<!-- \/wp:list-item -->\n\n<!-- wp:list-item -->\n<li>Vammaisille yhdenvertaiset mahdollisuudet osallistua tavalliseen arkeen, esteett\u00f6myys!<\/li>\n<!-- \/wp:list-item -->\n\n<!-- wp:list-item -->\n<li>Maahanmuuttajat koulutuksen ja ty\u00f6llist\u00e4misen kautta osaksi yhteiskuntaa.<\/li>\n<!-- \/wp:list-item -->\n\n<!-- wp:list-item -->\n<li>Asukastoiminnan tukeminen, yksin\u00e4isille mahdollisuuksia muiden tapaamiseen.<\/li>\n<!-- \/wp:list-item -->\n\n<!-- wp:list-item -->\n<li>Ty\u00f6llist\u00e4misratkaisuja pitk\u00e4aikaisty\u00f6tt\u00f6mille yhdess\u00e4 kolmannen sektorin kanssa.<\/li>\n<!-- \/wp:list-item -->\n\n<!-- wp:list-item -->\n<li>L\u00e4hidemokratian tukeminen: asukkaiden vaikutusmahdollisuuksien varmistaminen ja heid\u00e4n kuuntelemisensa uusien ratkaisujen suunnittelun alkumetreilt\u00e4 asti. Kunta on asukkaitaan varten.<\/li>\n<!-- \/wp:list-item --><\/ul>\n<!-- \/wp:list -->\n\n<!-- wp:paragraph -->\n<p><strong>Nykyaikainen kaavoitus ja rakentaminen<\/strong><strong><\/strong><\/p>\n<!-- \/wp:paragraph -->\n\n<!-- wp:list -->\n<ul class=\"wp-block-list\"><!-- wp:list-item -->\n<li>T\u00e4ydennysrakentamista uusien alueiden kaavoituksen sijaan. T\u00e4ydennysrakentaminen on suunniteltava yhdess\u00e4 asukkaiden kanssa eik\u00e4 viher- ja ulkoilualueita tai merkitt\u00e4vi\u00e4 luontoyhteyksi\u00e4 saa uhrata (esim. L\u00e4nsialueen rantaraitin alueen mets\u00e4t, Tyysterniemen k\u00e4rki), kaupungista l\u00f6ytyy kyll\u00e4 riitt\u00e4v\u00e4sti v\u00e4hemm\u00e4nkin merkityksellisi\u00e4 paikkoja t\u00e4ydennysrakentamiseen.<\/li>\n<!-- \/wp:list-item -->\n\n<!-- wp:list-item -->\n<li>Ei rantarakentamiselle kaupunkialueella, rannat s\u00e4\u00e4stett\u00e4v\u00e4 yleiseen virkistysk\u00e4ytt\u00f6\u00f6n!<\/li>\n<!-- \/wp:list-item -->\n\n<!-- wp:list-item -->\n<li>Asukkaiden vaikutusmahdollisuuksia kaavoituksessa ja julkisten tilojen rakennushankkeissa lis\u00e4tt\u00e4v\u00e4 jo suunnitelmien ensi metreilt\u00e4.<\/li>\n<!-- \/wp:list-item --><\/ul>\n<!-- \/wp:list -->\n\n<!-- wp:paragraph -->\n<p><strong>Joukkoliikenteen, k\u00e4velyn ja py\u00f6r\u00e4liikenteen edist\u00e4minen<\/strong><\/p>\n<!-- \/wp:paragraph -->\n\n<!-- wp:list -->\n<ul class=\"wp-block-list\"><!-- wp:list-item -->\n<li>Toimiva joukkoliikenne sek\u00e4 hyv\u00e4t k\u00e4vely- ja py\u00f6r\u00e4liikennev\u00e4yl\u00e4t helpottavat liikkumista ja ruuhkia sek\u00e4 toimivat ihmisten kunnon parantajina.<\/li>\n<!-- \/wp:list-item -->\n\n<!-- wp:list-item -->\n<li>On my\u00f6s terveyden edist\u00e4mist\u00e4 panostaa hyviin kevyen liikenteen v\u00e4yliin, ulkoilureitteihin ja virkistysalueisiin.<\/li>\n<!-- \/wp:list-item --><\/ul>\n<!-- \/wp:list -->\n\n<!-- wp:paragraph -->\n<p><strong>Luonnon arvostaminen<\/strong><\/p>\n<!-- \/wp:paragraph -->\n\n<!-- wp:list -->\n<ul class=\"wp-block-list\"><!-- wp:list-item -->\n<li>Varsinkin kaupunkilaisille l\u00e4himetsill\u00e4 ja niiden laadulla on suuri merkitys \u2013 niit\u00e4 kun ei ole paljon! Puistoalueiden ja puistomaisten metsien lis\u00e4ksi my\u00f6s autottomien kaupunkilaisten ulottuvilla on s\u00e4ilytett\u00e4v\u00e4 aitoa mets\u00e4\u00e4. L\u00e4himetsien t\u00e4ytyy olla monimuotoisia ja mahdollisimman luonnontilaisia, parhaimmillaan mets\u00e4t tarjoavat suurta virkistyst\u00e4 ja l\u00f6yt\u00f6retki\u00e4. Lis\u00e4ksi monimuotoisilla metsill\u00e4 on merkityst\u00e4 esimerkiksi allergioiden ja monien tulehduksellisten sairauksien v\u00e4hent\u00e4misess\u00e4.<\/li>\n<!-- \/wp:list-item -->\n\n<!-- wp:list-item -->\n<li>Saimaan ja muiden kaupungin alueen j\u00e4rvien vedenlaatu on saatava kuntoon. P\u00e4\u00e4st\u00f6l\u00e4hteet on tukittava ja kunnostustoimia jatkettava. On kuitenkin muistettava, ett\u00e4 j\u00e4rvien kuntoon saaminen on pitk\u00e4 ja hidas prosessi, hokkuspokkustemppuja ei ole.<\/li>\n<!-- \/wp:list-item --><\/ul>\n<!-- \/wp:list -->\n\n<!-- wp:paragraph -->\n<p><strong>Vastuullista hankintaa kunnissa<\/strong><\/p>\n<!-- \/wp:paragraph -->\n\n<!-- wp:list -->\n<ul class=\"wp-block-list\"><!-- wp:list-item -->\n<li>Kaupunkien suurilla ostoksilla my\u00f6s tuotteiden kehityst\u00e4 ohjaava suunta. Kest\u00e4v\u00e4 ja ymp\u00e4rist\u00f6yst\u00e4v\u00e4llinen hankintapolitiikka on useimmiten my\u00f6s&nbsp;taloudellisesti j\u00e4rkev\u00e4\u00e4. Esimerkiksi erilaisilla tietotekniikka-ratkaisuilla (tietokoneet ja k\u00e4ytt\u00f6j\u00e4rjestelm\u00e4t) voidaan s\u00e4\u00e4st\u00e4\u00e4 rahaa ja energiaa ja ilmastoyst\u00e4v\u00e4llist\u00e4 ja kasvispainotteista l\u00e4hiruokaa ostamalla voidaan tukea paikallista maaseutua ja sen elinvoimaisuutta. <\/li>\n<!-- \/wp:list-item -->\n\n<!-- wp:list-item -->\n<li>Lentoliikennett\u00e4 ei voi tukea hinnalla mill\u00e4 hyv\u00e4ns\u00e4. Jos sille ei ole riitt\u00e4v\u00e4sti kysynt\u00e4\u00e4 tai lentoreittej\u00e4 ei tarjota ilman suuria tukia, on se turhaa.<\/li>\n<!-- \/wp:list-item --><\/ul>\n<!-- \/wp:list -->\n\n<!-- wp:paragraph -->\n<p><strong>Ty\u00f6paikkojen ja niiden monimuotoisuuden lis\u00e4\u00e4minen<\/strong><\/p>\n<!-- \/wp:paragraph -->\n\n<!-- wp:list -->\n<ul class=\"wp-block-list\"><!-- wp:list-item -->\n<li>Pienyrityksille tiloja ja kannustusta lis\u00e4\u00e4. Kaupungissa olevan yliopiston opiskelijat pit\u00e4isi saada j\u00e4\u00e4m\u00e4\u00e4n kaupunkiin. Paikalliset yritykset luovat paikallisia ty\u00f6paikkoja.<\/li>\n<!-- \/wp:list-item -->\n\n<!-- wp:list-item -->\n<li>Muualle teht\u00e4vien et\u00e4t\u00f6iden tekij\u00f6iden houkuttelu asukkaiksi hyvill\u00e4 ja kattavilla nettiyhteyksill\u00e4, hyvill\u00e4 julkisen liikenteen yhteyksill\u00e4 ja el\u00e4v\u00e4ll\u00e4 kaupungilla.<\/li>\n<!-- \/wp:list-item -->\n\n<!-- wp:list-item -->\n<li>My\u00f6s kulttuurielinkeinoja on tuettava \u2013 nimenomaan paikallisia tekij\u00f6it\u00e4, joita on opastettava yritys- tai osuuskuntamuotoiseen toimintaan, sek\u00e4 l\u00f6ydett\u00e4v\u00e4 heid\u00e4n toiminnalleen tiloja. Kaupunki jossa on paljon paikallista, itse tehty\u00e4 kulttuuritoimintaa, on el\u00e4v\u00e4, mukava ja mielenkiintoinen, se parantaa asukkaiden hyvinvointia. Kaupungin pit\u00e4\u00e4 omissa strategioissaan n\u00e4hd\u00e4 kulttuuri- ja tapahtumatoiminta my\u00f6s ty\u00f6llist\u00e4v\u00e4n\u00e4 elinkeinona, jota pit\u00e4\u00e4 aktiivisesti edist\u00e4\u00e4.<\/li>\n<!-- \/wp:list-item -->\n\n<!-- wp:list-item -->\n<li>Asukkaiden ehdoilla kehittyv\u00e4 kaupunki on aito ja mukava, mielenkiintoinen my\u00f6s turistien n\u00e4k\u00f6kulmasta. Suurten hotelli- ja kylpyl\u00e4hankkeiden lis\u00e4ksi on tuettava ja neuvottava uusien, pienempimuotoisten matkailupalveluyritt\u00e4jien toimintaa. Omaleimaisuus on valttia matkailubisneksess\u00e4, ja sit\u00e4 syntyy vain ihmisist\u00e4 itsest\u00e4\u00e4n.<\/li>\n<!-- \/wp:list-item --><\/ul>\n<!-- \/wp:list -->\n\n<!-- wp:paragraph -->\n<p><strong>Terveyden edist\u00e4mine<\/strong>n<\/p>\n<!-- \/wp:paragraph -->\n\n<!-- wp:list -->\n<ul class=\"wp-block-list\"><!-- wp:list-item -->\n<li>Kunnan pit\u00e4\u00e4 toimillaan mahdollistaa terveellinen el\u00e4m\u00e4: kaikille taattava hyv\u00e4t ja turvalliset liikkumismahdollisuudet, monimuotoinen luonto, puhdas vesi ja raikas ilma!<\/li>\n<!-- \/wp:list-item --><\/ul>\n<!-- \/wp:list -->","_et_gb_content_width":"","footnotes":""},"class_list":["post-567","page","type-page","status-publish","hentry"],"_links":{"self":[{"href":"https:\/\/henkilot.vihreat.fi\/virpi.junttila\/wp-json\/wp\/v2\/pages\/567","targetHints":{"allow":["GET"]}}],"collection":[{"href":"https:\/\/henkilot.vihreat.fi\/virpi.junttila\/wp-json\/wp\/v2\/pages"}],"about":[{"href":"https:\/\/henkilot.vihreat.fi\/virpi.junttila\/wp-json\/wp\/v2\/types\/page"}],"author":[{"embeddable":true,"href":"https:\/\/henkilot.vihreat.fi\/virpi.junttila\/wp-json\/wp\/v2\/users\/600"}],"replies":[{"embeddable":true,"href":"https:\/\/henkilot.vihreat.fi\/virpi.junttila\/wp-json\/wp\/v2\/comments?post=567"}],"version-history":[{"count":10,"href":"https:\/\/henkilot.vihreat.fi\/virpi.junttila\/wp-json\/wp\/v2\/pages\/567\/revisions"}],"predecessor-version":[{"id":628,"href":"https:\/\/henkilot.vihreat.fi\/virpi.junttila\/wp-json\/wp\/v2\/pages\/567\/revisions\/628"}],"wp:attachment":[{"href":"https:\/\/henkilot.vihreat.fi\/virpi.junttila\/wp-json\/wp\/v2\/media?parent=567"}],"curies":[{"name":"wp","href":"https:\/\/api.w.org\/{rel}","templated":true}]}}