{"id":40,"date":"2026-02-24T14:21:37","date_gmt":"2026-02-24T12:21:37","guid":{"rendered":"http:\/\/www.vihreatehdokkaat.fi\/virpi.junttila\/?page_id=40"},"modified":"2026-02-24T17:39:12","modified_gmt":"2026-02-24T15:39:12","slug":"tekin-vaalit-2026","status":"publish","type":"page","link":"https:\/\/henkilot.vihreat.fi\/virpi.junttila\/tekin-vaalit-2026\/","title":{"rendered":"TEKin vaalit 2026"},"content":{"rendered":"<p>Minulle TEKin vaaleissa t\u00e4rkeimpia teemoja on ty\u00f6el\u00e4m\u00e4n\u00a0 laadun parantaminen. Siihen liittyy vahvasti tasapaino ty\u00f6n ja vapaa-ajan v\u00e4lill\u00e4. J\u00e4rkev\u00e4 ty\u00f6m\u00e4\u00e4r\u00e4 ja mahdollisuus muuhunkin el\u00e4m\u00e4\u00e4n lis\u00e4\u00e4 ihmisten hyvinvointia ja auttaa samalla jaksamaan paremmin t\u00f6iss\u00e4. Lis\u00e4ksi perheellisille, omaishoitajille ja sairaslomalta palaaville puolikuntoisille t\u00e4ytyy olla mahdollisuus tehd\u00e4 ty\u00f6t\u00e4 kevyemmin (joko ajallisesti tai laadullisesti) kun siihen on tarvetta &#8211; el\u00e4m\u00e4ntilanteet vaihtelevat eiv\u00e4tk\u00e4 ihmiset toimi koneen lailla. Et\u00e4ty\u00f6n ja l\u00e4sn\u00e4ty\u00f6n vaatimusten ei pid\u00e4 tulla kaavamaisesti ty\u00f6nantajalta, vaan on t\u00e4rke\u00e4\u00e4 sovittaa ne tilanteen, ty\u00f6n sis\u00e4ll\u00f6n ja yksil\u00f6iden mukaan.<\/p>\n<p>Koulutuksessa on panostettava laatuun, ei m\u00e4\u00e4r\u00e4\u00e4n. Tutkintojen t\u00e4ytyy s\u00e4ily\u00e4 maksuttomina, ja korkeakoulutuksen t\u00e4ytyy voida panostaa my\u00f6s perusopetukseen laadukkaasti. My\u00f6s ammatin vaihtamisen tai lis\u00e4kouluttautumisen aikuisena on oltava mahdollista kaikille &#8211; el\u00e4m\u00e4ntilanteet ja ty\u00f6el\u00e4m\u00e4n tarpeet voivat muuttua nopeastikin. Yliopistojen rahoitus on t\u00e4lt\u00e4 osin tultava valtiolta, ja opiskelijoiden lukum\u00e4\u00e4r\u00e4\/opettaja on saatava j\u00e4rkev\u00e4lle tasolle.<\/p>\n<p>Nykyajan ty\u00f6el\u00e4m\u00e4 ei en\u00e4\u00e4 ole niin vakaata kuin vuosikymmeni\u00e4 sitten. P\u00e4tk\u00e4ty\u00f6t ovat lis\u00e4\u00e4ntyneet, ja niiden ehdot voivat olla ajoittain ty\u00f6ntekij\u00e4lle hyvinkin ep\u00e4edullisia, eik\u00e4 esim. lomia p\u00e4\u00e4se kertym\u00e4\u00e4n.\u00a0TEKin t\u00e4rke\u00e4 teht\u00e4v\u00e4 on pit\u00e4\u00e4 p\u00e4tk\u00e4ty\u00f6l\u00e4isten puolta, ja valvoa ett\u00e4 kohtuuttomia m\u00e4\u00e4r\u00e4aikaisuuksien ketjuttamisia ei en\u00e4\u00e4 syntyisi.<\/p>\n<p>TEKin on pidett\u00e4v\u00e4 huolta koulutuksen tasosta ja resursseista hyv\u00e4n opetuksen toteuttamiseen. Ty\u00f6ehtojen paikallisia sopimisia tulee valvoa tarkasti, pienen\u00e4 tekij\u00e4n\u00e4 ty\u00f6ntekij\u00e4 saattaa olla heikommassa neuvotteluasemassa kuin valtakunnan tason sopimuksissa &#8211; ty\u00f6ntekij\u00f6iden etuja ei saa paikallisestikaan polkea.<\/p>\n","protected":false},"excerpt":{"rendered":"<p>Minulle TEKin vaaleissa t\u00e4rkeimpia teemoja on ty\u00f6el\u00e4m\u00e4n\u00a0 laadun parantaminen. Siihen liittyy vahvasti tasapaino ty\u00f6n ja vapaa-ajan v\u00e4lill\u00e4. J\u00e4rkev\u00e4 ty\u00f6m\u00e4\u00e4r\u00e4 ja mahdollisuus muuhunkin el\u00e4m\u00e4\u00e4n lis\u00e4\u00e4 ihmisten hyvinvointia ja auttaa samalla jaksamaan paremmin t\u00f6iss\u00e4. Lis\u00e4ksi perheellisille, omaishoitajille ja sairaslomalta palaaville puolikuntoisille t\u00e4ytyy olla mahdollisuus tehd\u00e4 ty\u00f6t\u00e4 kevyemmin (joko ajallisesti tai laadullisesti) kun siihen on tarvetta &#8211; el\u00e4m\u00e4ntilanteet [&hellip;]<\/p>\n","protected":false},"author":600,"featured_media":0,"parent":0,"menu_order":0,"comment_status":"closed","ping_status":"closed","template":"","meta":{"_et_pb_use_builder":"","_et_pb_old_content":"","_et_gb_content_width":"","footnotes":""},"class_list":["post-40","page","type-page","status-publish","hentry"],"_links":{"self":[{"href":"https:\/\/henkilot.vihreat.fi\/virpi.junttila\/wp-json\/wp\/v2\/pages\/40","targetHints":{"allow":["GET"]}}],"collection":[{"href":"https:\/\/henkilot.vihreat.fi\/virpi.junttila\/wp-json\/wp\/v2\/pages"}],"about":[{"href":"https:\/\/henkilot.vihreat.fi\/virpi.junttila\/wp-json\/wp\/v2\/types\/page"}],"author":[{"embeddable":true,"href":"https:\/\/henkilot.vihreat.fi\/virpi.junttila\/wp-json\/wp\/v2\/users\/600"}],"replies":[{"embeddable":true,"href":"https:\/\/henkilot.vihreat.fi\/virpi.junttila\/wp-json\/wp\/v2\/comments?post=40"}],"version-history":[{"count":3,"href":"https:\/\/henkilot.vihreat.fi\/virpi.junttila\/wp-json\/wp\/v2\/pages\/40\/revisions"}],"predecessor-version":[{"id":672,"href":"https:\/\/henkilot.vihreat.fi\/virpi.junttila\/wp-json\/wp\/v2\/pages\/40\/revisions\/672"}],"wp:attachment":[{"href":"https:\/\/henkilot.vihreat.fi\/virpi.junttila\/wp-json\/wp\/v2\/media?parent=40"}],"curies":[{"name":"wp","href":"https:\/\/api.w.org\/{rel}","templated":true}]}}