{"id":22,"date":"2008-06-17T08:35:05","date_gmt":"2008-06-17T08:35:05","guid":{"rendered":"http:\/\/www.vihreatehdokkaat.fi\/virpi.junttila\/?page_id=7"},"modified":"2025-03-10T00:08:32","modified_gmt":"2025-03-09T22:08:32","slug":"koulutus","status":"publish","type":"page","link":"https:\/\/henkilot.vihreat.fi\/virpi.junttila\/tervetuloa\/tietoja-2\/koulutus\/","title":{"rendered":"Koulutus ja ty\u00f6"},"content":{"rendered":"<p>Ty\u00f6skentelen Suomen ymp\u00e4rist\u00f6keskuksen Luontoratkaisut-yksik\u00f6ss\u00e4 erikoistutkijana ekosysteemimallinnuksen parissa. Erilaiset matemaattiset mallinnukset ja ep\u00e4varmuusarviot ovat erikoisalaani.<\/p>\n<p>Olen aiemmin urallani ty\u00f6skennellyt LUT:issa laskennallisen tekniikan osastolla opetuksen ja tutkimuksen parissa ja LUMA-keskus Saimaan johtajana, Michigan State Universityss\u00e4 USA:ssa mets\u00e4tieteiden osastolla sek\u00e4 Teknillisess\u00e4 korkeakoulussa laskennallisen tekniikan sek\u00e4 systeemianalyysin laitoksilla. Opiskeluaikaan tein kes\u00e4t\u00f6it\u00e4 paperitehtaalla \u00a0ja viheralueiden kunnossapidossa.<\/p>\n<p>Koulutukseni:<\/p>\n<ul>\n<li>v. 2011 Tekniikan tohtori, Lappeenrannan teknillinen yliopisto, sovellettu matematiikka<\/li>\n<li>v. 2003 Tekniikan lisensiaatti, Teknillinen korkeakoulu, S\u00e4hk\u00f6- ja automaatiotekniikan koulutusohjelma, Laskennallinen tekniikka<\/li>\n<li>v. 1999 Diplomi-insin\u00f6\u00f6ri, Teknillinen korkeakoulu, Teknillisen fysiikan ja matematiikan koulutusohjelma, p\u00e4\u00e4aineena Sovellettu matematiikka\/systeemianalyysi<\/li>\n<li>v. 1994 Ylioppilas Joensuun Yhteiskoulun lukio<\/li>\n<\/ul>\n","protected":false},"excerpt":{"rendered":"<p>Ty\u00f6skentelen Suomen ymp\u00e4rist\u00f6keskuksen Luontoratkaisut-yksik\u00f6ss\u00e4 erikoistutkijana ekosysteemimallinnuksen parissa. Erilaiset matemaattiset mallinnukset ja ep\u00e4varmuusarviot ovat erikoisalaani. Olen aiemmin urallani ty\u00f6skennellyt LUT:issa laskennallisen tekniikan osastolla opetuksen ja tutkimuksen parissa ja LUMA-keskus Saimaan johtajana, Michigan State Universityss\u00e4 USA:ssa mets\u00e4tieteiden osastolla sek\u00e4 Teknillisess\u00e4 korkeakoulussa laskennallisen tekniikan sek\u00e4 systeemianalyysin laitoksilla. Opiskeluaikaan tein kes\u00e4t\u00f6it\u00e4 paperitehtaalla \u00a0ja viheralueiden kunnossapidossa. Koulutukseni: v. 2011 Tekniikan [&hellip;]<\/p>\n","protected":false},"author":600,"featured_media":0,"parent":19,"menu_order":1,"comment_status":"closed","ping_status":"closed","template":"","meta":{"_et_pb_use_builder":"","_et_pb_old_content":"","_et_gb_content_width":"","footnotes":""},"class_list":["post-22","page","type-page","status-publish","hentry"],"_links":{"self":[{"href":"https:\/\/henkilot.vihreat.fi\/virpi.junttila\/wp-json\/wp\/v2\/pages\/22","targetHints":{"allow":["GET"]}}],"collection":[{"href":"https:\/\/henkilot.vihreat.fi\/virpi.junttila\/wp-json\/wp\/v2\/pages"}],"about":[{"href":"https:\/\/henkilot.vihreat.fi\/virpi.junttila\/wp-json\/wp\/v2\/types\/page"}],"author":[{"embeddable":true,"href":"https:\/\/henkilot.vihreat.fi\/virpi.junttila\/wp-json\/wp\/v2\/users\/600"}],"replies":[{"embeddable":true,"href":"https:\/\/henkilot.vihreat.fi\/virpi.junttila\/wp-json\/wp\/v2\/comments?post=22"}],"version-history":[{"count":7,"href":"https:\/\/henkilot.vihreat.fi\/virpi.junttila\/wp-json\/wp\/v2\/pages\/22\/revisions"}],"predecessor-version":[{"id":630,"href":"https:\/\/henkilot.vihreat.fi\/virpi.junttila\/wp-json\/wp\/v2\/pages\/22\/revisions\/630"}],"up":[{"embeddable":true,"href":"https:\/\/henkilot.vihreat.fi\/virpi.junttila\/wp-json\/wp\/v2\/pages\/19"}],"wp:attachment":[{"href":"https:\/\/henkilot.vihreat.fi\/virpi.junttila\/wp-json\/wp\/v2\/media?parent=22"}],"curies":[{"name":"wp","href":"https:\/\/api.w.org\/{rel}","templated":true}]}}