{"id":20,"date":"2008-06-09T12:18:17","date_gmt":"2008-06-09T12:18:17","guid":{"rendered":"http:\/\/www.vihreatehdokkaat.fi\/virpi.junttila\/?page_id=5"},"modified":"2025-07-16T11:37:59","modified_gmt":"2025-07-16T08:37:59","slug":"luottamustoimiani","status":"publish","type":"page","link":"https:\/\/henkilot.vihreat.fi\/virpi.junttila\/tervetuloa\/tietoja-2\/luottamustoimiani\/","title":{"rendered":"Luottamustoimiani"},"content":{"rendered":"<p>Kunnalliset luottamustoimet:<\/p>\n<ul>\n<li>Lappeenrannan kaupunginvaltuuston j\u00e4sen vuodesta 2009<br \/>\nVihreiden valtuustoryhm\u00e4n puheenjohtaja 2013-<\/li>\n<li>Kaupunkikehityslautakunnan j\u00e4sen 6\/2025-<\/li>\n<li>Etel\u00e4-Karjalan maakuntavaltuuston j\u00e4sen 2025-<\/li>\n<\/ul>\n<p>Muita:<\/p>\n<ul>\n<li>Etel\u00e4-Karjalan Estradi ry:n hallituksen j\u00e4sen 2013 &#8211; 2023, puheenjohtaja 2016 &#8211; 2023.<\/li>\n<li>Luontoterveyden osaamiskeskus (ent. Etel\u00e4-Karjalan allergia- ja ymp\u00e4rist\u00f6instituutti), johtoryhm\u00e4n j\u00e4sen 2011-<\/li>\n<\/ul>\n<p>Vanhoja luottamustoimiani:<\/p>\n<ul>\n<li>Etel\u00e4-Karjalan maakuntahallituksen j\u00e4sen 2017-5\/2025.<\/li>\n<li>Maakuntauudistuksen poliittisen ohjausryhm\u00e4n j\u00e4sen 8\/2017-2019<\/li>\n<li>Kaupunkikehityslautakunnan j\u00e4sen 2018-5\/2024<\/li>\n<li>Teknisen lautakunnan j\u00e4sen 2009-2017 (varapuheenjohtaja 2013-2014)<\/li>\n<li>Etel\u00e4-Karjalan osuuspankin edustajisto, j\u00e4sen 2011-2017<\/li>\n<li>Teknisen lautakunnan alaisen Maaseutu- ja yksityistiejaoston j\u00e4sen 2009-2017<\/li>\n<li>Saimaan lentoasemas\u00e4\u00e4ti\u00f6n hallituksen j\u00e4sen 12\/2015-6\/2017<\/li>\n<li>Kaupunginhallituksen varaj\u00e4sen 2009-2012<br \/>\n&#8211; Tulevaisuusjaoston j\u00e4sen 2009-2010, varaj\u00e4sen 2011-2012<br \/>\n&#8211; Hallinto ja henkil\u00f6st\u00f6jaoston j\u00e4sen 2009-2012<\/li>\n<li>Lappeenrannan joukkoliikennepoliittisen ohjelman ohjausryhm\u00e4n j\u00e4sen 2010-2011<\/li>\n<li>Kaupunkiyhti\u00f6t oy:n hallituksen varaj\u00e4sen vuodesta 2009-2011<\/li>\n<li>Lappeenrannan energia Oy:n hallituksen j\u00e4sen v. 2005-2008<\/li>\n<li>Lappeenrannan teknisen lautakunnan varaj\u00e4sen v. 2005-2008<\/li>\n<li>Maakuntauudistuksen poliittisen ohjausryhm\u00e4n j\u00e4sen 8\/2017-2019<\/li>\n<\/ul>\n<p>Lis\u00e4ksi olen ollut mukana Lappeenrannan ilmasto-ohjelman tekemisen liikennety\u00f6ryhm\u00e4ss\u00e4 v. 2008-2009, ja joukkoliikennepoliittisen ohjausryhm\u00e4n j\u00e4sen v. 2011-2012 sek\u00e4 2017-2018.<\/p>\n<p>Vihreiden luottamustoimet:<\/p>\n<ul>\n<li>Lappeenrannan seudun vihreiden puheenjohtaja 2006-2008<\/li>\n<li>Lappeenrannan seudun vihreiden hallituksen j\u00e4sen 2009, 2015-2016 (varapuheenjohtaja 2016)<\/li>\n<li>Kaakkois-Suomen vihreiden taloudenhoitaja 2007-2008<\/li>\n<\/ul>\n<p>Muita:<\/p>\n<ul>\n<li>Tekniikan Akateemiset, TEK, valtuuston varaj\u00e4sen 2011 &#8211; 2017<\/li>\n<li>Lappeenrannan L\u00e4nsialueen Alueraadin j\u00e4sen 2007-2013, puheenjohtaja 2012-2013<\/li>\n<\/ul>\n","protected":false},"excerpt":{"rendered":"<p>Kunnalliset luottamustoimet: Lappeenrannan kaupunginvaltuuston j\u00e4sen vuodesta 2009 Vihreiden valtuustoryhm\u00e4n puheenjohtaja 2013- Kaupunkikehityslautakunnan j\u00e4sen 6\/2025- Etel\u00e4-Karjalan maakuntavaltuuston j\u00e4sen 2025- Muita: Etel\u00e4-Karjalan Estradi ry:n hallituksen j\u00e4sen 2013 &#8211; 2023, puheenjohtaja 2016 &#8211; 2023. Luontoterveyden osaamiskeskus (ent. Etel\u00e4-Karjalan allergia- ja ymp\u00e4rist\u00f6instituutti), johtoryhm\u00e4n j\u00e4sen 2011- Vanhoja luottamustoimiani: Etel\u00e4-Karjalan maakuntahallituksen j\u00e4sen 2017-5\/2025. Maakuntauudistuksen poliittisen ohjausryhm\u00e4n j\u00e4sen 8\/2017-2019 Kaupunkikehityslautakunnan j\u00e4sen 2018-5\/2024 [&hellip;]<\/p>\n","protected":false},"author":600,"featured_media":0,"parent":19,"menu_order":2,"comment_status":"closed","ping_status":"closed","template":"","meta":{"_et_pb_use_builder":"","_et_pb_old_content":"","_et_gb_content_width":"","footnotes":""},"class_list":["post-20","page","type-page","status-publish","hentry"],"_links":{"self":[{"href":"https:\/\/henkilot.vihreat.fi\/virpi.junttila\/wp-json\/wp\/v2\/pages\/20","targetHints":{"allow":["GET"]}}],"collection":[{"href":"https:\/\/henkilot.vihreat.fi\/virpi.junttila\/wp-json\/wp\/v2\/pages"}],"about":[{"href":"https:\/\/henkilot.vihreat.fi\/virpi.junttila\/wp-json\/wp\/v2\/types\/page"}],"author":[{"embeddable":true,"href":"https:\/\/henkilot.vihreat.fi\/virpi.junttila\/wp-json\/wp\/v2\/users\/600"}],"replies":[{"embeddable":true,"href":"https:\/\/henkilot.vihreat.fi\/virpi.junttila\/wp-json\/wp\/v2\/comments?post=20"}],"version-history":[{"count":15,"href":"https:\/\/henkilot.vihreat.fi\/virpi.junttila\/wp-json\/wp\/v2\/pages\/20\/revisions"}],"predecessor-version":[{"id":665,"href":"https:\/\/henkilot.vihreat.fi\/virpi.junttila\/wp-json\/wp\/v2\/pages\/20\/revisions\/665"}],"up":[{"embeddable":true,"href":"https:\/\/henkilot.vihreat.fi\/virpi.junttila\/wp-json\/wp\/v2\/pages\/19"}],"wp:attachment":[{"href":"https:\/\/henkilot.vihreat.fi\/virpi.junttila\/wp-json\/wp\/v2\/media?parent=20"}],"curies":[{"name":"wp","href":"https:\/\/api.w.org\/{rel}","templated":true}]}}