{"id":19,"date":"2008-06-02T13:32:49","date_gmt":"2008-06-02T13:32:49","guid":{"rendered":"https:\/\/henkilot.vihreat.fi\/virpi.junttila\/tietoja-2\/"},"modified":"2025-07-16T11:39:46","modified_gmt":"2025-07-16T08:39:46","slug":"tietoja-2","status":"publish","type":"page","link":"https:\/\/henkilot.vihreat.fi\/virpi.junttila\/tervetuloa\/tietoja-2\/","title":{"rendered":"Kuka min\u00e4 olen?"},"content":{"rendered":"<p><a href=\"https:\/\/henkilot.vihreat.fi\/virpi.junttila\/files\/2021\/05\/52D4FEB2-9F05-4D39-9775-E864634F84E2-scaled.jpeg\"><img loading=\"lazy\" decoding=\"async\" class=\"wp-image-539 size-medium aligncenter\" src=\"https:\/\/henkilot.vihreat.fi\/virpi.junttila\/files\/2021\/05\/52D4FEB2-9F05-4D39-9775-E864634F84E2-225x300.jpeg\" alt=\"\" width=\"225\" height=\"300\" \/><\/a><\/p>\n<p>Olen v.1975 syntynyt lappeenrantalainen tutkija. Ty\u00f6skentelen Suomen ymp\u00e4rist\u00f6keskuksessa (SYKE) erikoistutkijana ekosysteemimallinnuksen parissa, koulutukseltani olen tekniikan tohtori (TkT). Olen syntynyt Simpeleell\u00e4 (Rautj\u00e4rvi) ja p\u00e4\u00e4tynyt Lappeenrantaan eri paikoissa pitkin It\u00e4-Suomea vietetyn lapsuuden ja Espoossa k\u00e4ytyjen opiskelujen j\u00e4lkeen vuonna 2003. Mielelt\u00e4ni it\u00e4suomalaisena viihdyn Lappeenrannassa hyvin, kaupunki on sopivan suuri ja pieni ja luonnonl\u00e4heinen, ja ihmiset mukavia.<\/p>\n<p>Ty\u00f6n ja yhteiskunnallisen vaikuttamisen lis\u00e4ksi t\u00e4rke\u00e4 osa el\u00e4m\u00e4\u00e4ni on koti, perheeni (nuori aikuinen poika) ja lapinkoira. Harrastuksiini kuuluu ulkona liikkumista, luontopihan kanssa puuhailua, huonekasveja, retkeily\u00e4, luonnon valokuvailua, hyvien elokuvien katsomista, musiikin kuuntelua, lukemista, k\u00e4sit\u00f6it\u00e4, huonekasvien hoitoa ym.<\/p>\n<p>Olen jossain m\u00e4\u00e4rin periaatteen ihminen omien valintojeni suhteen, esim. olen ollut kasvissy\u00f6j\u00e4 vuodesta 1998, nyky\u00e4\u00e4n 99% vegaani, en omista autoa ymp\u00e4rist\u00f6syist\u00e4, ostan ruokani mieluiten kotimaisina&amp;luomuna, ja asunnossani k\u00e4ytet\u00e4\u00e4n tuulis\u00e4hk\u00f6\u00e4. Toisaalta olen tyls\u00e4 insin\u00f6\u00f6riaivoinen luonnontieteilij\u00e4, joka ei &#8221;h\u00f6rh\u00f6ile&#8221; kuin asiaperustein.<\/p>\n<p>T\u00e4rke\u00e4 osa el\u00e4m\u00e4nfilosofiaani on kroonisen kiireen v\u00e4ltt\u00e4minen. El\u00e4m\u00e4ss\u00e4 pit\u00e4\u00e4 olla my\u00f6s aikaa olla vain joutilaana, pohdiskella kaikenlaista ja tehd\u00e4 mukavia asioita l\u00e4heistens\u00e4 kanssa. Vihreiden vanha vaalilause &#8221;Enemm\u00e4n aikaa, v\u00e4hemm\u00e4n roinaa&#8221; p\u00e4tee yh\u00e4 hyvin. Tavara kun harvemmin tekee ket\u00e4\u00e4n oikeasti onnelliseksi.<\/p>\n","protected":false},"excerpt":{"rendered":"<p>Olen v.1975 syntynyt lappeenrantalainen tutkija. Ty\u00f6skentelen Suomen ymp\u00e4rist\u00f6keskuksessa (SYKE) erikoistutkijana ekosysteemimallinnuksen parissa, koulutukseltani olen tekniikan tohtori (TkT). Olen syntynyt Simpeleell\u00e4 (Rautj\u00e4rvi) ja p\u00e4\u00e4tynyt Lappeenrantaan eri paikoissa pitkin It\u00e4-Suomea vietetyn lapsuuden ja Espoossa k\u00e4ytyjen opiskelujen j\u00e4lkeen vuonna 2003. Mielelt\u00e4ni it\u00e4suomalaisena viihdyn Lappeenrannassa hyvin, kaupunki on sopivan suuri ja pieni ja luonnonl\u00e4heinen, ja ihmiset mukavia. Ty\u00f6n ja [&hellip;]<\/p>\n","protected":false},"author":600,"featured_media":0,"parent":18,"menu_order":0,"comment_status":"closed","ping_status":"closed","template":"","meta":{"_et_pb_use_builder":"off","_et_pb_old_content":"<p>Olen v.1975 syntynyt lappeenrantalainen tutkija. Ty\u00f6skentelen yliopistolla sovelletun matematiikan parissa, koulutukseltani olen tekniikan tohtori (TkT). Olen syntynyt Simpeleell\u00e4 (Rautj\u00e4rvi) ja p\u00e4\u00e4tynyt Lappeenrantaan eri paikoissa pitkin It\u00e4-Suomea vietetyn lapsuuden ja Espoossa k\u00e4ytyjen opiskelujen j\u00e4lkeen vuonna 2003. Mielelt\u00e4ni it\u00e4suomalaisena viihdyn Lappeenrannassa hyvin, kaupunki on sopivan suuri ja pieni ja luonnonl\u00e4heinen, ja ihmiset mukavia.<\/p><p>Ty\u00f6n ja yhteiskunnallisen vaikuttamisen lis\u00e4ksi t\u00e4rke\u00e4 osa el\u00e4m\u00e4\u00e4ni on koti ja lukiota k\u00e4yv\u00e4 poikani. Harrastuksiini kuuluu ulkona liikkumista, retkeily\u00e4, luonnon valokuvailua, hyvien elokuvien katsomista, lukemista, k\u00e4sit\u00f6it\u00e4, huonekasvien hoitoa ym.<\/p><p>Olen jossain m\u00e4\u00e4rin periaatteen ihminen omien valintojeni suhteen, esim. olen ollut sy\u00f6m\u00e4tt\u00e4 teollisesti tuotettua lihaa viime vuosituhannen loppupuolelta asti (sy\u00f6n vain sit\u00e4 \"onnellista\" lihaa), en omista autoa ymp\u00e4rist\u00f6syist\u00e4, ostan ruokani mieluiten kotimaisina&luomuna, ja asunnossamme k\u00e4ytet\u00e4\u00e4n tuulis\u00e4hk\u00f6\u00e4. Toisaalta olen tyls\u00e4 insin\u00f6\u00f6riaivoinen luonnontieteilij\u00e4, joka ei \"h\u00f6rh\u00f6ile\" kuin asiaperustein.<\/p><p>T\u00e4rke\u00e4 osa el\u00e4m\u00e4nfilosofiaani on kroonisen kiireen v\u00e4ltt\u00e4minen. El\u00e4m\u00e4ss\u00e4 pit\u00e4\u00e4 olla my\u00f6s aikaa olla vain joutilaana, pohdiskella kaikenlaista ja tehd\u00e4 mukavia asioita l\u00e4heistens\u00e4 kanssa. Vihreiden vanha vaalilause \"Enemm\u00e4n aikaa, v\u00e4hemm\u00e4n roinaa\" p\u00e4tee yh\u00e4 hyvin. Tavara kun harvemmin tekee ket\u00e4\u00e4n oikeasti onnelliseksi.<\/p>","_et_gb_content_width":"","footnotes":""},"class_list":["post-19","page","type-page","status-publish","hentry"],"_links":{"self":[{"href":"https:\/\/henkilot.vihreat.fi\/virpi.junttila\/wp-json\/wp\/v2\/pages\/19","targetHints":{"allow":["GET"]}}],"collection":[{"href":"https:\/\/henkilot.vihreat.fi\/virpi.junttila\/wp-json\/wp\/v2\/pages"}],"about":[{"href":"https:\/\/henkilot.vihreat.fi\/virpi.junttila\/wp-json\/wp\/v2\/types\/page"}],"author":[{"embeddable":true,"href":"https:\/\/henkilot.vihreat.fi\/virpi.junttila\/wp-json\/wp\/v2\/users\/600"}],"replies":[{"embeddable":true,"href":"https:\/\/henkilot.vihreat.fi\/virpi.junttila\/wp-json\/wp\/v2\/comments?post=19"}],"version-history":[{"count":19,"href":"https:\/\/henkilot.vihreat.fi\/virpi.junttila\/wp-json\/wp\/v2\/pages\/19\/revisions"}],"predecessor-version":[{"id":662,"href":"https:\/\/henkilot.vihreat.fi\/virpi.junttila\/wp-json\/wp\/v2\/pages\/19\/revisions\/662"}],"up":[{"embeddable":true,"href":"https:\/\/henkilot.vihreat.fi\/virpi.junttila\/wp-json\/wp\/v2\/pages\/18"}],"wp:attachment":[{"href":"https:\/\/henkilot.vihreat.fi\/virpi.junttila\/wp-json\/wp\/v2\/media?parent=19"}],"curies":[{"name":"wp","href":"https:\/\/api.w.org\/{rel}","templated":true}]}}