{"id":502,"date":"2017-01-22T21:13:30","date_gmt":"2017-01-22T19:13:30","guid":{"rendered":"https:\/\/henkilot.vihreat.fi\/sari.pesu\/?page_id=502"},"modified":"2025-01-13T17:45:53","modified_gmt":"2025-01-13T15:45:53","slug":"kuka-mina-olen","status":"publish","type":"page","link":"https:\/\/henkilot.vihreat.fi\/sari.pesu\/kuka-mina-olen\/","title":{"rendered":"Kuka min\u00e4 olen"},"content":{"rendered":"<p><strong>Ei siksi, ett\u00e4 se olisi helppoa, <\/strong><strong>vaan siksi, ett\u00e4 se on oikein.<\/strong><!--more--><\/p>\n<p>Luottamusteht\u00e4viss\u00e4 olen toiminut vuodesta 2001 l\u00e4htien mm. sosiaali-ja terveyslautakunnan j\u00e4senen\u00e4, kaupunginhallituksen j\u00e4senen\u00e4, liikuntalautakunnan puheenjohtajana, valtuuston 2. varapuheenjohtajana. Vuosina 2017-2020 toimin puheenjohtajana sosiaali-ja terveyslautakunnassa. Vaikuttaminen kunnissa on haastavaa ja vaatii k\u00e4rsiv\u00e4llisyytt\u00e4 ja pitk\u00e4j\u00e4nteisyytt\u00e4. Olen kokenut poliitikkona, tunnen p\u00e4\u00e4t\u00f6ksentekoj\u00e4rjestelm\u00e4n ja asiat my\u00f6s terveydenhuollon ulkopuolelta ovat tulleet eritt\u00e4in tutuiksi. Vuoden 2021 alussa muutin Vantaalle ja sen vuoksi erosin luottamusteht\u00e4vist\u00e4ni Keravalla.<\/p>\n<p>T\u00e4ll\u00e4 hetkell\u00e4 olen Vantaan ja Keravan hyvinvointialuevaltuuston varavaltuutettu, pelastuslautakunnan varaj\u00e4sen ja It\u00e4 -Uudenmaan poliisin neuvottelukunnan j\u00e4sen.<\/p>\n<p>Asun Vantaan Sotungissa puolisoni kanssa. Minulla on kolme aikuista tyt\u00e4rt\u00e4 ja nelj\u00e4 lastenlasta.<\/p>\n<p>Koulutukseltani olen perushoitaja (-89), sis\u00e4tauti-kirurginen sairaanhoitaja (-93) ja sairaanhoitaja, mielenterveys AMK (-04). T\u00e4m\u00e4n lis\u00e4ksi olen suorittanut hoitotieteen aineopinnot, aikuiskasvatustieteen perusopinnot ja muutamia opintopisteit\u00e4 viestinn\u00e4st\u00e4 ja oikeustieteest\u00e4. N\u00e4iden lis\u00e4ksi olen osallistunut Keravan kaupungin j\u00e4rjest\u00e4m\u00e4\u00e4n johtamiskoulutukseen 2009. Joulukuussa 2024 sain valmiiksi ylemm\u00e4n ammattikorkeakoulututkinnon (sairaanhoitaja (YAMK). Opinn\u00e4ytety\u00f6ss\u00e4ni selvitin millaisia terveyslupauksia l\u00e4\u00e4ketieteen ulkopuolisen hoitoalan yritt\u00e4j\u00e4t antavat. Linkki opinn\u00e4ytety\u00f6h\u00f6n: <a href=\"https:\/\/www.theseus.fi\/handle\/10024\/871957?fbclid=IwY2xjawHyE9dleHRuA2FlbQIxMQABHbHJbOEB5SEmHqgiAqtb8UK2YIy5u2G2qmKeHO52TngZ3kZ6-T5M3MnQ2Q_aem_pObqA1iFYrj5oJh1amwr9w\" target=\"_blank\" rel=\"noopener\">T\u00c4SS\u00c4<\/a>.<\/p>\n<p>Olen ty\u00f6skennellyt p\u00e4\u00e4asiassa erikoissairaanhoidossa. Peijaksen sairaalassa ty\u00f6skentelin alkuun p\u00e4ivystyspoliklinikalla, kirurgisella vuodeosastolla ja sis\u00e4tautien varahenkil\u00f6st\u00f6ss\u00e4. Vuodesta -05 olen ty\u00f6skennellyt psykiatriassa mielialah\u00e4iri\u00f6iden tutkimukseen ja hoitoon suuntautuneella osastolla. T\u00e4ll\u00e4 hetkell\u00e4 ty\u00f6skentelen apulaisosastonhoitajana ja dialektisen k\u00e4ytt\u00e4ytymisterapian ty\u00f6ntekij\u00e4n\u00e4 ja kouluttajana (<a href=\"https:\/\/dkt-yhdistys.fi\/\" target=\"_blank\" rel=\"noopener\">DKT<\/a>).<\/p>\n<p>Olen syntynyt -66 Rovaniemen mlk:ssa. Lapista muutimme -70 Keravalle, jossa k\u00e4vin kouluni ja elin nuoruuteni. Nuorena aikuisena olen asunut my\u00f6s Tuusulassa, Vantaalla ja Helsingisss\u00e4. Keravalla asuin j\u00e4lleen vuodet 1997- 2021 ja t\u00e4m\u00e4n j\u00e4lkeen olen ollut vantaalainen. \u00c4idin\u00e4iti oli saamelainen, voin siten ajatella hiukan kuuluvani Suomen ja Euroopan ainoaan alkuper\u00e4iskansaan.<\/p>\n<p>Ihminen on minulle t\u00e4rke\u00e4. Jokaisella ihmisell\u00e4 on yhdenvertainen ihmisarvo, joka ei ole sidoksissa ik\u00e4\u00e4n, sukupuoleen, terveydentilaan, ammattiin, varallisuuteen, rotuun, uskontoon tms. <strong>Ihmisarvon kunnioittaminen<\/strong><strong>, vastuullisuus ja suvaitsevaisuus<\/strong> ovat kest\u00e4v\u00e4n ja sivistyneen yhteiskunnan perusta. En ole identiteettipoliitikko, minulle ei ole t\u00e4rke\u00e4\u00e4 se, milt\u00e4 asiat n\u00e4ytt\u00e4v\u00e4t. Olen asiapoliitikko, minulle on t\u00e4rke\u00e4\u00e4 se, miten asiat ovat.<\/p>\n<p><strong>Kaupungin luottamusteht\u00e4v\u00e4t<\/strong>: Kaupunginvaltuutettu: 2001- 2020, sosiaali-ja terveyslautakunnan puheenjohtaja: 2017- 2020, kaupunginhallituksen j\u00e4sen 2013-2017, talousstrategian ohjausryhm\u00e4n j\u00e4sen 2013-2017, valtuuston II varapuheenjohtaja 2012, liikuntalautakunnan puheenjohtaja 2009-2011, kaupunginhallituksen j\u00e4sen: 2007-2008, sosiaali-ja terveyslautakunnan j\u00e4sen: 2001-2006, kasvatus-ja opetuslautakunnan varaj\u00e4sen: 2001-2002, kaupunginhallituksen varaj\u00e4sen: 2005-2006, liikuntalautakunnan varaj\u00e4sen: 2005-2006, henkil\u00f6st\u00f6strategian ohjausryhm\u00e4n j\u00e4sen: 2001-2004, elinkeinostrategian ohjausryhm\u00e4n j\u00e4sen: 2005-200<span style=\"-webkit-tap-highlight-color: rgba(0, 0, 0, 0);\">9.<\/span><\/p>\n<div id=\"attachment_26692\" style=\"width: 243px\" class=\"wp-caption aligncenter\"><a href=\"https:\/\/henkilot.vihreat.fi\/sari.pesu\/files\/2021\/01\/ADF063E0-EA04-47D6-8FAD-ABDA3CB6E36D.jpeg\"><img loading=\"lazy\" decoding=\"async\" aria-describedby=\"caption-attachment-26692\" class=\"size-medium wp-image-26692\" src=\"https:\/\/henkilot.vihreat.fi\/sari.pesu\/files\/2021\/01\/ADF063E0-EA04-47D6-8FAD-ABDA3CB6E36D-233x300.jpeg\" alt=\"\" width=\"233\" height=\"300\" srcset=\"https:\/\/henkilot.vihreat.fi\/sari.pesu\/files\/2021\/01\/ADF063E0-EA04-47D6-8FAD-ABDA3CB6E36D-233x300.jpeg 233w, https:\/\/henkilot.vihreat.fi\/sari.pesu\/files\/2021\/01\/ADF063E0-EA04-47D6-8FAD-ABDA3CB6E36D-795x1024.jpeg 795w, https:\/\/henkilot.vihreat.fi\/sari.pesu\/files\/2021\/01\/ADF063E0-EA04-47D6-8FAD-ABDA3CB6E36D-768x989.jpeg 768w, https:\/\/henkilot.vihreat.fi\/sari.pesu\/files\/2021\/01\/ADF063E0-EA04-47D6-8FAD-ABDA3CB6E36D-1192x1536.jpeg 1192w, https:\/\/henkilot.vihreat.fi\/sari.pesu\/files\/2021\/01\/ADF063E0-EA04-47D6-8FAD-ABDA3CB6E36D.jpeg 1467w\" sizes=\"auto, (max-width: 233px) 100vw, 233px\" \/><\/a><p id=\"caption-attachment-26692\" class=\"wp-caption-text\">Kuvassa tytt\u00e4ren koira \u2764\ufe0f ja min\u00e4.<\/p><\/div>\n<p>Pid\u00e4n l\u00e4hdekritiikki\u00e4 ja argumentointivirheiden tunnistamista t\u00e4rke\u00e4n\u00e4 niin omassa el\u00e4m\u00e4ss\u00e4 kuin politiikassa. Poliittisten p\u00e4\u00e4t\u00f6sten tulee perustua luotettavaan tietoon ja vaikutusten monipuoliseen arvioon.<br \/>\nAlla lukusuositus ajattelusta ja johtop\u00e4\u00e4t\u00f6sten tekemisest\u00e4.<\/p>\n<p>Osa I\u00a0<a href=\"http:\/\/www.tervett\u00e4skeptisyytt\u00e4.net\/skeptisen-mielipiteen-muodostaminen-osa-i-johdanto\/\" target=\"_blank\" rel=\"noopener noreferrer\">Johdanto<\/a><\/p>\n<p>Osa II\u00a0<a href=\"http:\/\/www.tervett\u00e4skeptisyytt\u00e4.net\/skeptisen-mielipiteen-muodostaminen-osa-ii-vaitteen-ja-sen-lahteen-arviointi\/\" target=\"_blank\" rel=\"noopener noreferrer\">V\u00e4itteen ja sen l\u00e4hteen arviointi<\/a><\/p>\n<p>Osa III\u00a0<a href=\"http:\/\/www.tervett\u00e4skeptisyytt\u00e4.net\/skeptisen-mielipiteen-muodostaminen-osa-iii-omien-vinoumien-minimointi\/\" target=\"_blank\" rel=\"noopener noreferrer\">Omien vinoumien minimointi<\/a><\/p>\n<p>Osa IV\u00a0<a href=\"http:\/\/www.tervett\u00e4skeptisyytt\u00e4.net\/skeptisen-mielipiteen-muodostaminen-osa-iv-kertomukset-vastaan-tutkimukset\/\" target=\"_blank\" rel=\"noopener noreferrer\">Kertomukset vastaan tutkimukset<\/a><\/p>\n<p>Osa V\u00a0<a href=\"http:\/\/www.tervett\u00e4skeptisyytt\u00e4.net\/skeptisen-mielipiteen-muodostaminen-osa-v-tutkimusnayton-lukeminen\/\" target=\"_blank\" rel=\"noopener noreferrer\">Tutkimusn\u00e4yt\u00f6n lukeminen<\/a><\/p>\n<p>Osa VI\u00a0<a href=\"http:\/\/www.tervett\u00e4skeptisyytt\u00e4.net\/skeptisen-mielipiteen-muodostaminen-osa-vi-johtopaatos\/\" target=\"_blank\" rel=\"noopener noreferrer\">Johtop\u00e4\u00e4t\u00f6s<\/a><\/p>\n","protected":false},"excerpt":{"rendered":"<p>Ei siksi, ett\u00e4 se olisi helppoa, vaan siksi, ett\u00e4 se on oikein.<\/p>\n","protected":false},"author":596,"featured_media":0,"parent":0,"menu_order":0,"comment_status":"closed","ping_status":"closed","template":"","meta":{"footnotes":""},"class_list":["post-502","page","type-page","status-publish","hentry"],"_links":{"self":[{"href":"https:\/\/henkilot.vihreat.fi\/sari.pesu\/wp-json\/wp\/v2\/pages\/502","targetHints":{"allow":["GET"]}}],"collection":[{"href":"https:\/\/henkilot.vihreat.fi\/sari.pesu\/wp-json\/wp\/v2\/pages"}],"about":[{"href":"https:\/\/henkilot.vihreat.fi\/sari.pesu\/wp-json\/wp\/v2\/types\/page"}],"author":[{"embeddable":true,"href":"https:\/\/henkilot.vihreat.fi\/sari.pesu\/wp-json\/wp\/v2\/users\/596"}],"replies":[{"embeddable":true,"href":"https:\/\/henkilot.vihreat.fi\/sari.pesu\/wp-json\/wp\/v2\/comments?post=502"}],"version-history":[{"count":42,"href":"https:\/\/henkilot.vihreat.fi\/sari.pesu\/wp-json\/wp\/v2\/pages\/502\/revisions"}],"predecessor-version":[{"id":26806,"href":"https:\/\/henkilot.vihreat.fi\/sari.pesu\/wp-json\/wp\/v2\/pages\/502\/revisions\/26806"}],"wp:attachment":[{"href":"https:\/\/henkilot.vihreat.fi\/sari.pesu\/wp-json\/wp\/v2\/media?parent=502"}],"curies":[{"name":"wp","href":"https:\/\/api.w.org\/{rel}","templated":true}]}}