{"id":25885,"date":"2016-08-11T10:58:25","date_gmt":"2016-08-11T10:58:25","guid":{"rendered":"https:\/\/sivupaketti.vihreat.fi\/?page_id=25880"},"modified":"2022-01-09T11:04:57","modified_gmt":"2022-01-09T09:04:57","slug":"kalenteri","status":"publish","type":"page","link":"https:\/\/henkilot.vihreat.fi\/sari.pesu\/kalenteri\/","title":{"rendered":"Kalenteri"},"content":{"rendered":"<h2><strong>T\u00e4ll\u00e4 hetkell\u00e4 ei ole sovittuja tapahtumia.\u00a0<\/strong><\/h2>\n<p>Kampanjointi voi olla my\u00f6s kivaa, katso tanssihaaste <a href=\"https:\/\/m.youtube.com\/watch?v=jw7GKN3mqpg\" target=\"_blank\" rel=\"noopener noreferrer\">t\u00e4st\u00e4.<\/a><\/p>\n<p><em>Vaaliteltalla 18.3.2017 ennen pandemiaa. <\/em><a href=\"https:\/\/henkilot.vihreat.fi\/sari.pesu\/files\/2017\/03\/vaaliteltalla.jpg\"><img loading=\"lazy\" decoding=\"async\" class=\"alignnone size-large wp-image-26470\" src=\"https:\/\/henkilot.vihreat.fi\/sari.pesu\/files\/2017\/03\/vaaliteltalla-1024x624.jpg\" alt=\"\" width=\"640\" height=\"390\" srcset=\"https:\/\/henkilot.vihreat.fi\/sari.pesu\/files\/2017\/03\/vaaliteltalla-1024x624.jpg 1024w, https:\/\/henkilot.vihreat.fi\/sari.pesu\/files\/2017\/03\/vaaliteltalla-300x183.jpg 300w, https:\/\/henkilot.vihreat.fi\/sari.pesu\/files\/2017\/03\/vaaliteltalla-768x468.jpg 768w, https:\/\/henkilot.vihreat.fi\/sari.pesu\/files\/2017\/03\/vaaliteltalla-1080x658.jpg 1080w, https:\/\/henkilot.vihreat.fi\/sari.pesu\/files\/2017\/03\/vaaliteltalla.jpg 2048w\" sizes=\"auto, (max-width: 640px) 100vw, 640px\" \/><\/a><\/p>\n","protected":false},"excerpt":{"rendered":"<p>T\u00e4ll\u00e4 hetkell\u00e4 ei ole sovittuja tapahtumia.\u00a0 Kampanjointi voi olla my\u00f6s kivaa, katso tanssihaaste t\u00e4st\u00e4. Vaaliteltalla 18.3.2017 ennen pandemiaa.<\/p>\n","protected":false},"author":596,"featured_media":0,"parent":0,"menu_order":2,"comment_status":"closed","ping_status":"closed","template":"","meta":{"footnotes":""},"class_list":["post-25885","page","type-page","status-publish","hentry"],"_links":{"self":[{"href":"https:\/\/henkilot.vihreat.fi\/sari.pesu\/wp-json\/wp\/v2\/pages\/25885","targetHints":{"allow":["GET"]}}],"collection":[{"href":"https:\/\/henkilot.vihreat.fi\/sari.pesu\/wp-json\/wp\/v2\/pages"}],"about":[{"href":"https:\/\/henkilot.vihreat.fi\/sari.pesu\/wp-json\/wp\/v2\/types\/page"}],"author":[{"embeddable":true,"href":"https:\/\/henkilot.vihreat.fi\/sari.pesu\/wp-json\/wp\/v2\/users\/596"}],"replies":[{"embeddable":true,"href":"https:\/\/henkilot.vihreat.fi\/sari.pesu\/wp-json\/wp\/v2\/comments?post=25885"}],"version-history":[{"count":13,"href":"https:\/\/henkilot.vihreat.fi\/sari.pesu\/wp-json\/wp\/v2\/pages\/25885\/revisions"}],"predecessor-version":[{"id":26775,"href":"https:\/\/henkilot.vihreat.fi\/sari.pesu\/wp-json\/wp\/v2\/pages\/25885\/revisions\/26775"}],"wp:attachment":[{"href":"https:\/\/henkilot.vihreat.fi\/sari.pesu\/wp-json\/wp\/v2\/media?parent=25885"}],"curies":[{"name":"wp","href":"https:\/\/api.w.org\/{rel}","templated":true}]}}