{"id":18,"date":"2008-09-18T19:40:53","date_gmt":"2008-09-18T19:40:53","guid":{"rendered":"http:\/\/vihreatehdokkaat.fi\/sari.pesu\/?page_id=12"},"modified":"2017-03-11T23:18:27","modified_gmt":"2017-03-11T21:18:27","slug":"miksi-vihreat","status":"publish","type":"page","link":"https:\/\/henkilot.vihreat.fi\/sari.pesu\/miksi-vihreat\/","title":{"rendered":"Miksi valitsin Vihre\u00e4t?"},"content":{"rendered":"<p>Vihre\u00e4n liikkeen\u00a0juuret ovat luonnon- ja ymp\u00e4rist\u00f6nsuojelussa, mutta my\u00f6s rauha, ihmisoikeudet ja pyrkimys erilaisten ihmisten tasavertaisuuteen ovat meille t\u00e4rkeit\u00e4. Pyrimme ajattelemaan globaalisti ja toimimaan reilusti my\u00f6s maailman k\u00f6yhi\u00e4 maita kohtaan.<\/p>\n<p>Vihre\u00e4t ovat\u00a0avoimesti keskusteleva puolue, joka ei tee p\u00e4\u00e4t\u00f6ksi\u00e4 saunailloissa ja jolla ei ole perinteist\u00e4 oikeisto\/vasemmisto \u201dtaakkaa\u201d kannettavanaan.\u00a0Vihre\u00e4ss\u00e4 liitossa k\u00e4sitell\u00e4\u00e4n asiat asioina ja saatavilla olevaa tutkimustietoa hy\u00f6dynt\u00e4en.<\/p>\n<p>Osmo Soininvaaran sanoin: Vihre\u00e4t kannattavat markkinataloutta mieluummin kuin p\u00e4\u00e4oman valtaan perustuvaa kapitalismia. Ero n\u00e4kyy esim. siin\u00e4, jakaako kaupunki rakennusmaata tarjouskilpailulla vai sopuhintaan \u201dkavereille\u201d.\u00a0 T\u00e4ss\u00e4 suhteessa emme eroa sivistyneist\u00e4 porvareista, mutta k\u00e4yt\u00e4nn\u00f6ss\u00e4 ero kokoomukseen on suuri, sill\u00e4 markkinat eiv\u00e4t toimi oikein eiv\u00e4tk\u00e4 reilusti. Markkinatalous ei ota huomioon esim. ymp\u00e4rist\u00f6lle aiheutuvia haittoja; ohjaamattomat markkinat johtavat ymp\u00e4rist\u00f6n riistoon, mutta my\u00f6s moneen muuhun typeryyteen. Tarvitaan normeja ja haittaveroja. T\u00e4ss\u00e4 kohdassa eroamme sek\u00e4 oikeistosta ett\u00e4 vasemmistosta.<\/p>\n<p>Vihre\u00e4t vastustavat kohtuuttomia tuloeroja. Tasaisen tulojaon kannatus yhdist\u00e4\u00e4 meid\u00e4n vasemmistoon.<\/p>\n<p>Lue poliittisista ohjelmista <a href=\"https:\/\/www.vihreat.fi\/vihrea-politiikka\/ohjelmat\" target=\"_blank\">T\u00c4\u00c4LT\u00c4<\/a>.<\/p>\n<p><a href=\"https:\/\/henkilot.vihreat.fi\/sari.pesu\/files\/2017\/03\/IMG_2853.jpg\"><img loading=\"lazy\" decoding=\"async\" class=\"alignnone size-large wp-image-26389\" src=\"https:\/\/henkilot.vihreat.fi\/sari.pesu\/files\/2017\/03\/IMG_2853-1024x708.jpg\" alt=\"\" width=\"640\" height=\"443\" srcset=\"https:\/\/henkilot.vihreat.fi\/sari.pesu\/files\/2017\/03\/IMG_2853-1024x708.jpg 1024w, https:\/\/henkilot.vihreat.fi\/sari.pesu\/files\/2017\/03\/IMG_2853-300x208.jpg 300w, https:\/\/henkilot.vihreat.fi\/sari.pesu\/files\/2017\/03\/IMG_2853-768x531.jpg 768w\" sizes=\"auto, (max-width: 640px) 100vw, 640px\" \/><\/a><\/p>\n<p>&nbsp;<\/p>\n","protected":false},"excerpt":{"rendered":"<p>Vihre\u00e4n liikkeen\u00a0juuret ovat luonnon- ja ymp\u00e4rist\u00f6nsuojelussa, mutta my\u00f6s rauha, ihmisoikeudet ja pyrkimys erilaisten ihmisten tasavertaisuuteen ovat meille t\u00e4rkeit\u00e4. Pyrimme ajattelemaan globaalisti ja toimimaan reilusti my\u00f6s maailman k\u00f6yhi\u00e4 maita kohtaan. Vihre\u00e4t ovat\u00a0avoimesti keskusteleva puolue, joka ei tee p\u00e4\u00e4t\u00f6ksi\u00e4 saunailloissa ja jolla &hellip; <a href=\"https:\/\/henkilot.vihreat.fi\/sari.pesu\/miksi-vihreat\/\">Lue loppuun <span class=\"meta-nav\">&rarr;<\/span><\/a><\/p>\n","protected":false},"author":596,"featured_media":0,"parent":0,"menu_order":0,"comment_status":"closed","ping_status":"closed","template":"","meta":{"footnotes":""},"class_list":["post-18","page","type-page","status-publish","hentry"],"_links":{"self":[{"href":"https:\/\/henkilot.vihreat.fi\/sari.pesu\/wp-json\/wp\/v2\/pages\/18","targetHints":{"allow":["GET"]}}],"collection":[{"href":"https:\/\/henkilot.vihreat.fi\/sari.pesu\/wp-json\/wp\/v2\/pages"}],"about":[{"href":"https:\/\/henkilot.vihreat.fi\/sari.pesu\/wp-json\/wp\/v2\/types\/page"}],"author":[{"embeddable":true,"href":"https:\/\/henkilot.vihreat.fi\/sari.pesu\/wp-json\/wp\/v2\/users\/596"}],"replies":[{"embeddable":true,"href":"https:\/\/henkilot.vihreat.fi\/sari.pesu\/wp-json\/wp\/v2\/comments?post=18"}],"version-history":[{"count":7,"href":"https:\/\/henkilot.vihreat.fi\/sari.pesu\/wp-json\/wp\/v2\/pages\/18\/revisions"}],"predecessor-version":[{"id":26390,"href":"https:\/\/henkilot.vihreat.fi\/sari.pesu\/wp-json\/wp\/v2\/pages\/18\/revisions\/26390"}],"wp:attachment":[{"href":"https:\/\/henkilot.vihreat.fi\/sari.pesu\/wp-json\/wp\/v2\/media?parent=18"}],"curies":[{"name":"wp","href":"https:\/\/api.w.org\/{rel}","templated":true}]}}