{"id":17,"date":"2008-09-18T18:54:38","date_gmt":"2008-09-18T16:54:38","guid":{"rendered":"http:\/\/vihreatehdokkaat.fi\/sari.pesu\/?page_id=10"},"modified":"2021-01-04T21:13:45","modified_gmt":"2021-01-04T19:13:45","slug":"asian-vieresta","status":"publish","type":"page","link":"https:\/\/henkilot.vihreat.fi\/sari.pesu\/asian-vieresta\/","title":{"rendered":"Asian vierest\u00e4&#8230;"},"content":{"rendered":"<p>&nbsp;<\/p>\n<p><a href=\"https:\/\/henkilot.vihreat.fi\/sari.pesu\/files\/2015\/03\/296638_2241851680750_543014191_n.jpg\"><img loading=\"lazy\" decoding=\"async\" class=\"alignnone size-medium wp-image-408 aligncenter\" src=\"https:\/\/henkilot.vihreat.fi\/sari.pesu\/files\/2015\/03\/296638_2241851680750_543014191_n-225x300.jpg\" alt=\"\" width=\"225\" height=\"300\" srcset=\"https:\/\/henkilot.vihreat.fi\/sari.pesu\/files\/2015\/03\/296638_2241851680750_543014191_n-225x300.jpg 225w, https:\/\/henkilot.vihreat.fi\/sari.pesu\/files\/2015\/03\/296638_2241851680750_543014191_n.jpg 540w\" sizes=\"auto, (max-width: 225px) 100vw, 225px\" \/><\/a><\/p>\n<p><strong>Hyvi\u00e4\u00a0lukemiani kirjoja&#8230;<\/strong>kaikki dekkarit k\u00e4y, pid\u00e4n my\u00f6s el\u00e4m\u00e4nkerroista.<\/p>\n<p><strong>Lempimakuja&#8230;<\/strong>vuohenjuusto, pesto, parmesan, valkosipuli.<\/p>\n<p><strong>Lempituoksu&#8230;<\/strong>Angel.<\/p>\n<p><strong>Musiikki&#8230;<\/strong>Maija Vilkkumaa, Mariska ja Mamba (Eminem, 50-cent). Kuuntelen paljon suomi-poppia.<\/p>\n<p><strong>Harrastukset&#8230;<\/strong>yrit\u00e4n ulkoilla, lenkkeill\u00e4, pid\u00e4n erityisesti tanssimisesta.<\/p>\n<p><strong>Mietelause&#8230;&#8221;<\/strong>T\u00e4rkeint\u00e4 ei ole se mit\u00e4 tapahtuu, vaan miten siihen suhtautuu.&#8221;<\/p>\n<p><strong>Suurinta maailmassa&#8230;<\/strong>\u00e4idinrakkaus.<\/p>\n<p><strong>Mainioita TV-hahmoja&#8230;<\/strong>Suuren sairaalaan l\u00e4\u00e4k\u00e4ri Kaikkonen (Jopet show), Urheilija Timo Silakka (Kummeli)\u00a0sek\u00e4\u00a0 Anne ja Ellu (Kumman kaa).<\/p>\n<p><strong>Paras elokuva&#8230;<\/strong>Kummiset\u00e4.<\/p>\n<p><strong>Lempiv\u00e4ri&#8230;<\/strong>marjapuuronpunainen.<\/p>\n<p><strong>Horoskooppi&#8230;<\/strong>oinas, kiinalaisen horoskoopin mukaan tulihevonen.<\/p>\n<p><strong>Jos olisin el\u00e4in&#8230;<\/strong>olisin susi, ainakin Hesarin el\u00e4in-testin mukaan.<\/p>\n<p><strong>Facebook&#8230;<\/strong>olen mukana. En k\u00e4yt\u00e4 fb:t\u00e4 politiikan asioiden tiedottamiseen. P\u00e4\u00e4s\u00e4\u00e4nt\u00f6isesti hyv\u00e4ksyn kavereikseni ihmisi\u00e4, jotka olen tavannut henk.kohtaisesti.<\/p>\n<p><strong>Siviilis\u00e4\u00e4ty<\/strong>&#8230;eronnut avioliitosta 2013.<\/p>\n<p><a href=\"https:\/\/henkilot.vihreat.fi\/sari.pesu\/files\/2017\/03\/IMG_2164-e1489320698912.jpg\"><img loading=\"lazy\" decoding=\"async\" class=\"alignnone size-large wp-image-26410\" src=\"https:\/\/henkilot.vihreat.fi\/sari.pesu\/files\/2017\/03\/IMG_2164-e1489320698912-1024x577.jpg\" alt=\"\" width=\"640\" height=\"361\" srcset=\"https:\/\/henkilot.vihreat.fi\/sari.pesu\/files\/2017\/03\/IMG_2164-e1489320698912-1024x577.jpg 1024w, https:\/\/henkilot.vihreat.fi\/sari.pesu\/files\/2017\/03\/IMG_2164-e1489320698912-300x169.jpg 300w, https:\/\/henkilot.vihreat.fi\/sari.pesu\/files\/2017\/03\/IMG_2164-e1489320698912-768x433.jpg 768w\" sizes=\"auto, (max-width: 640px) 100vw, 640px\" \/><\/a><\/p>\n","protected":false},"excerpt":{"rendered":"<p>&nbsp; Hyvi\u00e4\u00a0lukemiani kirjoja&#8230;kaikki dekkarit k\u00e4y, pid\u00e4n my\u00f6s el\u00e4m\u00e4nkerroista. Lempimakuja&#8230;vuohenjuusto, pesto, parmesan, valkosipuli. Lempituoksu&#8230;Angel. Musiikki&#8230;Maija Vilkkumaa, Mariska ja Mamba (Eminem, 50-cent). Kuuntelen paljon suomi-poppia. Harrastukset&#8230;yrit\u00e4n ulkoilla, lenkkeill\u00e4, pid\u00e4n erityisesti tanssimisesta. Mietelause&#8230;&#8221;T\u00e4rkeint\u00e4 ei ole se mit\u00e4 tapahtuu, vaan miten siihen suhtautuu.&#8221; Suurinta &hellip; <a href=\"https:\/\/henkilot.vihreat.fi\/sari.pesu\/asian-vieresta\/\">Lue loppuun <span class=\"meta-nav\">&rarr;<\/span><\/a><\/p>\n","protected":false},"author":596,"featured_media":0,"parent":0,"menu_order":9,"comment_status":"closed","ping_status":"closed","template":"","meta":{"footnotes":""},"class_list":["post-17","page","type-page","status-publish","hentry"],"_links":{"self":[{"href":"https:\/\/henkilot.vihreat.fi\/sari.pesu\/wp-json\/wp\/v2\/pages\/17","targetHints":{"allow":["GET"]}}],"collection":[{"href":"https:\/\/henkilot.vihreat.fi\/sari.pesu\/wp-json\/wp\/v2\/pages"}],"about":[{"href":"https:\/\/henkilot.vihreat.fi\/sari.pesu\/wp-json\/wp\/v2\/types\/page"}],"author":[{"embeddable":true,"href":"https:\/\/henkilot.vihreat.fi\/sari.pesu\/wp-json\/wp\/v2\/users\/596"}],"replies":[{"embeddable":true,"href":"https:\/\/henkilot.vihreat.fi\/sari.pesu\/wp-json\/wp\/v2\/comments?post=17"}],"version-history":[{"count":8,"href":"https:\/\/henkilot.vihreat.fi\/sari.pesu\/wp-json\/wp\/v2\/pages\/17\/revisions"}],"predecessor-version":[{"id":26702,"href":"https:\/\/henkilot.vihreat.fi\/sari.pesu\/wp-json\/wp\/v2\/pages\/17\/revisions\/26702"}],"wp:attachment":[{"href":"https:\/\/henkilot.vihreat.fi\/sari.pesu\/wp-json\/wp\/v2\/media?parent=17"}],"curies":[{"name":"wp","href":"https:\/\/api.w.org\/{rel}","templated":true}]}}