{"id":161,"date":"2011-11-06T16:12:01","date_gmt":"2011-11-06T16:12:01","guid":{"rendered":"http:\/\/vihreatehdokkaat.fi\/sari.pesu\/?page_id=161"},"modified":"2024-10-25T15:58:52","modified_gmt":"2024-10-25T13:58:52","slug":"sidonnaisuudet","status":"publish","type":"page","link":"https:\/\/henkilot.vihreat.fi\/sari.pesu\/sidonnaisuudet\/","title":{"rendered":"Sidonnaisuudet"},"content":{"rendered":"<p><span style=\"color: #000000;\"><b>\u00a0<\/b><\/span><\/p>\n\n\n<p><strong>Virat, toimet, ammatit, teht\u00e4v\u00e4t<\/strong><\/p>\n\n\n\n<p>Apulaisosastonhoitaja, HUS Psykiatria, Mielialah\u00e4iri\u00f6linja<\/p>\n\n\n\n<p><strong>Hallintoteht\u00e4v\u00e4t<\/strong><\/p>\n\n\n\n<p>Ei ole<\/p>\n\n\n\n<p><strong>Luottamusteht\u00e4v\u00e4t<\/strong><br \/><strong>a) Etuj\u00e4rjest\u00f6jen luottamusteht\u00e4v\u00e4t<\/strong><\/p>\n\n\n\n<p>Ei ole<\/p>\n\n\n\n<p><br \/><strong>b )Kirkolliset luottamusteht\u00e4v\u00e4t<\/strong><\/p>\n\n\n\n<p>Ei ole<\/p>\n\n\n\n<p><strong>Taloudellinen asema<\/strong><br \/><strong>Liike- ja sijoitustoimintaa varten hankitut merkitt\u00e4v\u00e4t omistukset sek\u00e4 muut merkitt\u00e4v\u00e4t omistusosuudet<\/strong><\/p>\n\n\n\n<p>Ei ole.<\/p>\n\n\n\n<p><br \/><strong>Liike- ja sijoitustoimintaa varten otetut yli 100 000 euron velat sek\u00e4 samassa tarkoituksessa annetut yli 200 000 euron takaukset tai muut vastuut<\/strong><\/p>\n\n\n\n<p>Ei ole.<\/p>\n\n\n\n<p><\/p>\n","protected":false},"excerpt":{"rendered":"<p>\u00a0 Virat, toimet, ammatit, teht\u00e4v\u00e4t Apulaisosastonhoitaja, HUS Psykiatria, Mielialah\u00e4iri\u00f6linja Hallintoteht\u00e4v\u00e4t Ei ole Luottamusteht\u00e4v\u00e4ta) Etuj\u00e4rjest\u00f6jen luottamusteht\u00e4v\u00e4t Ei ole b )Kirkolliset luottamusteht\u00e4v\u00e4t Ei ole Taloudellinen asemaLiike- ja sijoitustoimintaa varten hankitut merkitt\u00e4v\u00e4t omistukset sek\u00e4 muut merkitt\u00e4v\u00e4t omistusosuudet Ei ole. Liike- ja sijoitustoimintaa varten &hellip; <a href=\"https:\/\/henkilot.vihreat.fi\/sari.pesu\/sidonnaisuudet\/\">Lue loppuun <span class=\"meta-nav\">&rarr;<\/span><\/a><\/p>\n","protected":false},"author":596,"featured_media":0,"parent":0,"menu_order":0,"comment_status":"closed","ping_status":"closed","template":"","meta":{"footnotes":""},"class_list":["post-161","page","type-page","status-publish","hentry"],"_links":{"self":[{"href":"https:\/\/henkilot.vihreat.fi\/sari.pesu\/wp-json\/wp\/v2\/pages\/161","targetHints":{"allow":["GET"]}}],"collection":[{"href":"https:\/\/henkilot.vihreat.fi\/sari.pesu\/wp-json\/wp\/v2\/pages"}],"about":[{"href":"https:\/\/henkilot.vihreat.fi\/sari.pesu\/wp-json\/wp\/v2\/types\/page"}],"author":[{"embeddable":true,"href":"https:\/\/henkilot.vihreat.fi\/sari.pesu\/wp-json\/wp\/v2\/users\/596"}],"replies":[{"embeddable":true,"href":"https:\/\/henkilot.vihreat.fi\/sari.pesu\/wp-json\/wp\/v2\/comments?post=161"}],"version-history":[{"count":17,"href":"https:\/\/henkilot.vihreat.fi\/sari.pesu\/wp-json\/wp\/v2\/pages\/161\/revisions"}],"predecessor-version":[{"id":26803,"href":"https:\/\/henkilot.vihreat.fi\/sari.pesu\/wp-json\/wp\/v2\/pages\/161\/revisions\/26803"}],"wp:attachment":[{"href":"https:\/\/henkilot.vihreat.fi\/sari.pesu\/wp-json\/wp\/v2\/media?parent=161"}],"curies":[{"name":"wp","href":"https:\/\/api.w.org\/{rel}","templated":true}]}}