{"id":26374,"date":"2016-08-12T11:52:20","date_gmt":"2016-08-12T11:52:20","guid":{"rendered":"http:\/\/sivupaketti.vihreat.fi\/vihreatedustajat\/?page_id=25926"},"modified":"2025-02-07T09:54:29","modified_gmt":"2025-02-07T07:54:29","slug":"kirjoitukset","status":"publish","type":"page","link":"https:\/\/henkilot.vihreat.fi\/minna.roukkio-taipale\/kirjoitukset\/","title":{"rendered":"Kirjoitukset"},"content":{"rendered":"\n<p class=\"wp-block-paragraph\">T\u00e4\u00e4lt\u00e4 voit lukea viime aikaisia ajatuksiani liittyen ymp\u00e4rist\u00f6\u00f6n, vihre\u00e4\u00e4n politiikkaan ja yhteiskuntaan.<\/p>\n\n\n<div class=\"wp-block-artcloud-blocks-artcloud-posts\" ><div id=\"loadPost-style3\"><h2 class=\"block-titleH2\" style=\"padding-bottom: 15px; border-bottom: 1px solid var(--wp--preset--color--primary);color: var(--wp--preset--color--primary);\">Kirjoituksiani<\/h2><div class=\"row style3\"><div class=\"artcloud-item col-4 left\" style=\"background-color:var(--wp--preset--color--white)\"><div class=\"artcloud-postImg\"><a href=\"https:\/\/henkilot.vihreat.fi\/minna.roukkio-taipale\/2025\/03\/01\/netiton-maailma\/\"><img decoding=\"async\" src=\"https:\/\/henkilot.vihreat.fi\/minna.roukkio-taipale\/wp-content\/themes\/vihreat\/assets\/img\/default-image.jpg\" alt=\"Netit\u00f6n maailma\"><\/a><\/div><div class=\"artcloud-content\" style=\"background-color:var(--wp--preset--color--white)\"><h3 style=\"color:var(--wp--preset--color--black);font-size:27px\">Netit\u00f6n maailma<\/h3><p style=\"color:var(--wp--preset--color--black)\">Tekniikka on kiva, ja netin&#8230;<\/p><a  href=\"https:\/\/henkilot.vihreat.fi\/minna.roukkio-taipale\/2025\/03\/01\/netiton-maailma\/\" class=\"wp-block-button__link wp-element-button\" style=\"color:var(--wp--preset--color--white);background-color:var(--wp--preset--color--primary)\">Lue lis\u00e4\u00e4<\/a><\/div><\/div><div class=\"artcloud-item col-4\" style=\"background-color:var(--wp--preset--color--white)\"><div class=\"artcloud-content\"><a href=\"https:\/\/henkilot.vihreat.fi\/minna.roukkio-taipale\/2025\/02\/19\/nakokulmaa-nuorten-mukaan-saamiseen\/\"><h3 style=\"color:var(--wp--preset--color--black);font-size:18px\">N\u00e4k\u00f6kulmaa nuorten mukaan saamiseen<\/h3><p style=\"color:var(--wp--preset--color--black)\">Olen kuunnellut ja ihmetellyt hallituksen&#8230;<\/p><a href=\"https:\/\/henkilot.vihreat.fi\/minna.roukkio-taipale\/2025\/02\/19\/nakokulmaa-nuorten-mukaan-saamiseen\/\" style=\"color:var(--wp--preset--color--black)\">Lue lis\u00e4\u00e4<span class=\"readmoresvg\"><svg width=\"20px\" height=\"20px\" viewBox=\"0 0 24 24\" fill=\"none\" style=\"position:relative; top:5px\" xmlns=\"http:\/\/www.w3.org\/2000\/svg\">\n<g id=\"SVGRepo_bgCarrier\" stroke-width=\"0\"\/>\n<g id=\"SVGRepo_tracerCarrier\" stroke-linecap=\"round\" stroke-linejoin=\"round\"\/>\n<g id=\"SVGRepo_iconCarrier\">\n<path fill-rule=\"evenodd\" clip-rule=\"evenodd\" d=\"M12.293 7.293a1 1 0 0 1 1.414 0l4 4a1 1 0 0 1 0 1.414l-4 4a1 1 0 0 1-1.414-1.414L15.586 12l-3.293-3.293a1 1 0 0 1 0-1.414Z\" fill=\"#000000\"\/>\n<path fill-rule=\"evenodd\" clip-rule=\"evenodd\" d=\"M6.293 7.293a1 1 0 0 1 1.414 0l4 4a1 1 0 0 1 0 1.414l-4 4a1 1 0 0 1-1.414-1.414L9.586 12 6.293 8.707a1 1 0 0 1 0-1.414Z\" fill=\"#000000\"\/>\n<\/g>\n<\/svg><\/span><\/a><\/a><\/div><\/div><div class=\"artcloud-item col-4\" style=\"background-color:var(--wp--preset--color--white)\"><div class=\"artcloud-content\"><a href=\"https:\/\/henkilot.vihreat.fi\/minna.roukkio-taipale\/2024\/04\/14\/hyvinvointiyhteiskunta-elaa\/\"><h3 style=\"color:var(--wp--preset--color--black);font-size:18px\">Hyvinvointiyhteiskunta el\u00e4\u00e4<\/h3><p style=\"color:var(--wp--preset--color--black)\">Hyvinvointiyhteiskunta perustuu Suomessa sosiaaliseen hyvinvointiin&#8230;.<\/p><a href=\"https:\/\/henkilot.vihreat.fi\/minna.roukkio-taipale\/2024\/04\/14\/hyvinvointiyhteiskunta-elaa\/\" style=\"color:var(--wp--preset--color--black)\">Lue lis\u00e4\u00e4<span class=\"readmoresvg\"><svg width=\"20px\" height=\"20px\" viewBox=\"0 0 24 24\" fill=\"none\" style=\"position:relative; top:5px\" xmlns=\"http:\/\/www.w3.org\/2000\/svg\">\n<g id=\"SVGRepo_bgCarrier\" stroke-width=\"0\"\/>\n<g id=\"SVGRepo_tracerCarrier\" stroke-linecap=\"round\" stroke-linejoin=\"round\"\/>\n<g id=\"SVGRepo_iconCarrier\">\n<path fill-rule=\"evenodd\" clip-rule=\"evenodd\" d=\"M12.293 7.293a1 1 0 0 1 1.414 0l4 4a1 1 0 0 1 0 1.414l-4 4a1 1 0 0 1-1.414-1.414L15.586 12l-3.293-3.293a1 1 0 0 1 0-1.414Z\" fill=\"#000000\"\/>\n<path fill-rule=\"evenodd\" clip-rule=\"evenodd\" d=\"M6.293 7.293a1 1 0 0 1 1.414 0l4 4a1 1 0 0 1 0 1.414l-4 4a1 1 0 0 1-1.414-1.414L9.586 12 6.293 8.707a1 1 0 0 1 0-1.414Z\" fill=\"#000000\"\/>\n<\/g>\n<\/svg><\/span><\/a><\/a><\/div><\/div><div class=\"artcloud-item col-4\" style=\"background-color:var(--wp--preset--color--white)\"><div class=\"artcloud-content\"><a href=\"https:\/\/henkilot.vihreat.fi\/minna.roukkio-taipale\/2024\/04\/14\/kaavamuutoksen-vastustusta\/\"><h3 style=\"color:var(--wp--preset--color--black);font-size:18px\">Kaavamuutoksen vastustusta<\/h3><p style=\"color:var(--wp--preset--color--black)\">Vastustimme Bolidenin pyyt\u00e4m\u00e4\u00e4 kaavamuutosta. Kaavamuutosta&#8230;<\/p><a href=\"https:\/\/henkilot.vihreat.fi\/minna.roukkio-taipale\/2024\/04\/14\/kaavamuutoksen-vastustusta\/\" style=\"color:var(--wp--preset--color--black)\">Lue lis\u00e4\u00e4<span class=\"readmoresvg\"><svg width=\"20px\" height=\"20px\" viewBox=\"0 0 24 24\" fill=\"none\" style=\"position:relative; top:5px\" xmlns=\"http:\/\/www.w3.org\/2000\/svg\">\n<g id=\"SVGRepo_bgCarrier\" stroke-width=\"0\"\/>\n<g id=\"SVGRepo_tracerCarrier\" stroke-linecap=\"round\" stroke-linejoin=\"round\"\/>\n<g id=\"SVGRepo_iconCarrier\">\n<path fill-rule=\"evenodd\" clip-rule=\"evenodd\" d=\"M12.293 7.293a1 1 0 0 1 1.414 0l4 4a1 1 0 0 1 0 1.414l-4 4a1 1 0 0 1-1.414-1.414L15.586 12l-3.293-3.293a1 1 0 0 1 0-1.414Z\" fill=\"#000000\"\/>\n<path fill-rule=\"evenodd\" clip-rule=\"evenodd\" d=\"M6.293 7.293a1 1 0 0 1 1.414 0l4 4a1 1 0 0 1 0 1.414l-4 4a1 1 0 0 1-1.414-1.414L9.586 12 6.293 8.707a1 1 0 0 1 0-1.414Z\" fill=\"#000000\"\/>\n<\/g>\n<\/svg><\/span><\/a><\/a><\/div><\/div><div class=\"artcloud-item col-4\" style=\"background-color:var(--wp--preset--color--white)\"><div class=\"artcloud-content\"><a href=\"https:\/\/henkilot.vihreat.fi\/minna.roukkio-taipale\/2023\/04\/25\/moikka-maailma\/\"><h3 style=\"color:var(--wp--preset--color--black);font-size:18px\">J\u00e4tteiden erillisker\u00e4yksen kasvattaminen hy\u00f6dytt\u00e4\u00e4 luontoa usealla tavalla<\/h3><p style=\"color:var(--wp--preset--color--black)\">J\u00e4teasiat ovat oma lajinsa, ja&#8230;<\/p><a href=\"https:\/\/henkilot.vihreat.fi\/minna.roukkio-taipale\/2023\/04\/25\/moikka-maailma\/\" style=\"color:var(--wp--preset--color--black)\">Lue lis\u00e4\u00e4<span class=\"readmoresvg\"><svg width=\"20px\" height=\"20px\" viewBox=\"0 0 24 24\" fill=\"none\" style=\"position:relative; top:5px\" xmlns=\"http:\/\/www.w3.org\/2000\/svg\">\n<g id=\"SVGRepo_bgCarrier\" stroke-width=\"0\"\/>\n<g id=\"SVGRepo_tracerCarrier\" stroke-linecap=\"round\" stroke-linejoin=\"round\"\/>\n<g id=\"SVGRepo_iconCarrier\">\n<path fill-rule=\"evenodd\" clip-rule=\"evenodd\" d=\"M12.293 7.293a1 1 0 0 1 1.414 0l4 4a1 1 0 0 1 0 1.414l-4 4a1 1 0 0 1-1.414-1.414L15.586 12l-3.293-3.293a1 1 0 0 1 0-1.414Z\" fill=\"#000000\"\/>\n<path fill-rule=\"evenodd\" clip-rule=\"evenodd\" d=\"M6.293 7.293a1 1 0 0 1 1.414 0l4 4a1 1 0 0 1 0 1.414l-4 4a1 1 0 0 1-1.414-1.414L9.586 12 6.293 8.707a1 1 0 0 1 0-1.414Z\" fill=\"#000000\"\/>\n<\/g>\n<\/svg><\/span><\/a><\/a><\/div><\/div><div class=\"artcloud-item col-4\" style=\"background-color:var(--wp--preset--color--white)\"><div class=\"artcloud-content\"><a href=\"https:\/\/henkilot.vihreat.fi\/minna.roukkio-taipale\/2023\/03\/17\/pohdintaa-aanestamisen-vaikeudesta\/\"><h3 style=\"color:var(--wp--preset--color--black);font-size:18px\">Pohdintaa \u00e4\u00e4nest\u00e4misen vaikeudesta<\/h3><p style=\"color:var(--wp--preset--color--black)\">Hyv\u00e4n ehdokkaan merkki on my\u00f6s&#8230;<\/p><a href=\"https:\/\/henkilot.vihreat.fi\/minna.roukkio-taipale\/2023\/03\/17\/pohdintaa-aanestamisen-vaikeudesta\/\" style=\"color:var(--wp--preset--color--black)\">Lue lis\u00e4\u00e4<span class=\"readmoresvg\"><svg width=\"20px\" height=\"20px\" viewBox=\"0 0 24 24\" fill=\"none\" style=\"position:relative; top:5px\" xmlns=\"http:\/\/www.w3.org\/2000\/svg\">\n<g id=\"SVGRepo_bgCarrier\" stroke-width=\"0\"\/>\n<g id=\"SVGRepo_tracerCarrier\" stroke-linecap=\"round\" stroke-linejoin=\"round\"\/>\n<g id=\"SVGRepo_iconCarrier\">\n<path fill-rule=\"evenodd\" clip-rule=\"evenodd\" d=\"M12.293 7.293a1 1 0 0 1 1.414 0l4 4a1 1 0 0 1 0 1.414l-4 4a1 1 0 0 1-1.414-1.414L15.586 12l-3.293-3.293a1 1 0 0 1 0-1.414Z\" fill=\"#000000\"\/>\n<path fill-rule=\"evenodd\" clip-rule=\"evenodd\" d=\"M6.293 7.293a1 1 0 0 1 1.414 0l4 4a1 1 0 0 1 0 1.414l-4 4a1 1 0 0 1-1.414-1.414L9.586 12 6.293 8.707a1 1 0 0 1 0-1.414Z\" fill=\"#000000\"\/>\n<\/g>\n<\/svg><\/span><\/a><\/a><\/div><\/div><div class=\"artcloud-item col-4\" style=\"background-color:var(--wp--preset--color--white)\"><div class=\"artcloud-content\"><a href=\"https:\/\/henkilot.vihreat.fi\/minna.roukkio-taipale\/2021\/05\/18\/vihreat-blogissa-tapahtuu-lorem-ipsum-dolor-sit-amet\/\"><h3 style=\"color:var(--wp--preset--color--black);font-size:18px\">Kotihoidosta asiaa<\/h3><p style=\"color:var(--wp--preset--color--black)\">Miksi hoitajien m\u00e4\u00e4r\u00e4 on niin&#8230;<\/p><a href=\"https:\/\/henkilot.vihreat.fi\/minna.roukkio-taipale\/2021\/05\/18\/vihreat-blogissa-tapahtuu-lorem-ipsum-dolor-sit-amet\/\" style=\"color:var(--wp--preset--color--black)\">Lue lis\u00e4\u00e4<span class=\"readmoresvg\"><svg width=\"20px\" height=\"20px\" viewBox=\"0 0 24 24\" fill=\"none\" style=\"position:relative; top:5px\" xmlns=\"http:\/\/www.w3.org\/2000\/svg\">\n<g id=\"SVGRepo_bgCarrier\" stroke-width=\"0\"\/>\n<g id=\"SVGRepo_tracerCarrier\" stroke-linecap=\"round\" stroke-linejoin=\"round\"\/>\n<g id=\"SVGRepo_iconCarrier\">\n<path fill-rule=\"evenodd\" clip-rule=\"evenodd\" d=\"M12.293 7.293a1 1 0 0 1 1.414 0l4 4a1 1 0 0 1 0 1.414l-4 4a1 1 0 0 1-1.414-1.414L15.586 12l-3.293-3.293a1 1 0 0 1 0-1.414Z\" fill=\"#000000\"\/>\n<path fill-rule=\"evenodd\" clip-rule=\"evenodd\" d=\"M6.293 7.293a1 1 0 0 1 1.414 0l4 4a1 1 0 0 1 0 1.414l-4 4a1 1 0 0 1-1.414-1.414L9.586 12 6.293 8.707a1 1 0 0 1 0-1.414Z\" fill=\"#000000\"\/>\n<\/g>\n<\/svg><\/span><\/a><\/a><\/div><\/div><div class=\"artcloud-item col-4\" style=\"background-color:var(--wp--preset--color--white)\"><div class=\"artcloud-content\"><a href=\"https:\/\/henkilot.vihreat.fi\/minna.roukkio-taipale\/2021\/01\/01\/blogi-artikkelin-otsikko-lorem-ipsum-dolor-sit-amet\/\"><h3 style=\"color:var(--wp--preset--color--black);font-size:18px\">Vanhempienraadin puolesta kaupungille tehtyj\u00e4 vetoomuksia<\/h3><p style=\"color:var(--wp--preset--color--black)\">Koivuhaan koulun vanhempienraadin puheenjohtajana olen&#8230;<\/p><a href=\"https:\/\/henkilot.vihreat.fi\/minna.roukkio-taipale\/2021\/01\/01\/blogi-artikkelin-otsikko-lorem-ipsum-dolor-sit-amet\/\" style=\"color:var(--wp--preset--color--black)\">Lue lis\u00e4\u00e4<span class=\"readmoresvg\"><svg width=\"20px\" height=\"20px\" viewBox=\"0 0 24 24\" fill=\"none\" style=\"position:relative; top:5px\" xmlns=\"http:\/\/www.w3.org\/2000\/svg\">\n<g id=\"SVGRepo_bgCarrier\" stroke-width=\"0\"\/>\n<g id=\"SVGRepo_tracerCarrier\" stroke-linecap=\"round\" stroke-linejoin=\"round\"\/>\n<g id=\"SVGRepo_iconCarrier\">\n<path fill-rule=\"evenodd\" clip-rule=\"evenodd\" d=\"M12.293 7.293a1 1 0 0 1 1.414 0l4 4a1 1 0 0 1 0 1.414l-4 4a1 1 0 0 1-1.414-1.414L15.586 12l-3.293-3.293a1 1 0 0 1 0-1.414Z\" fill=\"#000000\"\/>\n<path fill-rule=\"evenodd\" clip-rule=\"evenodd\" d=\"M6.293 7.293a1 1 0 0 1 1.414 0l4 4a1 1 0 0 1 0 1.414l-4 4a1 1 0 0 1-1.414-1.414L9.586 12 6.293 8.707a1 1 0 0 1 0-1.414Z\" fill=\"#000000\"\/>\n<\/g>\n<\/svg><\/span><\/a><\/a><\/div><\/div><\/div><div style=\"margin-top:40px !important;\"><a href=\"#\" id=\"load_more_posts-style3\" class=\"wp-block-button__link wp-element-button\" data-attributes=\"{&quot;title&quot;:&quot;Kirjoituksiani&quot;,&quot;numberOfItems&quot;:12,&quot;displayDescription&quot;:true,&quot;selectedStyle&quot;:&quot;style3&quot;,&quot;titleColor&quot;:&quot;var(--wp--preset--color--black)&quot;,&quot;headingColor&quot;:&quot;var(--wp--preset--color--primary)&quot;,&quot;displayFeaturedImage&quot;:true,&quot;displayhDescription&quot;:true,&quot;displayAuthor&quot;:true,&quot;displayDate&quot;:true,&quot;displayTime&quot;:true,&quot;displayPagination&quot;:false,&quot;buttonRadius&quot;:true,&quot;displayLoadMore&quot;:true,&quot;selectedCol&quot;:&quot;4&quot;,&quot;buttonStyle&quot;:&quot;style1&quot;,&quot;postType&quot;:&quot;post&quot;,&quot;selectedTitles&quot;:[],&quot;backgroundColor&quot;:&quot;var(--wp--preset--color--white)&quot;,&quot;selectedSide&quot;:&quot;left&quot;,&quot;textColor&quot;:&quot;var(--wp--preset--color--black)&quot;,&quot;btnColor&quot;:&quot;var(--wp--preset--color--primary)&quot;,&quot;btnTextColor&quot;:&quot;var(--wp--preset--color--white)&quot;,&quot;hpostTitleColor&quot;:&quot;var(--wp--preset--color--black)&quot;,&quot;hpostTextColor&quot;:&quot;var(--wp--preset--color--black)&quot;,&quot;hpostBgColor&quot;:&quot;var(--wp--preset--color--white)&quot;,&quot;htitleborder&quot;:&quot;var(--wp--preset--color--primary)&quot;,&quot;order&quot;:&quot;desc&quot;,&quot;orderBy&quot;:&quot;date&quot;,&quot;fontSize&quot;:27,&quot;wordsCount&quot;:5,&quot;displayCategory&quot;:true,&quot;displayTitleBorder&quot;:true}\" data-offset=\"12\">N\u00e4yt\u00e4 lis\u00e4\u00e4<\/a><\/div><\/div><\/div>","protected":false},"excerpt":{"rendered":"<p>T\u00e4\u00e4lt\u00e4 voit lukea viime aikaisia ajatuksiani liittyen ymp\u00e4rist\u00f6\u00f6n, vihre\u00e4\u00e4n politiikkaan ja yhteiskuntaan.<\/p>\n","protected":false},"author":1,"featured_media":0,"parent":0,"menu_order":0,"comment_status":"closed","ping_status":"closed","template":"","meta":{"_crdt_document":"","footnotes":""},"class_list":["post-26374","page","type-page","status-publish","hentry"],"_links":{"self":[{"href":"https:\/\/henkilot.vihreat.fi\/minna.roukkio-taipale\/wp-json\/wp\/v2\/pages\/26374","targetHints":{"allow":["GET"]}}],"collection":[{"href":"https:\/\/henkilot.vihreat.fi\/minna.roukkio-taipale\/wp-json\/wp\/v2\/pages"}],"about":[{"href":"https:\/\/henkilot.vihreat.fi\/minna.roukkio-taipale\/wp-json\/wp\/v2\/types\/page"}],"author":[{"embeddable":true,"href":"https:\/\/henkilot.vihreat.fi\/minna.roukkio-taipale\/wp-json\/wp\/v2\/users\/1"}],"replies":[{"embeddable":true,"href":"https:\/\/henkilot.vihreat.fi\/minna.roukkio-taipale\/wp-json\/wp\/v2\/comments?post=26374"}],"version-history":[{"count":6,"href":"https:\/\/henkilot.vihreat.fi\/minna.roukkio-taipale\/wp-json\/wp\/v2\/pages\/26374\/revisions"}],"predecessor-version":[{"id":26517,"href":"https:\/\/henkilot.vihreat.fi\/minna.roukkio-taipale\/wp-json\/wp\/v2\/pages\/26374\/revisions\/26517"}],"wp:attachment":[{"href":"https:\/\/henkilot.vihreat.fi\/minna.roukkio-taipale\/wp-json\/wp\/v2\/media?parent=26374"}],"curies":[{"name":"wp","href":"https:\/\/api.w.org\/{rel}","templated":true}]}}