{"id":24816,"date":"2016-07-06T12:19:32","date_gmt":"2016-07-06T12:19:32","guid":{"rendered":"http:\/\/localhost\/vihreat\/?page_id=24816"},"modified":"2025-03-18T13:23:24","modified_gmt":"2025-03-18T11:23:24","slug":"etusivu","status":"publish","type":"page","link":"https:\/\/henkilot.vihreat.fi\/minna.roukkio-taipale\/","title":{"rendered":"Etusivu"},"content":{"rendered":"\n<div class=\"wp-block-artcloud-blocks-artcloud-hero alignfull\"><style>\n\t\t\t\t.artcloud_hero_block_wrapper.style2 .artcloud_hero_image img {\n\t\t\t\t\tmask-image: url(\"https:\/\/henkilot.vihreat.fi\/minna.roukkio-taipale\/wp-content\/themes\/vihreat\/svgC\/chakra.svg\");\n\t\t\t\t\tmask-position: center;\n\t    mask-repeat: no-repeat;\n\t    mask-size: 100% auto;\n\t    max-width: 100%;\n\t    height: 494px;\n\t    object-fit: cover;\n\t    text-align: center;\n\t    margin: 0 auto;\n\t    width: 29.7rem !important;\n                }\n\t\t\t\t\t.artcloud_hero_cover {\n\t\t\t\t\tpadding-bottom: 4rem;\n\t\t\t\t\tpadding-top: 0rem;\n\t\t\t}\n\t\t\t\t\t\t\t\t\t.transparent-header-on .artcloud_hero_cover {\n\t\t\t\t\tpadding-top: calc(0rem + 190px) !important;\n\t\t\t}\n\t\t\t\n\t\t\t\t\t.artcloud_hero_group {\n\t\t\t\t\t\tmargin-bottom: 4rem;\n\t\t\t\t\tmargin-top: 0rem;\n\t\t\t\t\t}\n\t\t\t\t\t.artcloud_hero_block_wrapper.style1.pattern1\n\t\t\t\t\t.artcloud_hero_column_image::before {\n\t\t\t\t\tcontent: \"\";\n\t\t\t\t\tposition: absolute;\n\t\t\t\t\ttop: 0;\n\t\t\t\t\tbottom: 0;\n\t\t\t\t\theight: 32rem;\n\t\t\t\t\twidth: 6rem;\n\t\t\t\t\tleft: calc(0% - 1px);\n\t\t\t\t\tbackground: var(--wp--preset--color--yellow-green);\n\t\t\t\t\t-webkit-clip-path: polygon(0 100%, 0 0, 100% 50%);\n\t\t\t\t\tclip-path: polygon(0 100%, 0 0, 100% 50%);\n\t\t\t\t\tz-index: 1;\n\t\t\t\t}\n\t\t\t\t.artcloud_hero_block_wrapper.style1.pattern1.right\n\t\t\t\t\t.artcloud_hero_column_image::before {\n\t\t\t\t\tright: calc(0% - 1px);\n\t\t\t\t\tleft: unset;\n\t\t\t\t\trotate: 180deg;\n\t\t\t\t}\n\t\t\t\t.artcloud_hero_block_wrapper.style1.pattern3\n\t\t\t\t\t.artcloud_hero_column_image::before {\n\t\t\t\t\tcontent: \"\";\n\t\t\t\t\tposition: absolute;\n\t\t\t\t\ttop: 0;\n\t\t\t\t\tbottom: 0;\n\t\t\t\t\theight: 32rem;\n\t\t\t\t\twidth: 6rem;\n\t\t\t\t\tleft: calc(0% - 1px);\n\t\t\t\t\tbackground: var(--wp--preset--color--yellow-green);\n\t\t\t\t\tclip-path: polygon(0 0, 0 100%, 100% 0);\n\t\t\t\t\t-webkit-clip-path: polygon(0 0, 0 100%, 100% 0);\n\t\t\t\t\tz-index: 1;\n\t\t\t\t}\n\t\t\t\t.artcloud_hero_block_wrapper.style1.pattern3.right\n\t\t\t\t\t.artcloud_hero_column_image::before {\n\t\t\t\t\tleft: unset;\n\t\t\t\t\tright: calc(0% - 1px);\n\t\t\t\t\trotate: 180deg;\n\t\t\t\t}\n\t\t\t\t.artcloud_hero_block_wrapper.style1.pattern2\n\t\t\t\t\t.artcloud_hero_column_image::before {\n\t\t\t\t\tcontent: \"\";\n\t\t\t\t\tposition: absolute;\n\t\t\t\t\ttop: 0;\n\t\t\t\t\tbottom: 0;\n\t\t\t\t\theight: 32rem;\n\t\t\t\t\twidth: 6rem;\n\t\t\t\t\tleft: calc(0% - 1px);\n\t\t\t\t\tbackground: var(--wp--preset--color--yellow-green);\n\t\t\t\t\tclip-path: polygon(100% 0, 0 50%, 100% 100%, 0 100%, 0 55%, 0 0);\n\t\t\t\t\t-webkit-clip-path: polygon(100% 0, 0 50%, 100% 100%, 0 100%, 0 55%, 0 0);\n\t\t\t\t\tz-index: 1;\n\t\t\t\t}\n\t\t\t\t.artcloud_hero_block_wrapper.style1.pattern2.right\n\t\t\t\t\t.artcloud_hero_column_image::before {\n\t\t\t\t\tleft: unset;\n\t\t\t\t\tright: calc(0% - 1px);\n\t\t\t\t\trotate: 180deg;\n\t\t\t\t}\n\t\t\t\t\t.style3 .artcloud_hero_column_content{\n\t\t\t\tmax-width: 64% !important;\n\t\t\t\t}\n\t\t\t<\/style><div class=\"artcloud_hero_block_wrapper style1 pattern2 left\">\n\n<div class=\"wp-block-cover artcloud_hero_cover\" style=\"margin-top:var(--wp--preset--spacing--20);margin-bottom:var(--wp--preset--spacing--20);padding-bottom:var(--wp--preset--spacing--20)\"><span aria-hidden=\"true\" class=\"wp-block-cover__background has-accent-background-color has-background-dim-100 has-background-dim\"><\/span><div class=\"wp-block-cover__inner-container is-layout-flow wp-block-cover-is-layout-flow\">\n\n<div class=\"wp-block-columns artcloud_hero_column_main is-layout-flex wp-container-core-columns-is-layout-f56f613f wp-block-columns-is-layout-flex\">\n\n<div class=\"wp-block-column is-vertically-aligned-center artcloud_hero_column_content is-layout-flow wp-block-column-is-layout-flow\">\n\n<h2 class=\"wp-block-heading artcloud_hero_heading\">Minna Roukkio-Taipale<\/h2>\n\n\n<p class=\"artcloud_hero_description wp-block-paragraph\">Tervetuloa katsomaan kuka olen, ja mist\u00e4 suunnasta katson maailmaa.<\/p>\n\n\n<div class=\"wp-block-columns artcloud_hero_columns_child is-layout-flex wp-container-core-columns-is-layout-f56f613f wp-block-columns-is-layout-flex\">\n\n<div class=\"wp-block-column is-vertically-aligned-center artcloud_hero_column_child is-layout-flow wp-block-column-is-layout-flow\">\n\n<div class=\"wp-block-buttons artcloud_hero_button is-layout-flex wp-block-buttons-is-layout-flex\">\n\n<div class=\"wp-block-button artcloud_hero_button\"><a class=\"wp-block-button__link wp-element-button\" href=\"#\">Lahjoita<\/a><\/div>\n\n\n<div class=\"wp-block-button artcloud_hero_button\"><a class=\"wp-block-button__link wp-element-button\" href=\"#\">Liity j\u00e4seneksi<\/a><\/div>\n\n<\/div>\n\n<\/div>\n\n<\/div>\n\n<\/div>\n\n\n<div class=\"wp-block-column artcloud_hero_column_image is-layout-flow wp-block-column-is-layout-flow\">\n\n<figure class=\"wp-block-image size-full artcloud_hero_image\"><img loading=\"lazy\" decoding=\"async\" width=\"1488\" height=\"1488\" src=\"https:\/\/henkilot.vihreat.fi\/minna.roukkio-taipale\/files\/2025\/02\/aluevaalikuva1-1-scaled-e1739636078715.jpg\" alt=\"\" class=\"wp-image-26526\" srcset=\"https:\/\/henkilot.vihreat.fi\/minna.roukkio-taipale\/files\/2025\/02\/aluevaalikuva1-1-scaled-e1739636078715.jpg 1488w, https:\/\/henkilot.vihreat.fi\/minna.roukkio-taipale\/files\/2025\/02\/aluevaalikuva1-1-scaled-e1739636078715-1024x1024.jpg 1024w, https:\/\/henkilot.vihreat.fi\/minna.roukkio-taipale\/files\/2025\/02\/aluevaalikuva1-1-scaled-e1739636078715-150x150.jpg 150w, https:\/\/henkilot.vihreat.fi\/minna.roukkio-taipale\/files\/2025\/02\/aluevaalikuva1-1-scaled-e1739636078715-768x768.jpg 768w\" sizes=\"auto, (max-width: 1488px) 100vw, 1488px\" \/><\/figure>\n\n<\/div>\n\n<\/div>\n\n<\/div><\/div>\n\n<\/div><\/div>\n\n\n\n<p class=\"p1 wp-block-paragraph\">Olen 50 vuotta t\u00e4ytt\u00e4nyt LVI-suunnittelija Keski-Pohjanmaalta. Olen asunut noin puolet el\u00e4m\u00e4st\u00e4ni Kokkolassa. Olen mukana Keski-Pohjanmaan Vihreiss\u00e4 puheenjohtajana, ammattiyhdistyksen toiminnassa sek\u00e4 lasten hyvinvointia tukevassa paikallistoiminnassa.<\/p>\n\n\n\n<p class=\"p1 wp-block-paragraph\">Historiani esittelen tarkemmin kohdassa &#8221;Minna&#8221; &#8211; sielt\u00e4 l\u00f6yd\u00e4t my\u00f6s linkin el\u00e4m\u00e4ni \u00e4\u00e4nitarinaan Spotifyssa.<\/p>\n\n\n<div class=\"wp-block-artcloud-blocks-artcloud-posts\" ><div id=\"loadPost-style1\"><h2 class=\"block-titleH2\" style=\"padding-bottom: 15px; border-bottom: 1px solid var(--wp--preset--color--primary);color: var(--wp--preset--color--primary);\">Ajankohtaista<\/h2><div class=\"row style1\"><div class=\"artcloud-item col-4 left\" style=\"background-color:var(--wp--preset--color--white)\"><div class=\"artcloud-item-content\"><div class=\"artcloud-post\"><div class=\"artcloud-postImg\"><a href=\"https:\/\/henkilot.vihreat.fi\/minna.roukkio-taipale\/2025\/03\/01\/netiton-maailma\/\"><img decoding=\"async\" src=\"https:\/\/henkilot.vihreat.fi\/minna.roukkio-taipale\/wp-content\/themes\/vihreat\/assets\/img\/default-image.jpg\" alt=\"Netit\u00f6n maailma\"><\/a><\/div><div class=\"artcloud-content\" style=\"background-color:var(--wp--preset--color--white)\"><span style=\"color:var(--wp--preset--color--black)\">01.03.2025<\/span> | <span style=\"color:var(--wp--preset--color--black)\">Minna Roukkio-Taipale<\/span><p class=\"post-category\"><span style=\"color:var(--wp--preset--color--black)\">Tiedotteet<\/span><\/p><a href=\"https:\/\/henkilot.vihreat.fi\/minna.roukkio-taipale\/2025\/03\/01\/netiton-maailma\/\"><h3 style=\"color:var(--wp--preset--color--black)\">Netit\u00f6n maailma<\/h3><\/a><\/div><\/div><div class=\"artcloud-readmore\"><a href=\"https:\/\/henkilot.vihreat.fi\/minna.roukkio-taipale\/2025\/03\/01\/netiton-maailma\/\" class=\"wp-block-button__link wp-element-button\"style=\"color:var(--wp--preset--color--white);background-color:var(--wp--preset--color--primary)\">Lue lis\u00e4\u00e4<\/a><\/div><\/div><\/div><div class=\"artcloud-item col-4\" style=\"background-color:var(--wp--preset--color--white)\"><div class=\"artcloud-item-content\"><div class=\"artcloud-post\"><div class=\"artcloud-postImg\"><a href=\"https:\/\/henkilot.vihreat.fi\/minna.roukkio-taipale\/2025\/02\/19\/nakokulmaa-nuorten-mukaan-saamiseen\/\"><img decoding=\"async\" src=\"https:\/\/henkilot.vihreat.fi\/minna.roukkio-taipale\/wp-content\/themes\/vihreat\/assets\/img\/default-image.jpg\" alt=\"N\u00e4k\u00f6kulmaa nuorten mukaan saamiseen\"><\/a><\/div><div class=\"artcloud-content\" style=\"background-color:var(--wp--preset--color--white)\"><span style=\"color:var(--wp--preset--color--black)\">19.02.2025<\/span> | <span style=\"color:var(--wp--preset--color--black)\">Minna Roukkio-Taipale<\/span><p class=\"post-category\"><span style=\"color:var(--wp--preset--color--black)\">Tiedotteet<\/span><\/p><a href=\"https:\/\/henkilot.vihreat.fi\/minna.roukkio-taipale\/2025\/02\/19\/nakokulmaa-nuorten-mukaan-saamiseen\/\"><h3 style=\"color:var(--wp--preset--color--black)\">N\u00e4k\u00f6kulmaa nuorten mukaan saamiseen<\/h3><\/a><\/div><\/div><div class=\"artcloud-readmore\"><a href=\"https:\/\/henkilot.vihreat.fi\/minna.roukkio-taipale\/2025\/02\/19\/nakokulmaa-nuorten-mukaan-saamiseen\/\" class=\"wp-block-button__link wp-element-button\"style=\"color:var(--wp--preset--color--white);background-color:var(--wp--preset--color--primary)\">Lue lis\u00e4\u00e4<\/a><\/div><\/div><\/div><div class=\"artcloud-item col-4\" style=\"background-color:var(--wp--preset--color--white)\"><div class=\"artcloud-item-content\"><div class=\"artcloud-post\"><div class=\"artcloud-postImg\"><a href=\"https:\/\/henkilot.vihreat.fi\/minna.roukkio-taipale\/2024\/04\/14\/hyvinvointiyhteiskunta-elaa\/\"><img decoding=\"async\" src=\"https:\/\/henkilot.vihreat.fi\/minna.roukkio-taipale\/wp-content\/themes\/vihreat\/assets\/img\/default-image.jpg\" alt=\"Hyvinvointiyhteiskunta el\u00e4\u00e4\"><\/a><\/div><div class=\"artcloud-content\" style=\"background-color:var(--wp--preset--color--white)\"><span style=\"color:var(--wp--preset--color--black)\">14.04.2024<\/span> | <span style=\"color:var(--wp--preset--color--black)\">Minna Roukkio-Taipale<\/span><p class=\"post-category\"><span style=\"color:var(--wp--preset--color--black)\">Tiedotteet<\/span><\/p><a href=\"https:\/\/henkilot.vihreat.fi\/minna.roukkio-taipale\/2024\/04\/14\/hyvinvointiyhteiskunta-elaa\/\"><h3 style=\"color:var(--wp--preset--color--black)\">Hyvinvointiyhteiskunta el\u00e4\u00e4<\/h3><\/a><\/div><\/div><div class=\"artcloud-readmore\"><a href=\"https:\/\/henkilot.vihreat.fi\/minna.roukkio-taipale\/2024\/04\/14\/hyvinvointiyhteiskunta-elaa\/\" class=\"wp-block-button__link wp-element-button\"style=\"color:var(--wp--preset--color--white);background-color:var(--wp--preset--color--primary)\">Lue lis\u00e4\u00e4<\/a><\/div><\/div><\/div><\/div><div style=\"margin-top:40px !important;\"><a href=\"#\" id=\"load_more_posts-style1\" class=\"wp-block-button__link wp-element-button\" data-attributes=\"{&quot;title&quot;:&quot;Ajankohtaista&quot;,&quot;titleColor&quot;:&quot;var(--wp--preset--color--black)&quot;,&quot;headingColor&quot;:&quot;var(--wp--preset--color--primary)&quot;,&quot;numberOfItems&quot;:3,&quot;displayFeaturedImage&quot;:true,&quot;displayDescription&quot;:false,&quot;displayhDescription&quot;:true,&quot;displayAuthor&quot;:true,&quot;displayDate&quot;:true,&quot;displayTime&quot;:true,&quot;displayPagination&quot;:false,&quot;buttonRadius&quot;:true,&quot;displayLoadMore&quot;:true,&quot;selectedCol&quot;:&quot;4&quot;,&quot;buttonStyle&quot;:&quot;style1&quot;,&quot;postType&quot;:&quot;post&quot;,&quot;selectedTitles&quot;:[],&quot;backgroundColor&quot;:&quot;var(--wp--preset--color--white)&quot;,&quot;selectedStyle&quot;:&quot;style1&quot;,&quot;selectedSide&quot;:&quot;left&quot;,&quot;textColor&quot;:&quot;var(--wp--preset--color--black)&quot;,&quot;btnColor&quot;:&quot;var(--wp--preset--color--primary)&quot;,&quot;btnTextColor&quot;:&quot;var(--wp--preset--color--white)&quot;,&quot;hpostTitleColor&quot;:&quot;var(--wp--preset--color--black)&quot;,&quot;hpostTextColor&quot;:&quot;var(--wp--preset--color--black)&quot;,&quot;hpostBgColor&quot;:&quot;var(--wp--preset--color--white)&quot;,&quot;htitleborder&quot;:&quot;var(--wp--preset--color--primary)&quot;,&quot;order&quot;:&quot;desc&quot;,&quot;orderBy&quot;:&quot;date&quot;,&quot;fontSize&quot;:27,&quot;wordsCount&quot;:5,&quot;displayCategory&quot;:true,&quot;displayTitleBorder&quot;:true}\" data-offset=\"3\">N\u00e4yt\u00e4 lis\u00e4\u00e4<\/a><\/div><\/div><\/div>\n\n\n<div class=\"wp-block-artcloud-blocks-artcloud-feedback-group\"><h2 class=\"block-titleH2\" style=\"color:var(--wp--preset--color--primary)\">Sitaatti lohko<\/h2>\n<div class=\"wp-block-columns artcloud_card_columns_main is-layout-flex wp-container-core-columns-is-layout-f56f613f wp-block-columns-is-layout-flex\">\n<div class=\"wp-block-column artcloud_card_column is-layout-flow wp-block-column-is-layout-flow\">\n<div class=\"wp-block-artcloud-blocks-artcloud-feedback feedback-text-align artcloud_card_single\"><style> .wp-block-artcloud-blocks-artcloud-feedback .artcloud-feedback-3f450bd6-f3a3-490c-8a6a-b76d777ab636 {\n\t\t\t\t\t\n\t\t\t\t\tmask-position: center;\n\t\t\t\t\tbackground-color: var(--wp--preset--color--primary);\n\t\t\t\t\tmask-repeat: no-repeat;\n\t\t\t\t\tmask-size: 100%;\n\t\t\t\t\theight:21rem;\n\t\t\t\t\tmax-width: 28rem;\n                }<\/style><style> .artcloud_fb_heading{\n\t\t\t\t\ttop: 6rem;\n\t\t\t\t}<\/style><style> .artcloud_fb_description{\n\t\t\t\t\ttop: 7rem;\n\t\t\t\t}\n\t\t\t\t<\/style><div class=\"artcloud-feedback-wrapper\"><div class=\"artcloud-feedback-3f450bd6-f3a3-490c-8a6a-b76d777ab636 feedback-mask\">\n<h2 class=\"wp-block-heading artcloud_fb_heading\">&#8221;Jonkin on muututtava, jotta el\u00e4m\u00e4ss\u00e4 arvokas s\u00e4ilyy ennallaan.&#8221;<\/h2>\n\n\n\n<p class=\"artcloud_fb_description wp-block-paragraph\">Maria Ohisalo; PJ-p\u00e4iv\u00e4t 2023<\/p>\n<\/div><\/div><\/div>\n<\/div>\n<\/div>\n<\/div>\n","protected":false},"excerpt":{"rendered":"<p>Olen 50 vuotta t\u00e4ytt\u00e4nyt LVI-suunnittelija Keski-Pohjanmaalta. Olen asunut noin puolet el\u00e4m\u00e4st\u00e4ni Kokkolassa. Olen mukana Keski-Pohjanmaan Vihreiss\u00e4 puheenjohtajana, ammattiyhdistyksen toiminnassa sek\u00e4 lasten hyvinvointia tukevassa paikallistoiminnassa. Historiani esittelen tarkemmin kohdassa &#8221;Minna&#8221; &#8211; sielt\u00e4 l\u00f6yd\u00e4t my\u00f6s linkin el\u00e4m\u00e4ni \u00e4\u00e4nitarinaan Spotifyssa.<\/p>\n","protected":false},"author":1,"featured_media":0,"parent":0,"menu_order":0,"comment_status":"closed","ping_status":"closed","template":"","meta":{"_crdt_document":"","footnotes":""},"class_list":["post-24816","page","type-page","status-publish","hentry"],"_links":{"self":[{"href":"https:\/\/henkilot.vihreat.fi\/minna.roukkio-taipale\/wp-json\/wp\/v2\/pages\/24816","targetHints":{"allow":["GET"]}}],"collection":[{"href":"https:\/\/henkilot.vihreat.fi\/minna.roukkio-taipale\/wp-json\/wp\/v2\/pages"}],"about":[{"href":"https:\/\/henkilot.vihreat.fi\/minna.roukkio-taipale\/wp-json\/wp\/v2\/types\/page"}],"author":[{"embeddable":true,"href":"https:\/\/henkilot.vihreat.fi\/minna.roukkio-taipale\/wp-json\/wp\/v2\/users\/1"}],"replies":[{"embeddable":true,"href":"https:\/\/henkilot.vihreat.fi\/minna.roukkio-taipale\/wp-json\/wp\/v2\/comments?post=24816"}],"version-history":[{"count":20,"href":"https:\/\/henkilot.vihreat.fi\/minna.roukkio-taipale\/wp-json\/wp\/v2\/pages\/24816\/revisions"}],"predecessor-version":[{"id":26558,"href":"https:\/\/henkilot.vihreat.fi\/minna.roukkio-taipale\/wp-json\/wp\/v2\/pages\/24816\/revisions\/26558"}],"wp:attachment":[{"href":"https:\/\/henkilot.vihreat.fi\/minna.roukkio-taipale\/wp-json\/wp\/v2\/media?parent=24816"}],"curies":[{"name":"wp","href":"https:\/\/api.w.org\/{rel}","templated":true}]}}