{"id":28659,"date":"2022-12-15T23:07:12","date_gmt":"2022-12-15T21:07:12","guid":{"rendered":"https:\/\/henkilot.vihreat.fi\/eve.ramo\/?page_id=28659"},"modified":"2023-03-17T17:03:12","modified_gmt":"2023-03-17T15:03:12","slug":"eduskuntavaalit-2023","status":"publish","type":"page","link":"https:\/\/henkilot.vihreat.fi\/eve.ramo\/politiikka\/eduskuntavaalit-2023\/","title":{"rendered":"Eduskuntavaalit 2023"},"content":{"rendered":"\n<div class=\"wp-block-columns is-layout-flex wp-container-core-columns-is-layout-28f84493 wp-block-columns-is-layout-flex\">\n<div class=\"wp-block-column is-layout-flow wp-block-column-is-layout-flow\" style=\"flex-basis:100%\">\n<div class=\"wp-block-columns is-layout-flex wp-container-core-columns-is-layout-28f84493 wp-block-columns-is-layout-flex\">\n<div class=\"wp-block-column is-vertically-aligned-top is-layout-flow wp-block-column-is-layout-flow\">\n<h2 class=\"wp-block-heading\">Vaaliteemat<\/h2>\n\n\n\n<h2 class=\"has-text-color wp-block-heading\" style=\"color:#913662\">Perheit\u00e4 on tuettava nykyist\u00e4 enemm\u00e4n<\/h2>\n\n\n\n<ul class=\"wp-block-list\">\n<li>Varhaiskasvatuksen hyv\u00e4 laatu on kaikkien etu ja hyv\u00e4 varhaiskasvatus v\u00e4hent\u00e4\u00e4 muiden palveluiden tarvetta. Varhaiskasvatuksen laadun parantaminen vaatii ty\u00f6ntekij\u00f6iden palkkauksen ja ty\u00f6olojen parannusta.<\/li>\n<\/ul>\n\n\n\n<ul class=\"wp-block-list\">\n<li>Hoitopolut on oltava helppoja ja sujuvia. Esimerkiksi nepsy-lasten diagnosointi ja tuki tulee saada nykyist\u00e4 nopeammin ja helpommin.<\/li>\n<\/ul>\n\n\n\n<ul class=\"wp-block-list\">\n<li>Kun voimavarat ovat v\u00e4hiss\u00e4 on apua saatava heti. Esimerkiksi kotipalvelua ja perhety\u00f6t\u00e4.<\/li>\n<\/ul>\n\n\n\n<ul class=\"wp-block-list\">\n<li>Tukea on saatava ennaltaehk\u00e4isev\u00e4sti ja matalalla kynnyksell\u00e4 ja mielell\u00e4\u00e4n maksutta.<\/li>\n<\/ul>\n\n\n\n<ul class=\"wp-block-list\">\n<li>Kaikenlaisten perheiden yhdenvertainen kohtelu on oltava itsest\u00e4\u00e4n selv\u00e4\u00e4 kaikissa palveluissa. Esimerkiksi neuvoloissa ei pid\u00e4 jakaa syrjiv\u00e4\u00e4 tai eriarvoistavaa materiaalia.<\/li>\n<\/ul>\n\n\n\n<div style=\"height:20px\" aria-hidden=\"true\" class=\"wp-block-spacer\"><\/div>\n\n\n\n<h2 class=\"has-text-color wp-block-heading\" style=\"color:#913662\">\u00c4itien hyvinvoinnista on pidett\u00e4v\u00e4 parempaa huolta<\/h2>\n\n\n\n<ul class=\"wp-block-list\">\n<li>\u00c4itien on saatava nykyist\u00e4 laadukkaampaa tukea raskaana ollessaan sek\u00e4 synnytyksen j\u00e4lkeen.<\/li>\n<\/ul>\n\n\n\n<ul class=\"wp-block-list\">\n<li>\u00c4itien kattava ja perusteellinen terveydenhoito ehk\u00e4isee muita sairauksia ja traumojen syntymist\u00e4.&nbsp;<\/li>\n<\/ul>\n\n\n\n<ul class=\"wp-block-list\">\n<li>Synnytyssairaaloita ei saa v\u00e4hent\u00e4\u00e4.<\/li>\n<\/ul>\n\n\n\n<ul class=\"wp-block-list\">\n<li>Pelot ja huolet tulee aidosti kohdata eik\u00e4 niit\u00e4 saa ohittaa tai v\u00e4h\u00e4tell\u00e4.<\/li>\n<\/ul>\n\n\n\n<ul class=\"wp-block-list\">\n<li>Neuvolassa tulee saada pitk\u00e4aikaista tukea ja vierell\u00e4 kulkemista ammattitaitoiselta ja tutulta ty\u00f6ntekij\u00e4lt\u00e4 joka tuntee perheen ja \u00e4idin tilanteen.<\/li>\n<\/ul>\n\n\n\n<ul class=\"wp-block-list\">\n<li>Neuvolapalveluita tulee laajentaa. Neuvolasta tulisi saada enemm\u00e4n perheohjausta, \u00e4itiysfysioterapiaa sek\u00e4 psyykkist\u00e4 tukea.<\/li>\n<\/ul>\n\n\n\n<ul class=\"wp-block-list\">\n<li>Asenneilmapiirin tulee muuttua sen suhteen, ett\u00e4 hoitoa ja asiallista kohtaamista ei tarvitse joutua vaatimaan.<\/li>\n<\/ul>\n\n\n\n<div style=\"height:20px\" aria-hidden=\"true\" class=\"wp-block-spacer\"><\/div>\n\n\n\n<h2 class=\"has-text-color wp-block-heading\" style=\"color:#913662\">Is\u00e4t on n\u00e4ht\u00e4v\u00e4 yhdenvertaisina vanhempina<\/h2>\n\n\n\n<ul class=\"wp-block-list\">\n<li>Lapsen oikeuksien mukaisesti lapsella on oikeus vanhempiinsa kaikissa perhemuodoissa.<\/li>\n<\/ul>\n\n\n\n<ul class=\"wp-block-list\">\n<li>Kaikissa palveluissa on pyritt\u00e4v\u00e4 huoltajien tasavertaiseen kohtaamiseen.<\/li>\n<\/ul>\n\n\n\n<ul class=\"wp-block-list\">\n<li>On kaikkien etu, ett\u00e4 perhevapaat jakautuvat nykyist\u00e4 tasaisemmin vanhempien kesken.<\/li>\n<\/ul>\n\n\n\n<ul class=\"wp-block-list\">\n<li>Ty\u00f6ntekij\u00f6it\u00e4 on koulutettava kohtaamaan kaikenlaisia perheit\u00e4 ja perhemuotoja &#8211; on t\u00e4rke\u00e4\u00e4, etteiv\u00e4t perheet ja vanhemmat joudu kohtaamaan ennakkoluuloja.<\/li>\n<\/ul>\n\n\n\n<div style=\"height:20px\" aria-hidden=\"true\" class=\"wp-block-spacer\"><\/div>\n\n\n\n<h2 class=\"has-text-color wp-block-heading\" style=\"color:#913662\">Lasten oikeus suojeluun on toteuduttava<\/h2>\n\n\n\n<ul class=\"wp-block-list\">\n<li>Lastensuojelun resurssit on turvattava &#8211; kelpoiset ja hyvinvoivat ty\u00f6ntekij\u00e4t takaavat laadukkaat palvelut.<\/li>\n<\/ul>\n\n\n\n<ul class=\"wp-block-list\">\n<li>Lastensuojelulain tulisi nykyist\u00e4 enemm\u00e4n m\u00e4\u00e4ritell\u00e4 lastensuojelua tekevien ty\u00f6ntekij\u00f6iden kelpoisuuksista, esimerkiksi lastensuojelun laitoshuollossa ja avopalveluissa.<\/li>\n<\/ul>\n\n\n\n<ul class=\"wp-block-list\">\n<li>Palveluiden laatua ja lasten oikeuksien toteutumista on valvottava nykyist\u00e4 enemm\u00e4n.<\/li>\n<\/ul>\n\n\n\n<div style=\"height:20px\" aria-hidden=\"true\" class=\"wp-block-spacer\"><\/div>\n\n\n\n<h2 class=\"has-text-color wp-block-heading\" style=\"color:#913662\">Sosiaali-ja terveydenhuollon henkil\u00f6st\u00f6st\u00e4 on huolehdittava<\/h2>\n\n\n\n<ul class=\"wp-block-list\">\n<li>Sosiaali- ja terveysalan ty\u00f6ntekij\u00e4kriisi\u00e4 ei ratkaista pakkotoimin.<\/li>\n<\/ul>\n\n\n\n<ul class=\"wp-block-list\">\n<li>Alan pitovoimaa ei saada kuntoon palkkoja nostamatta. My\u00f6s ty\u00f6oloja t\u00e4ytyy kohentaa ett\u00e4 alalle koulutettu henkil\u00f6st\u00f6 pysyy alalla.<\/li>\n<\/ul>\n\n\n\n<ul class=\"wp-block-list\">\n<li>Hyvinvoivat ty\u00f6ntekij\u00e4t tuottavat laadukkaita palveluita ja jaksavat paremmin.<\/li>\n<\/ul>\n\n\n\n<ul class=\"wp-block-list\">\n<li>On luotava entist\u00e4 ketter\u00e4mpi\u00e4 koulutuspolkuja p\u00e4tev\u00f6itymiseen ja terveystieteen maisterikoulutus on saatava my\u00f6s Helsinkiin.<\/li>\n<\/ul>\n\n\n\n<ul class=\"wp-block-list\">\n<li>Sosiaali- ja terveysalan ty\u00f6teht\u00e4v\u00e4t ovat vaativia asiantuntijateht\u00e4vi\u00e4. Alan arvostusta tulee nostaa.<\/li>\n<\/ul>\n\n\n\n<ul class=\"wp-block-list\">\n<li>Suomessa k\u00e4ytet\u00e4\u00e4n BKT:sta vain reilu 9% sosiaali- ja terveyspalveluihin. Se on liian v\u00e4h\u00e4n. Osuus on nostettava v\u00e4hint\u00e4\u00e4n Ruotsin tasolle reiluun 11 %.<\/li>\n<\/ul>\n\n\n\n<div style=\"height:20px\" aria-hidden=\"true\" class=\"wp-block-spacer\"><\/div>\n\n\n\n<h2 class=\"has-text-color wp-block-heading\" style=\"color:#913662\">Tulevaisuudessa haluan my\u00f6s, ett\u00e4<\/h2>\n\n\n\n<ul class=\"wp-block-list\">\n<li>Tasa-arvon ja yhdenvertaisuuden ep\u00e4kohtiin puututaan j\u00e4rjestelm\u00e4llisesti.<\/li>\n<\/ul>\n\n\n\n<ul class=\"wp-block-list\">\n<li>Koulutukseen panostetaan.<\/li>\n<\/ul>\n\n\n\n<ul class=\"wp-block-list\">\n<li>Segregaatiokehitys otetaan vakavasti ja sit\u00e4 pyrit\u00e4\u00e4n ehk\u00e4isem\u00e4\u00e4n.<\/li>\n<\/ul>\n\n\n\n<ul class=\"wp-block-list\">\n<li>Luontokato ja ilmastokriisi otetaan tosissaan ja tehd\u00e4\u00e4n tehokkaita toimia niiden ehk\u00e4isemiseksi.<\/li>\n<\/ul>\n\n\n\n<ul class=\"wp-block-list\">\n<li>El\u00e4imi\u00e4 suojellaan ja niiden voinnista huolehditaan &#8211; oli sitten kyse lemmikist\u00e4, villiel\u00e4imist\u00e4 kuin tuotantoel\u00e4imest\u00e4kin.<\/li>\n<\/ul>\n\n\n\n<div style=\"height:20px\" aria-hidden=\"true\" class=\"wp-block-spacer\"><\/div>\n\n\n\n<div class=\"wp-block-group is-layout-constrained wp-block-group-is-layout-constrained\">\n<p>Olen ehdolla eduskuntaan Uudeltamaalta. Voit \u00e4\u00e4nest\u00e4\u00e4 minua, jos olet t\u00e4ysi-ik\u00e4inen ja asut Uudellamaalla (poislukien Helsinki, joka on oma vaalipiirins\u00e4).&nbsp;<\/p>\n\n\n\n<p>Ennakko\u00e4\u00e4nestys kotimaassa: keskiviikosta tiistaihin 22. \u2013 28.3.2023<\/p>\n\n\n\n<p>Ennakko\u00e4\u00e4nestys ulkomailla:&nbsp;keskiviikosta lauantaihin 22. \u2013 25.3.2023<\/p>\n\n\n\n<p>Vaalip\u00e4iv\u00e4n \u00e4\u00e4nestys: sunnuntai&nbsp; 2.4.2023 klo 9 \u2013 20<\/p>\n<\/div>\n<\/div>\n\n\n\n<div class=\"wp-block-column is-vertically-aligned-top is-layout-flow wp-block-column-is-layout-flow\" style=\"flex-basis:22em\">\n<figure class=\"wp-block-image size-large is-style-default\"><img loading=\"lazy\" decoding=\"async\" width=\"683\" height=\"1024\" src=\"https:\/\/henkilot.vihreat.fi\/eve.ramo\/files\/2023\/02\/isosome-683x1024.jpg\" alt=\"\" class=\"wp-image-28758\" srcset=\"https:\/\/henkilot.vihreat.fi\/eve.ramo\/files\/2023\/02\/isosome-683x1024.jpg 683w, https:\/\/henkilot.vihreat.fi\/eve.ramo\/files\/2023\/02\/isosome-200x300.jpg 200w, https:\/\/henkilot.vihreat.fi\/eve.ramo\/files\/2023\/02\/isosome-768x1152.jpg 768w, https:\/\/henkilot.vihreat.fi\/eve.ramo\/files\/2023\/02\/isosome.jpg 1024w\" sizes=\"auto, (max-width: 683px) 100vw, 683px\" \/><\/figure>\n\n\n\n<p><strong>VAALIKONEET<\/strong><\/p>\n\n\n\n<p><a href=\"https:\/\/www.iltalehti.fi\/eduskuntavaalit-2023\/vaalikone#\/vaalipiiri\/431\/ehdokas\/62875\" data-type=\"URL\" target=\"_blank\" rel=\"noreferrer noopener\">ILTALEHDEN VAALIKONE<\/a><\/p>\n\n\n\n<p><a href=\"https:\/\/www.vaalikone.fi\/eduskunta2019\/ehdokkaat\/4869\/\" data-type=\"URL\" data-id=\"https:\/\/www.vaalikone.fi\/eduskunta2019\/ehdokkaat\/4869\/\" target=\"_blank\" rel=\"noreferrer noopener\">HELSINGIN SANOMIEN VAALIKONE<\/a><\/p>\n\n\n\n<p><a href=\"https:\/\/www.is.fi\/politiikka\/art-2000009383528.html\" data-type=\"URL\" target=\"_blank\" rel=\"noreferrer noopener\">ILTA-SANOMIEN VAALIKONE<\/a><\/p>\n\n\n\n<p><a href=\"https:\/\/vaalit.yle.fi\/vaalikone\/eduskuntavaalit2023\/2\/ehdokkaat\/1284\" data-type=\"URL\" target=\"_blank\" rel=\"noreferrer noopener\">YLEN VAALIKONE<\/a><\/p>\n\n\n\n<p><a href=\"https:\/\/www.vantaansanomat.fi\/vaalikone\/#\/vaalipiirit\/2\/ehdokkaat\/473\" data-type=\"URL\" target=\"_blank\" rel=\"noreferrer noopener\">VANTAAN SANOMIEN VAALIKONE<\/a><\/p>\n\n\n\n<p><a href=\"https:\/\/www.mtvuutiset.fi\/vaalikone#\/vaalipiirit\/34\/ehdokkaat\/1001\" data-type=\"URL\" target=\"_blank\" rel=\"noreferrer noopener\">MAIKKARIN VAALIKONE<\/a><\/p>\n\n\n\n<p><a href=\"https:\/\/animalia.fi\/vaalikone\/#\/ehdokkaat\/CANDIDATE_3nozuihYMf1Lw9mFgcrPWx?lng=fi\" data-type=\"URL\" target=\"_blank\" rel=\"noreferrer noopener\">ANIMALIAN VAALIKONE<\/a><\/p>\n\n\n\n<p><a href=\"https:\/\/nuorisoala.fi\/nuorten-vaalikone-2023\/#\/ehdokkaat\/CANDIDATE_xfxH9mxm21q3vQy34wXw69?lng=fi\" data-type=\"URL\" target=\"_blank\" rel=\"noreferrer noopener\">ALLIANSSIN VAALIKONE<\/a><\/p>\n\n\n\n<p><a href=\"https:\/\/duunitori.fi\/vaalikone\/ehdokas\/uusimaa\/eve-ramo-vihreat-uusimaa\" data-type=\"URL\" target=\"_blank\" rel=\"noreferrer noopener\">DUUNITORIN VAALIKONE<\/a><\/p>\n\n\n\n<p><a href=\"https:\/\/uskonnonvapaus.fi\/vaalit\/eduskunta2023\/619\" data-type=\"URL\" target=\"_blank\" rel=\"noreferrer noopener\">USKONNONVAPAUS VAALIKONE<\/a><\/p>\n\n\n\n<p><a href=\"https:\/\/www.vaalikone.fi\/eduskunta2019\/ehdokkaat\/4869\/\" data-type=\"URL\" data-id=\"https:\/\/www.vaalikone.fi\/eduskunta2019\/ehdokkaat\/4869\/\" target=\"_blank\" rel=\"noreferrer noopener\">*TESTI*<\/a><\/p>\n\n\n\n<p><\/p>\n\n\n\n<p><\/p>\n\n\n\n<p><\/p>\n\n\n\n<p><\/p>\n\n\n\n<p><\/p>\n\n\n\n<p><\/p>\n\n\n\n<p><\/p>\n\n\n\n<p><\/p>\n\n\n\n<p><\/p>\n\n\n\n<p><\/p>\n\n\n\n<p><\/p>\n\n\n\n<p><\/p>\n<\/div>\n<\/div>\n<\/div>\n<\/div>\n\n\n\n<script src=\"https:\/\/kit.fontawesome.com\/3d70038450.js\" crossorigin=\"anonymous\"><\/script>\n<script src=\"https:\/\/ajax.googleapis.com\/ajax\/libs\/jquery\/2.1.3\/jquery.min.js\"><\/script>\n<script type=\"text\/javascript\">\n  $(function() {\n    $(\".list-heading\").click(function() {\n      $(this).prev(\".list-items\").slideToggle(500);\n      $(this).children(\".fa\").toggleClass(\"fa-chevron-circle-down\").toggleClass(\"fa-chevron-circle-up\");\n      $(this).toggleClass(\"list-heading\").toggleClass(\"slide-down\");\n    });\n  });\n<\/script>\n\n<style>\n.hidden {\n    display: none;\n}\n.list-heading {\n    position: relative;\n    bottom: 8em;\n    text-align: center;\n    padding-top: 5em;\n    margin-bottom: -7em;\n    background-image: linear-gradient(to bottom, transparent, white);\n}\n.slide-down {\n    text-align: center;\n    margin: 1em;\n}\n.arrow {\n    cursor: pointer;\n    font-size: 2.5em;\n    color: #0FBE7C;\n}\n.block-quote {\n    margin-bottom:0px;\n}\n<\/style>\n","protected":false},"excerpt":{"rendered":"<p>Vaaliteemat Perheit\u00e4 on tuettava nykyist\u00e4 enemm\u00e4n \u00c4itien hyvinvoinnista on pidett\u00e4v\u00e4 parempaa huolta Is\u00e4t on n\u00e4ht\u00e4v\u00e4 yhdenvertaisina vanhempina Lasten oikeus suojeluun on toteuduttava Sosiaali-ja terveydenhuollon henkil\u00f6st\u00f6st\u00e4 on huolehdittava Tulevaisuudessa haluan my\u00f6s, ett\u00e4 Olen ehdolla eduskuntaan Uudeltamaalta. Voit \u00e4\u00e4nest\u00e4\u00e4 minua, jos olet<\/p>\n","protected":false},"author":1136,"featured_media":0,"parent":28301,"menu_order":0,"comment_status":"closed","ping_status":"closed","template":"","meta":{"jetpack_post_was_ever_published":false,"footnotes":""},"class_list":["post-28659","page","type-page","status-publish","hentry"],"jetpack_sharing_enabled":true,"jetpack_shortlink":"https:\/\/wp.me\/P8pbUN-7sf","jetpack_likes_enabled":true,"jetpack-related-posts":[{"id":28309,"url":"https:\/\/henkilot.vihreat.fi\/eve.ramo\/politiikka\/eduskuntavaalit-2019\/","url_meta":{"origin":28659,"position":0},"title":"Eduskuntavaalit 2019","author":"tiina.nylen","date":"22.1.2021","format":false,"excerpt":"Hyv\u00e4 lapsuus Yhdenvertaiset mahdollisuudet ja toimivat perheiden palvelut Lapsuusaika luo perusteet el\u00e4m\u00e4lle. Lapsuusaikaan panostaminen on suora sijoitus tulevaisuuteen. Yhteiskunnan teht\u00e4v\u00e4 on purkaa lapsia eriarvoistavia rakenteita ja tarjota yhdenvertaiset mahdollisuudet kaikille. T\u00e4m\u00e4 edellytt\u00e4\u00e4 koulutukseen panostamista, k\u00f6yhyyden v\u00e4hent\u00e4mist\u00e4 ja perheiden tukemista. Perheiden tulee saada palveluita jo ennen kuin ongelmat k\u00e4rjistyv\u00e4t. Perheneuvoloissa, perhety\u00f6ss\u00e4\u2026","rel":"","context":"Samankaltainen artikkeli","block_context":{"text":"Samankaltainen artikkeli","link":""},"img":{"alt_text":"","src":"https:\/\/i0.wp.com\/henkilot.vihreat.fi\/eve.ramo\/files\/2012\/09\/muokattu1-2.jpg?resize=350%2C200&ssl=1","width":350,"height":200,"srcset":"https:\/\/i0.wp.com\/henkilot.vihreat.fi\/eve.ramo\/files\/2012\/09\/muokattu1-2.jpg?resize=350%2C200&ssl=1 1x, https:\/\/i0.wp.com\/henkilot.vihreat.fi\/eve.ramo\/files\/2012\/09\/muokattu1-2.jpg?resize=525%2C300&ssl=1 1.5x, https:\/\/i0.wp.com\/henkilot.vihreat.fi\/eve.ramo\/files\/2012\/09\/muokattu1-2.jpg?resize=700%2C400&ssl=1 2x, https:\/\/i0.wp.com\/henkilot.vihreat.fi\/eve.ramo\/files\/2012\/09\/muokattu1-2.jpg?resize=1050%2C600&ssl=1 3x, https:\/\/i0.wp.com\/henkilot.vihreat.fi\/eve.ramo\/files\/2012\/09\/muokattu1-2.jpg?resize=1400%2C800&ssl=1 4x"},"classes":[]},{"id":28318,"url":"https:\/\/henkilot.vihreat.fi\/eve.ramo\/politiikka\/eduskuntavaalit-2015\/","url_meta":{"origin":28659,"position":1},"title":"Eduskuntavaalit 2015","author":"tiina.nylen","date":"22.1.2021","format":false,"excerpt":"L\u00e4hi\u00f6t Laadukasta asumista ja hyv\u00e4t l\u00e4hipalvelut Ei ole olemassa yht\u00e4 hyv\u00e4\u00e4 tapaa asua, mutta on olemassa hyvi\u00e4 ja huonoja tapoja vastata ihmisten asumistarpeisiin. Alueelliseen eriarvoistumiseen on puututtava kaavoituksella: kunnan eri osissa on oltava monipuolisesti erilaisia asumismuotoja, ty\u00f6paikkoja ja palveluita. Asuinalueet eiv\u00e4t saa jakautua k\u00f6yhiin l\u00e4hi\u00f6ihin ja varakkaiden asuinalueisiin. L\u00e4hi\u00f6it\u00e4 ja\u2026","rel":"","context":"Samankaltainen artikkeli","block_context":{"text":"Samankaltainen artikkeli","link":""},"img":{"alt_text":"","src":"https:\/\/i0.wp.com\/henkilot.vihreat.fi\/eve.ramo\/files\/2012\/08\/Eve-vaalikuva.jpg?resize=350%2C200&ssl=1","width":350,"height":200,"srcset":"https:\/\/i0.wp.com\/henkilot.vihreat.fi\/eve.ramo\/files\/2012\/08\/Eve-vaalikuva.jpg?resize=350%2C200&ssl=1 1x, https:\/\/i0.wp.com\/henkilot.vihreat.fi\/eve.ramo\/files\/2012\/08\/Eve-vaalikuva.jpg?resize=525%2C300&ssl=1 1.5x"},"classes":[]},{"id":28261,"url":"https:\/\/henkilot.vihreat.fi\/eve.ramo\/","url_meta":{"origin":28659,"position":2},"title":"Etusivu","author":"tiina.nylen","date":"22.1.2021","format":false,"excerpt":"Olen 41-vuotias vantaalainen, aktiivinen inhimillisyyden ja tasa-arvon puolustaja. \u00a0Olen koulutukseltani sosionomi-kirkon nuorisoty\u00f6nohjaaja ja ty\u00f6skennellyt monipuolisesti sosiaalialalla, erityisesti lastensuojelussa, lasten, nuorten ja perheiden parissa. T\u00e4ll\u00e4 hetkell\u00e4 ty\u00f6skentelen lastensuojelussa tehostetun perhety\u00f6n sosiaaliohjaajana, josta tosin olen parhaillaan vanhempainvapaalla. Lastensuojelun ty\u00f6kokemusta minulla on jo l\u00e4hes 20 vuotta. Olen kaupunginvaltuutettu, Vantaan kaupunginhallituksen j\u00e4sen,Vantaa-Keravan hyvinvointialueen aluevaltuutettu,\u2026","rel":"","context":"Samankaltainen artikkeli","block_context":{"text":"Samankaltainen artikkeli","link":""},"img":{"alt_text":"","src":"","width":0,"height":0},"classes":[]},{"id":28861,"url":"https:\/\/henkilot.vihreat.fi\/eve.ramo\/politiikka\/kunta-aluevaalit-2025\/","url_meta":{"origin":28659,"position":3},"title":"Kunta- ja aluevaalit 2025","author":"tiina.nylen","date":"25.2.2025","format":false,"excerpt":"Kuka? Lyhyesti: Korsolainen kokenut p\u00e4\u00e4tt\u00e4j\u00e4 ja alue ja kaupunginvaltuutettu, kaupunginhallituksen j\u00e4sen, kirkolliskokousedustaja ja kirkkovaltuuston puheenjohtaja. Sosiaalialan ammattilainen jolla on pitk\u00e4 kokemus lastensuojelusta, perheiden auttamisesta, nuorten parissa ty\u00f6skentelyst\u00e4 sek\u00e4 monikulttuurisessa ymp\u00e4rist\u00f6ss\u00e4 toimimisesta sek\u00e4 ty\u00f6st\u00e4 asunnottomien parissa. Luonnossa liikkuja, luonnon puolustaja sek\u00e4 el\u00e4inten yst\u00e4v\u00e4. Pienen tyt\u00f6n \u00e4iti joka pit\u00e4\u00e4 aina pienempien puolta!\u2026","rel":"","context":"Samankaltainen artikkeli","block_context":{"text":"Samankaltainen artikkeli","link":""},"img":{"alt_text":"","src":"https:\/\/i0.wp.com\/henkilot.vihreat.fi\/eve.ramo\/files\/2025\/03\/RamoEve-02_some.jpg?resize=350%2C200&ssl=1","width":350,"height":200},"classes":[]},{"id":28558,"url":"https:\/\/henkilot.vihreat.fi\/eve.ramo\/politiikka\/aluevaalit-2022\/","url_meta":{"origin":28659,"position":4},"title":"Aluevaalit 2022","author":"tiina.nylen","date":"16.12.2021","format":false,"excerpt":"Tuleva Vantaa-Kerava hyvinvointialue on 1. Hyv\u00e4 paikka lapsille ja perheille - Panostaa lapsiin ja ennaltaehk\u00e4iseviin palveluihin - Tiedostaa, ett\u00e4 lasten oikeudet ovat aikuisten velvollisuuksia - Investoi nuoriin ja nuorten palveluihin ongelmien ennaltaehk\u00e4isemiseksi - Luo toimivat hoitopolut nepsy-lapsille - Rakentaa kattavasti perhekeskuksia l\u00e4hipalveluna - Kaikessa p\u00e4\u00e4t\u00f6ksenteossa arvioi niiden vaikutuksia lapsiin, osallisuuteen\u2026","rel":"","context":"Samankaltainen artikkeli","block_context":{"text":"Samankaltainen artikkeli","link":""},"img":{"alt_text":"","src":"https:\/\/i0.wp.com\/henkilot.vihreat.fi\/eve.ramo\/files\/2021\/06\/MG_0445_VALMIS2.png?resize=350%2C200&ssl=1","width":350,"height":200,"srcset":"https:\/\/i0.wp.com\/henkilot.vihreat.fi\/eve.ramo\/files\/2021\/06\/MG_0445_VALMIS2.png?resize=350%2C200&ssl=1 1x, https:\/\/i0.wp.com\/henkilot.vihreat.fi\/eve.ramo\/files\/2021\/06\/MG_0445_VALMIS2.png?resize=525%2C300&ssl=1 1.5x, https:\/\/i0.wp.com\/henkilot.vihreat.fi\/eve.ramo\/files\/2021\/06\/MG_0445_VALMIS2.png?resize=700%2C400&ssl=1 2x, https:\/\/i0.wp.com\/henkilot.vihreat.fi\/eve.ramo\/files\/2021\/06\/MG_0445_VALMIS2.png?resize=1050%2C600&ssl=1 3x, https:\/\/i0.wp.com\/henkilot.vihreat.fi\/eve.ramo\/files\/2021\/06\/MG_0445_VALMIS2.png?resize=1400%2C800&ssl=1 4x"},"classes":[]},{"id":28267,"url":"https:\/\/henkilot.vihreat.fi\/eve.ramo\/politiikka\/kuntavaalit-2021\/","url_meta":{"origin":28659,"position":5},"title":"Kuntavaalit 2021","author":"tiina.nylen","date":"22.1.2021","format":false,"excerpt":"Minun Vantaani on Lasten ja perheiden Vantaa Panostaa lapsiin ja ennaltaehk\u00e4iseviin palveluihin Tiedostaa, ett\u00e4 lasten oikeudet ovat aikuisten velvollisuuksia S\u00e4ilytt\u00e4\u00e4 Vantaa-lis\u00e4n ja helpottaa ty\u00f6n ja perheen yhteensovittamista Korjaa sis\u00e4ilmaongelmaiset rakennukset Pit\u00e4\u00e4 huolta laadukkaasta opetuksesta ja varhaiskasvatuksesta Korjaa kolmiportaisen tuen puutteet kouluissa Investoi nuoriin ja nuorten palveluihin ongelmien ennaltaehk\u00e4isemiseksi Vantaa jossa\u2026","rel":"","context":"Samankaltainen artikkeli","block_context":{"text":"Samankaltainen artikkeli","link":""},"img":{"alt_text":"","src":"https:\/\/i0.wp.com\/henkilot.vihreat.fi\/eve.ramo\/files\/2021\/01\/Eve_Ramo-3-transparent.png?resize=350%2C200&ssl=1","width":350,"height":200,"srcset":"https:\/\/i0.wp.com\/henkilot.vihreat.fi\/eve.ramo\/files\/2021\/01\/Eve_Ramo-3-transparent.png?resize=350%2C200&ssl=1 1x, https:\/\/i0.wp.com\/henkilot.vihreat.fi\/eve.ramo\/files\/2021\/01\/Eve_Ramo-3-transparent.png?resize=525%2C300&ssl=1 1.5x, https:\/\/i0.wp.com\/henkilot.vihreat.fi\/eve.ramo\/files\/2021\/01\/Eve_Ramo-3-transparent.png?resize=700%2C400&ssl=1 2x, https:\/\/i0.wp.com\/henkilot.vihreat.fi\/eve.ramo\/files\/2021\/01\/Eve_Ramo-3-transparent.png?resize=1050%2C600&ssl=1 3x, https:\/\/i0.wp.com\/henkilot.vihreat.fi\/eve.ramo\/files\/2021\/01\/Eve_Ramo-3-transparent.png?resize=1400%2C800&ssl=1 4x"},"classes":[]}],"_links":{"self":[{"href":"https:\/\/henkilot.vihreat.fi\/eve.ramo\/wp-json\/wp\/v2\/pages\/28659","targetHints":{"allow":["GET"]}}],"collection":[{"href":"https:\/\/henkilot.vihreat.fi\/eve.ramo\/wp-json\/wp\/v2\/pages"}],"about":[{"href":"https:\/\/henkilot.vihreat.fi\/eve.ramo\/wp-json\/wp\/v2\/types\/page"}],"author":[{"embeddable":true,"href":"https:\/\/henkilot.vihreat.fi\/eve.ramo\/wp-json\/wp\/v2\/users\/1136"}],"replies":[{"embeddable":true,"href":"https:\/\/henkilot.vihreat.fi\/eve.ramo\/wp-json\/wp\/v2\/comments?post=28659"}],"version-history":[{"count":11,"href":"https:\/\/henkilot.vihreat.fi\/eve.ramo\/wp-json\/wp\/v2\/pages\/28659\/revisions"}],"predecessor-version":[{"id":28781,"href":"https:\/\/henkilot.vihreat.fi\/eve.ramo\/wp-json\/wp\/v2\/pages\/28659\/revisions\/28781"}],"up":[{"embeddable":true,"href":"https:\/\/henkilot.vihreat.fi\/eve.ramo\/wp-json\/wp\/v2\/pages\/28301"}],"wp:attachment":[{"href":"https:\/\/henkilot.vihreat.fi\/eve.ramo\/wp-json\/wp\/v2\/media?parent=28659"}],"curies":[{"name":"wp","href":"https:\/\/api.w.org\/{rel}","templated":true}]}}