{"id":28558,"date":"2021-12-16T15:51:45","date_gmt":"2021-12-16T13:51:45","guid":{"rendered":"https:\/\/henkilot.vihreat.fi\/eve.ramo\/?page_id=28558"},"modified":"2023-02-09T22:51:34","modified_gmt":"2023-02-09T20:51:34","slug":"aluevaalit-2022","status":"publish","type":"page","link":"https:\/\/henkilot.vihreat.fi\/eve.ramo\/politiikka\/aluevaalit-2022\/","title":{"rendered":"Aluevaalit 2022"},"content":{"rendered":"\n<div class=\"wp-block-columns is-layout-flex wp-container-core-columns-is-layout-28f84493 wp-block-columns-is-layout-flex\">\n<div class=\"wp-block-column election-page-container is-layout-flow wp-block-column-is-layout-flow\" style=\"flex-basis:100%\">\n<div class=\"wp-block-columns is-layout-flex wp-container-core-columns-is-layout-28f84493 wp-block-columns-is-layout-flex\">\n<div class=\"wp-block-column is-vertically-aligned-top is-layout-flow wp-block-column-is-layout-flow\">\n<h2 class=\"has-black-color has-text-color wp-block-heading\">Tuleva Vantaa-Kerava hyvinvointialue on<\/h2>\n\n\n\n<h2 class=\"has-text-color wp-block-heading\" style=\"color:#cb6ce6\">1. Hyv\u00e4 paikka lapsille ja perheille<\/h2>\n\n\n\n<p>&#8211; Panostaa lapsiin ja ennaltaehk\u00e4iseviin palveluihin<\/p>\n\n\n\n<p>&#8211; Tiedostaa, ett\u00e4 lasten oikeudet ovat aikuisten velvollisuuksia<\/p>\n\n\n\n<p>&#8211; Investoi nuoriin ja nuorten palveluihin ongelmien ennaltaehk\u00e4isemiseksi<\/p>\n\n\n\n<p>&#8211; Luo toimivat hoitopolut nepsy-lapsille<\/p>\n\n\n\n<p>&#8211; Rakentaa kattavasti perhekeskuksia l\u00e4hipalveluna<\/p>\n\n\n\n<p>&#8211; Kaikessa p\u00e4\u00e4t\u00f6ksenteossa arvioi niiden vaikutuksia lapsiin, osallisuuteen ja terveytee<\/p>\n\n\n\n<p>&#8211; Yll\u00e4pit\u00e4\u00e4 laadukasta oppilashuoltoa ja laajentaa kuraattori- ja psykologipalveluita my\u00f6s varhaiskasvatukseen.<\/p>\n\n\n\n<p>&#8211; Tukee perheit\u00e4 kotiin viet\u00e4vill\u00e4 palveluilla<\/p>\n\n\n\n<div style=\"height:20px\" aria-hidden=\"true\" class=\"wp-block-spacer\"><\/div>\n\n\n\n<h2 class=\"has-text-color wp-block-heading\" style=\"color:#cb6ce6\">2. Hyvinvointialue jossa toimivat peruspalvelut ovat parasta ennaltaehk\u00e4isy\u00e4<\/h2>\n\n\n\n<p>&#8211; Varmistaa, ett\u00e4 terveysasemalle saa yhteyden&nbsp; samana p\u00e4iv\u00e4n\u00e4 ja hoitoon p\u00e4\u00e4see heti<\/p>\n\n\n\n<p>&#8211; Panostaa terveyskeskusten toimivuteen, saavutettavuuteen ja pysyviin ty\u00f6ntekij\u00f6ihin<\/p>\n\n\n\n<p>&#8211; Ratkaisee mielenterveyspalveluiden kriisin ja lis\u00e4\u00e4 niin matalan kynnyksen palveluita<\/p>\n\n\n\n<p>&#8211; Kiinnitt\u00e4\u00e4 huomiota vanhus- ja vammaispalveluiden nivelvaiheisiin ja varmistaa yksil\u00f6llisen hoidon<\/p>\n\n\n\n<p>&#8211; Lis\u00e4\u00e4 kotihoidon resursseja&nbsp; ja pit\u00e4\u00e4 laitosasumisen laadusta kiinni<\/p>\n\n\n\n<p>&#8211; Apua ja tukea tulee saada oikeaan aikaan silloin kun tuen tarve on<\/p>\n\n\n\n<div style=\"height:20px\" aria-hidden=\"true\" class=\"wp-block-spacer\"><\/div>\n\n\n\n<h2 class=\"has-text-color wp-block-heading\" style=\"color:#cb6ce6\">3. Hyvinvointialue jossa on laadukkaat ja toimivat erityispalvelut<\/h2>\n\n\n\n<p>&#8211; V\u00e4hent\u00e4\u00e4 huono-osaisuutta ja ongelmien pitkittymist\u00e4 oikea aikaisella avulla&nbsp;<\/p>\n\n\n\n<p>&#8211; Katkaisee lastensuojelun kriisin panostamalla henkil\u00f6st\u00f6n saatavuuteen, avopalveluihin ja palvelutarpeen arviointiin.&nbsp;<\/p>\n\n\n\n<p>&#8211; Varmistaa, ett\u00e4 p\u00e4ihdepalveluissa ei s\u00e4\u00e4stet\u00e4 t\u00e4rkeist\u00e4 kuntoutuspalveluista tai laitoshoidosta vaan jokainen saa hoitoa yksil\u00f6llisen tarpeen mukaisesti.<\/p>\n\n\n\n<p>&#8211; Luo toimivat polut perusterveydenhuollon ja erikoissairaanhoidon v\u00e4lill\u00e4<\/p>\n\n\n\n<p>&#8211; Purkaa vammaispalvelun jonot ja panostaa omaishoitajien jaksamiseen.<\/p>\n\n\n\n<div style=\"height:20px\" aria-hidden=\"true\" class=\"wp-block-spacer\"><\/div>\n\n\n\n<h2 class=\"has-text-color wp-block-heading\" style=\"color:#cb6ce6\">4. Ty\u00f6ntekij\u00f6illeen reilu ty\u00f6nantaja<\/h2>\n\n\n\n<p>&#8211; Tunnustaa ongelmat johtamisessa&nbsp; ja ty\u00f6ntekij\u00f6iden pysyvyydess\u00e4<\/p>\n\n\n\n<p>&#8211; Kehitt\u00e4\u00e4 henkil\u00f6st\u00f6politiikkaa l\u00e4hestytt\u00e4v\u00e4mm\u00e4ksi, avoimeksi ja reiluksi<\/p>\n\n\n\n<p>&#8211; Nostaa palkkoja aloilla, joissa ty\u00f6n vaativuus ei kohtaa saatua palkkaa<\/p>\n\n\n\n<p>&#8211; Kehitt\u00e4\u00e4 henkil\u00f6kunnan palkitsemisj\u00e4rjestelm\u00e4\u00e4 ja henkil\u00f6st\u00f6etuja<\/p>\n\n\n\n<p>&#8211; Takaa toimivat, ajantasaiset ja ergonomiset&nbsp; ty\u00f6v\u00e4lineet sek\u00e4 mahdollistaa et\u00e4ty\u00f6n<\/p>\n\n\n\n<p>&#8211; Huolehtii, ett\u00e4 ty\u00f6ntekij\u00f6iden siirtym\u00e4 ja palkkojen harmonisointi tehd\u00e4\u00e4n reilusti.<\/p>\n\n\n\n<div style=\"height:20px\" aria-hidden=\"true\" class=\"wp-block-spacer\"><\/div>\n\n\n\n<h2 class=\"has-text-color wp-block-heading\" style=\"color:#cb6ce6\">5. Helposti saavutettava ja n\u00e4kee hyvinvoinnin kokonaisuutena<\/h2>\n\n\n\n<p>&#8211; S\u00e4ilytt\u00e4\u00e4 l\u00e4hipalvelut kaikilla suuralueilla ja Keravalla<\/p>\n\n\n\n<p>&#8211; Kehitt\u00e4\u00e4 joukkoliikennett\u00e4 niin, ett\u00e4 palvelut ovat helposti saavutettavissa<\/p>\n\n\n\n<p>&#8211; Ehk\u00e4isee segregaatiota sijoittamalla sote-keskukset tarkoituksenmukaisesti<\/p>\n\n\n\n<p>&#8211; N\u00e4kee hyvinvoinnin kokonaisuutena&nbsp;<\/p>\n\n\n\n<p>&#8211; Huolehtii lakis\u00e4\u00e4teisesti my\u00f6s luonnonvaraisista el\u00e4imist\u00e4 ja el\u00e4inpelastuspalveluista<\/p>\n\n\n\n<div style=\"height:20px\" aria-hidden=\"true\" class=\"wp-block-spacer\"><\/div>\n\n\n\n<h2 class=\"has-text-color wp-block-heading\" style=\"color:#cb6ce6\">6. Tasa-arvoinen ja yhdenvertainen<\/h2>\n\n\n\n<p>&#8211; Vahvistaa sukupuolivaikutusten arviointia kaikessa julkisessa p\u00e4\u00e4t\u00f6ksenteossa.<\/p>\n\n\n\n<p>&#8211; Panostaa viestinn\u00e4ss\u00e4 kuntalaisten laajemman monikielisyyden huomioimiseen.<\/p>\n\n\n\n<p>&#8211; Muuntaa nimikkeet ja tittelit sukupuolineutraaleiksi ja pyrkii palkka tasa-arvoon<\/p>\n\n\n\n<p>&#8211; Huomioi Perheiden palveluissa tasa-arvoisen vanhemmuuden&nbsp; ja et\u00e4vanhemman oikeudet sek\u00e4 tunnistaa perheiden moninaisuuden<\/p>\n\n\n\n<p>&#8211; Tukee&nbsp; turvakotien toimintaa<\/p>\n\n\n\n<p>&#8211; Rakentaa esteett\u00f6m\u00e4sti ja lis\u00e4\u00e4 jokaisen osallisuutta ilman kynnyksi\u00e4<\/p>\n<\/div>\n\n\n\n<div class=\"wp-block-column is-vertically-aligned-top is-layout-flow wp-block-column-is-layout-flow\" style=\"flex-basis:22em\">\n<figure class=\"wp-block-image size-large is-style-default\"><img loading=\"lazy\" decoding=\"async\" width=\"683\" height=\"1024\" src=\"https:\/\/henkilot.vihreat.fi\/eve.ramo\/files\/2021\/06\/MG_0445_VALMIS2-683x1024.png\" alt=\"\" class=\"wp-image-28510\" srcset=\"https:\/\/henkilot.vihreat.fi\/eve.ramo\/files\/2021\/06\/MG_0445_VALMIS2-683x1024.png 683w, https:\/\/henkilot.vihreat.fi\/eve.ramo\/files\/2021\/06\/MG_0445_VALMIS2-200x300.png 200w, https:\/\/henkilot.vihreat.fi\/eve.ramo\/files\/2021\/06\/MG_0445_VALMIS2-768x1152.png 768w, https:\/\/henkilot.vihreat.fi\/eve.ramo\/files\/2021\/06\/MG_0445_VALMIS2-1024x1536.png 1024w, https:\/\/henkilot.vihreat.fi\/eve.ramo\/files\/2021\/06\/MG_0445_VALMIS2-1366x2048.png 1366w\" sizes=\"auto, (max-width: 683px) 100vw, 683px\" \/><\/figure>\n\n\n\n<p><strong>VAALIKONEET<\/strong><\/p>\n\n\n\n<p><a href=\"https:\/\/www.vaalikone.fi\/alue2022\/ehdokkaat\/276\/4075\" data-type=\"URL\" target=\"_blank\" rel=\"noreferrer noopener\"><strong>HS VAALIKONE<\/strong><\/a><\/p>\n\n\n\n<p><a rel=\"noreferrer noopener\" href=\"https:\/\/www.vaalikone.fi\/alue2022\/is\/ehdokkaat\/276\/4075\" data-type=\"URL\" target=\"_blank\"><strong>IS VAALIKONE<\/strong><\/a><\/p>\n\n\n\n<p><strong><a href=\"https:\/\/www.vantaansanomat.fi\/vaalikone\/#\/167\/kandidaatti\/32126\" data-type=\"URL\" target=\"_blank\" rel=\"noreferrer noopener\">VANTAAN SANOMAT\/ETEL\u00c4-SUOMEN MEDIAN VAALIKONE<\/a><\/strong><\/p>\n\n\n\n<p><a rel=\"noreferrer noopener\" href=\"https:\/\/vaalikone.yle.fi\/aluevaalit2022\/4\/ehdokkaat\/3913?lang=fi-FI\" data-type=\"URL\" target=\"_blank\"><strong>YLE VAALIKONE<\/strong><\/a><\/p>\n\n\n\n<p><\/p>\n<\/div>\n<\/div>\n<\/div>\n<\/div>\n\n\n\n<script src=\"https:\/\/kit.fontawesome.com\/3d70038450.js\" crossorigin=\"anonymous\"><\/script>\n<script src=\"https:\/\/ajax.googleapis.com\/ajax\/libs\/jquery\/2.1.3\/jquery.min.js\"><\/script>\n<script type=\"text\/javascript\">\n  $(function() {\n    $(\".list-heading\").click(function() {\n      $(this).prev(\".list-items\").slideToggle(500);\n      $(this).children(\".fa\").toggleClass(\"fa-chevron-circle-down\").toggleClass(\"fa-chevron-circle-up\");\n      $(this).toggleClass(\"list-heading\").toggleClass(\"slide-down\");\n    });\n  });\n<\/script>\n\n<style>\n.hidden {\n    display: none;\n}\n.list-heading {\n    position: relative;\n    bottom: 8em;\n    text-align: center;\n    padding-top: 5em;\n    margin-bottom: -7em;\n    background-image: linear-gradient(to bottom, transparent, white);\n}\n.slide-down {\n    text-align: center;\n    margin: 1em;\n}\n.arrow {\n    cursor: pointer;\n    font-size: 2.5em;\n    color: #0FBE7C;\n}\n.block-quote {\n    margin-bottom:0px;\n}\n<\/style>\n","protected":false},"excerpt":{"rendered":"<p>Tuleva Vantaa-Kerava hyvinvointialue on 1. Hyv\u00e4 paikka lapsille ja perheille &#8211; Panostaa lapsiin ja ennaltaehk\u00e4iseviin palveluihin &#8211; Tiedostaa, ett\u00e4 lasten oikeudet ovat aikuisten velvollisuuksia &#8211; Investoi nuoriin ja nuorten palveluihin ongelmien ennaltaehk\u00e4isemiseksi &#8211; Luo toimivat hoitopolut nepsy-lapsille &#8211; Rakentaa kattavasti<\/p>\n","protected":false},"author":1136,"featured_media":0,"parent":28301,"menu_order":0,"comment_status":"closed","ping_status":"closed","template":"","meta":{"jetpack_post_was_ever_published":false,"footnotes":""},"class_list":["post-28558","page","type-page","status-publish","hentry"],"jetpack_sharing_enabled":true,"jetpack_shortlink":"https:\/\/wp.me\/P8pbUN-7qC","jetpack_likes_enabled":true,"jetpack-related-posts":[{"id":28267,"url":"https:\/\/henkilot.vihreat.fi\/eve.ramo\/politiikka\/kuntavaalit-2021\/","url_meta":{"origin":28558,"position":0},"title":"Kuntavaalit 2021","author":"tiina.nylen","date":"22.1.2021","format":false,"excerpt":"Minun Vantaani on Lasten ja perheiden Vantaa Panostaa lapsiin ja ennaltaehk\u00e4iseviin palveluihin Tiedostaa, ett\u00e4 lasten oikeudet ovat aikuisten velvollisuuksia S\u00e4ilytt\u00e4\u00e4 Vantaa-lis\u00e4n ja helpottaa ty\u00f6n ja perheen yhteensovittamista Korjaa sis\u00e4ilmaongelmaiset rakennukset Pit\u00e4\u00e4 huolta laadukkaasta opetuksesta ja varhaiskasvatuksesta Korjaa kolmiportaisen tuen puutteet kouluissa Investoi nuoriin ja nuorten palveluihin ongelmien ennaltaehk\u00e4isemiseksi Vantaa jossa\u2026","rel":"","context":"Samankaltainen artikkeli","block_context":{"text":"Samankaltainen artikkeli","link":""},"img":{"alt_text":"","src":"https:\/\/i0.wp.com\/henkilot.vihreat.fi\/eve.ramo\/files\/2021\/01\/Eve_Ramo-3-transparent.png?resize=350%2C200&ssl=1","width":350,"height":200,"srcset":"https:\/\/i0.wp.com\/henkilot.vihreat.fi\/eve.ramo\/files\/2021\/01\/Eve_Ramo-3-transparent.png?resize=350%2C200&ssl=1 1x, https:\/\/i0.wp.com\/henkilot.vihreat.fi\/eve.ramo\/files\/2021\/01\/Eve_Ramo-3-transparent.png?resize=525%2C300&ssl=1 1.5x, https:\/\/i0.wp.com\/henkilot.vihreat.fi\/eve.ramo\/files\/2021\/01\/Eve_Ramo-3-transparent.png?resize=700%2C400&ssl=1 2x, https:\/\/i0.wp.com\/henkilot.vihreat.fi\/eve.ramo\/files\/2021\/01\/Eve_Ramo-3-transparent.png?resize=1050%2C600&ssl=1 3x, https:\/\/i0.wp.com\/henkilot.vihreat.fi\/eve.ramo\/files\/2021\/01\/Eve_Ramo-3-transparent.png?resize=1400%2C800&ssl=1 4x"},"classes":[]},{"id":28315,"url":"https:\/\/henkilot.vihreat.fi\/eve.ramo\/politiikka\/kuntavaalit-2017\/","url_meta":{"origin":28558,"position":1},"title":"Kuntavaalit 2017","author":"tiina.nylen","date":"22.1.2021","format":false,"excerpt":"Lapset ensin Tulevaisuuteen kannattaa panostaa! Haluamme Vantaalla turvata lapsille tasa-arvoisen lapsuuden ja yhdenvertaisen l\u00e4ht\u00f6kohdan el\u00e4m\u00e4\u00e4n. Haluamme lastemme kasvavan hyvinvoivien vanhempien perheiss\u00e4, terveiss\u00e4 kouluissa ja osaavan henkil\u00f6st\u00f6n parissa. Haluamme, ett\u00e4 aikuisilla on lapsille aikaa. Haluamme, ett\u00e4 lapsemme saavat laadukasta opetusta ja varhaiskasvatusta terveiss\u00e4 rakennuksissa. Tukea erilaisille oppilaille on tarjottava matalalla kynnyksell\u00e4\u2026","rel":"","context":"Samankaltainen artikkeli","block_context":{"text":"Samankaltainen artikkeli","link":""},"img":{"alt_text":"","src":"https:\/\/i0.wp.com\/henkilot.vihreat.fi\/eve.ramo\/files\/2012\/08\/Eve_Ra%CC%88mo%CC%88_KP-6Web.jpg?resize=350%2C200&ssl=1","width":350,"height":200,"srcset":"https:\/\/i0.wp.com\/henkilot.vihreat.fi\/eve.ramo\/files\/2012\/08\/Eve_Ra%CC%88mo%CC%88_KP-6Web.jpg?resize=350%2C200&ssl=1 1x, https:\/\/i0.wp.com\/henkilot.vihreat.fi\/eve.ramo\/files\/2012\/08\/Eve_Ra%CC%88mo%CC%88_KP-6Web.jpg?resize=525%2C300&ssl=1 1.5x"},"classes":[]},{"id":28861,"url":"https:\/\/henkilot.vihreat.fi\/eve.ramo\/politiikka\/kunta-aluevaalit-2025\/","url_meta":{"origin":28558,"position":2},"title":"Kunta- ja aluevaalit 2025","author":"tiina.nylen","date":"25.2.2025","format":false,"excerpt":"Kuka? Lyhyesti: Korsolainen kokenut p\u00e4\u00e4tt\u00e4j\u00e4 ja alue ja kaupunginvaltuutettu, kaupunginhallituksen j\u00e4sen, kirkolliskokousedustaja ja kirkkovaltuuston puheenjohtaja. Sosiaalialan ammattilainen jolla on pitk\u00e4 kokemus lastensuojelusta, perheiden auttamisesta, nuorten parissa ty\u00f6skentelyst\u00e4 sek\u00e4 monikulttuurisessa ymp\u00e4rist\u00f6ss\u00e4 toimimisesta sek\u00e4 ty\u00f6st\u00e4 asunnottomien parissa. Luonnossa liikkuja, luonnon puolustaja sek\u00e4 el\u00e4inten yst\u00e4v\u00e4. Pienen tyt\u00f6n \u00e4iti joka pit\u00e4\u00e4 aina pienempien puolta!\u2026","rel":"","context":"Samankaltainen artikkeli","block_context":{"text":"Samankaltainen artikkeli","link":""},"img":{"alt_text":"","src":"https:\/\/i0.wp.com\/henkilot.vihreat.fi\/eve.ramo\/files\/2025\/03\/RamoEve-02_some.jpg?resize=350%2C200&ssl=1","width":350,"height":200},"classes":[]},{"id":28309,"url":"https:\/\/henkilot.vihreat.fi\/eve.ramo\/politiikka\/eduskuntavaalit-2019\/","url_meta":{"origin":28558,"position":3},"title":"Eduskuntavaalit 2019","author":"tiina.nylen","date":"22.1.2021","format":false,"excerpt":"Hyv\u00e4 lapsuus Yhdenvertaiset mahdollisuudet ja toimivat perheiden palvelut Lapsuusaika luo perusteet el\u00e4m\u00e4lle. Lapsuusaikaan panostaminen on suora sijoitus tulevaisuuteen. Yhteiskunnan teht\u00e4v\u00e4 on purkaa lapsia eriarvoistavia rakenteita ja tarjota yhdenvertaiset mahdollisuudet kaikille. T\u00e4m\u00e4 edellytt\u00e4\u00e4 koulutukseen panostamista, k\u00f6yhyyden v\u00e4hent\u00e4mist\u00e4 ja perheiden tukemista. Perheiden tulee saada palveluita jo ennen kuin ongelmat k\u00e4rjistyv\u00e4t. Perheneuvoloissa, perhety\u00f6ss\u00e4\u2026","rel":"","context":"Samankaltainen artikkeli","block_context":{"text":"Samankaltainen artikkeli","link":""},"img":{"alt_text":"","src":"https:\/\/i0.wp.com\/henkilot.vihreat.fi\/eve.ramo\/files\/2012\/09\/muokattu1-2.jpg?resize=350%2C200&ssl=1","width":350,"height":200,"srcset":"https:\/\/i0.wp.com\/henkilot.vihreat.fi\/eve.ramo\/files\/2012\/09\/muokattu1-2.jpg?resize=350%2C200&ssl=1 1x, https:\/\/i0.wp.com\/henkilot.vihreat.fi\/eve.ramo\/files\/2012\/09\/muokattu1-2.jpg?resize=525%2C300&ssl=1 1.5x, https:\/\/i0.wp.com\/henkilot.vihreat.fi\/eve.ramo\/files\/2012\/09\/muokattu1-2.jpg?resize=700%2C400&ssl=1 2x, https:\/\/i0.wp.com\/henkilot.vihreat.fi\/eve.ramo\/files\/2012\/09\/muokattu1-2.jpg?resize=1050%2C600&ssl=1 3x, https:\/\/i0.wp.com\/henkilot.vihreat.fi\/eve.ramo\/files\/2012\/09\/muokattu1-2.jpg?resize=1400%2C800&ssl=1 4x"},"classes":[]},{"id":28659,"url":"https:\/\/henkilot.vihreat.fi\/eve.ramo\/politiikka\/eduskuntavaalit-2023\/","url_meta":{"origin":28558,"position":4},"title":"Eduskuntavaalit 2023","author":"tiina.nylen","date":"15.12.2022","format":false,"excerpt":"Vaaliteemat Perheit\u00e4 on tuettava nykyist\u00e4 enemm\u00e4n Varhaiskasvatuksen hyv\u00e4 laatu on kaikkien etu ja hyv\u00e4 varhaiskasvatus v\u00e4hent\u00e4\u00e4 muiden palveluiden tarvetta. Varhaiskasvatuksen laadun parantaminen vaatii ty\u00f6ntekij\u00f6iden palkkauksen ja ty\u00f6olojen parannusta. Hoitopolut on oltava helppoja ja sujuvia. Esimerkiksi nepsy-lasten diagnosointi ja tuki tulee saada nykyist\u00e4 nopeammin ja helpommin. Kun voimavarat ovat v\u00e4hiss\u00e4 on\u2026","rel":"","context":"Samankaltainen artikkeli","block_context":{"text":"Samankaltainen artikkeli","link":""},"img":{"alt_text":"","src":"https:\/\/i0.wp.com\/henkilot.vihreat.fi\/eve.ramo\/files\/2023\/02\/isosome.jpg?resize=350%2C200&ssl=1","width":350,"height":200,"srcset":"https:\/\/i0.wp.com\/henkilot.vihreat.fi\/eve.ramo\/files\/2023\/02\/isosome.jpg?resize=350%2C200&ssl=1 1x, https:\/\/i0.wp.com\/henkilot.vihreat.fi\/eve.ramo\/files\/2023\/02\/isosome.jpg?resize=525%2C300&ssl=1 1.5x, https:\/\/i0.wp.com\/henkilot.vihreat.fi\/eve.ramo\/files\/2023\/02\/isosome.jpg?resize=700%2C400&ssl=1 2x"},"classes":[]},{"id":28318,"url":"https:\/\/henkilot.vihreat.fi\/eve.ramo\/politiikka\/eduskuntavaalit-2015\/","url_meta":{"origin":28558,"position":5},"title":"Eduskuntavaalit 2015","author":"tiina.nylen","date":"22.1.2021","format":false,"excerpt":"L\u00e4hi\u00f6t Laadukasta asumista ja hyv\u00e4t l\u00e4hipalvelut Ei ole olemassa yht\u00e4 hyv\u00e4\u00e4 tapaa asua, mutta on olemassa hyvi\u00e4 ja huonoja tapoja vastata ihmisten asumistarpeisiin. Alueelliseen eriarvoistumiseen on puututtava kaavoituksella: kunnan eri osissa on oltava monipuolisesti erilaisia asumismuotoja, ty\u00f6paikkoja ja palveluita. Asuinalueet eiv\u00e4t saa jakautua k\u00f6yhiin l\u00e4hi\u00f6ihin ja varakkaiden asuinalueisiin. L\u00e4hi\u00f6it\u00e4 ja\u2026","rel":"","context":"Samankaltainen artikkeli","block_context":{"text":"Samankaltainen artikkeli","link":""},"img":{"alt_text":"","src":"https:\/\/i0.wp.com\/henkilot.vihreat.fi\/eve.ramo\/files\/2012\/08\/Eve-vaalikuva.jpg?resize=350%2C200&ssl=1","width":350,"height":200,"srcset":"https:\/\/i0.wp.com\/henkilot.vihreat.fi\/eve.ramo\/files\/2012\/08\/Eve-vaalikuva.jpg?resize=350%2C200&ssl=1 1x, https:\/\/i0.wp.com\/henkilot.vihreat.fi\/eve.ramo\/files\/2012\/08\/Eve-vaalikuva.jpg?resize=525%2C300&ssl=1 1.5x"},"classes":[]}],"_links":{"self":[{"href":"https:\/\/henkilot.vihreat.fi\/eve.ramo\/wp-json\/wp\/v2\/pages\/28558","targetHints":{"allow":["GET"]}}],"collection":[{"href":"https:\/\/henkilot.vihreat.fi\/eve.ramo\/wp-json\/wp\/v2\/pages"}],"about":[{"href":"https:\/\/henkilot.vihreat.fi\/eve.ramo\/wp-json\/wp\/v2\/types\/page"}],"author":[{"embeddable":true,"href":"https:\/\/henkilot.vihreat.fi\/eve.ramo\/wp-json\/wp\/v2\/users\/1136"}],"replies":[{"embeddable":true,"href":"https:\/\/henkilot.vihreat.fi\/eve.ramo\/wp-json\/wp\/v2\/comments?post=28558"}],"version-history":[{"count":11,"href":"https:\/\/henkilot.vihreat.fi\/eve.ramo\/wp-json\/wp\/v2\/pages\/28558\/revisions"}],"predecessor-version":[{"id":28707,"href":"https:\/\/henkilot.vihreat.fi\/eve.ramo\/wp-json\/wp\/v2\/pages\/28558\/revisions\/28707"}],"up":[{"embeddable":true,"href":"https:\/\/henkilot.vihreat.fi\/eve.ramo\/wp-json\/wp\/v2\/pages\/28301"}],"wp:attachment":[{"href":"https:\/\/henkilot.vihreat.fi\/eve.ramo\/wp-json\/wp\/v2\/media?parent=28558"}],"curies":[{"name":"wp","href":"https:\/\/api.w.org\/{rel}","templated":true}]}}