{"id":28345,"date":"2021-01-24T22:54:11","date_gmt":"2021-01-24T20:54:11","guid":{"rendered":"https:\/\/henkilot.vihreat.fi\/eve.ramo\/?page_id=28345"},"modified":"2023-02-09T23:40:18","modified_gmt":"2023-02-09T21:40:18","slug":"yhteystiedot","status":"publish","type":"page","link":"https:\/\/henkilot.vihreat.fi\/eve.ramo\/yhteystiedot\/","title":{"rendered":"Yhteystiedot"},"content":{"rendered":"\n<div class=\"wp-block-group is-layout-flow wp-block-group-is-layout-flow\">\n<figure class=\"wp-block-image alignright size-large is-resized\"><img loading=\"lazy\" decoding=\"async\" src=\"https:\/\/henkilot.vihreat.fi\/eve.ramo\/files\/2021\/01\/Eve_Ramo-4-transparent-683x1024.png\" alt=\"\" class=\"wp-image-28289\" width=\"342\" height=\"512\" srcset=\"https:\/\/henkilot.vihreat.fi\/eve.ramo\/files\/2021\/01\/Eve_Ramo-4-transparent-683x1024.png 683w, https:\/\/henkilot.vihreat.fi\/eve.ramo\/files\/2021\/01\/Eve_Ramo-4-transparent-200x300.png 200w, https:\/\/henkilot.vihreat.fi\/eve.ramo\/files\/2021\/01\/Eve_Ramo-4-transparent-768x1152.png 768w, https:\/\/henkilot.vihreat.fi\/eve.ramo\/files\/2021\/01\/Eve_Ramo-4-transparent-1024x1536.png 1024w, https:\/\/henkilot.vihreat.fi\/eve.ramo\/files\/2021\/01\/Eve_Ramo-4-transparent-1365x2048.png 1365w\" sizes=\"auto, (max-width: 342px) 100vw, 342px\" \/><\/figure>\n\n\n\n<h2 class=\"wp-block-heading\">Eve R\u00e4m\u00f6<\/h2>\n\n\n\n<p><a href=\"tel:+35844 974 1458\"><i class=\"fas fa-phone-square\" style=\"font-size:2em; padding-right:10px; width:42px;\"><\/i>044 974 1458<\/a><br \/>\n<a href=\"mailto:eve.ramo@vantaanvihreat.fi\"><i class=\"far fa-envelope\" style=\"font-size:2em; padding-right:10px; width:42px;\"><\/i>eve.ramo@vantaanvihreat.fi<\/a><\/p>\n\n\n\n<p><a href=\"https:\/\/www.instagram.com\/eve.ramo\/\" target=\"_blank\" rel=\"noopener\"><i class=\"fab fa-instagram\" style=\"font-size:2em; padding-right:10px; width:42px;\"><\/i>Instagram<\/a><br \/>\n<a href=\"https:\/\/www.facebook.com\/everamovihreat\" target=\"_blank\" rel=\"noopener\"><i class=\"fab fa-facebook-square\" style=\"font-size:2em; padding-right:10px; width:42px;\"><\/i>Facebook<\/a><br \/>\n<a href=\"https:\/\/twitter.com\/eve_ramo\" target=\"_blank\" rel=\"noopener\"><i class=\"fab fa-twitter\" style=\"font-size:2em; padding-right:10px; width:42px;\"><\/i>Twitter<\/a><\/p>\n\n\n\n<hr class=\"wp-block-separator has-css-opacity is-style-wide\"\/>\n<\/div>\n\n\n\n<div class=\"wp-block-columns is-layout-flex wp-container-core-columns-is-layout-28f84493 wp-block-columns-is-layout-flex\">\n<div class=\"wp-block-column is-layout-flow wp-block-column-is-layout-flow\" style=\"flex-basis:70%\">\n<blockquote class=\"wp-block-quote is-style-default is-layout-flow wp-block-quote-is-layout-flow\">\n<p>Tue kampanjaani, pienikin summa on kannanotto Vihre\u00e4mm\u00e4n Vantaan puolesta!<br \/><a href=\"https:\/\/www.vihreat.fi\/ehdokkaat\/?vaali=o_5&amp;ehdokas=r%C3%A4m%C3%B6-eve-264&amp;kieli=fi&amp;kunta=k092\" target=\"_blank\" rel=\"noopener\"><i class=\"fas fa-hand-holding-heart\" style=\"font-size:2em; padding-right:10px; padding-top:5px; width:42px;\"><\/i>Lahjoita<\/a><\/p>\n<\/blockquote>\n<\/div>\n\n\n\n<div class=\"wp-block-column is-layout-flow wp-block-column-is-layout-flow\"><\/div>\n<\/div>\n\n\n\n<script src=\"https:\/\/kit.fontawesome.com\/3d70038450.js\" crossorigin=\"anonymous\"><\/script>\n","protected":false},"excerpt":{"rendered":"<p>Eve R\u00e4m\u00f6 044 974 1458 eve.ramo@vantaanvihreat.fi Instagram Facebook Twitter Tue kampanjaani, pienikin summa on kannanotto Vihre\u00e4mm\u00e4n Vantaan puolesta!Lahjoita<\/p>\n","protected":false},"author":1136,"featured_media":0,"parent":0,"menu_order":0,"comment_status":"closed","ping_status":"closed","template":"","meta":{"jetpack_post_was_ever_published":false,"footnotes":""},"class_list":["post-28345","page","type-page","status-publish","hentry"],"jetpack_sharing_enabled":true,"jetpack_shortlink":"https:\/\/wp.me\/P8pbUN-7nb","jetpack_likes_enabled":true,"jetpack-related-posts":[{"id":28321,"url":"https:\/\/henkilot.vihreat.fi\/eve.ramo\/blogi\/","url_meta":{"origin":28345,"position":0},"title":"Blogi","author":"tiina.nylen","date":"22.1.2021","format":false,"excerpt":"","rel":"","context":"Samankaltainen artikkeli","block_context":{"text":"Samankaltainen artikkeli","link":""},"img":{"alt_text":"","src":"","width":0,"height":0},"classes":[]},{"id":28301,"url":"https:\/\/henkilot.vihreat.fi\/eve.ramo\/politiikka\/","url_meta":{"origin":28345,"position":1},"title":"Politiikka","author":"tiina.nylen","date":"22.1.2021","format":false,"excerpt":"Olen ehdolla Vantaan kaupunginvaltuustoon sek\u00e4 Vantaa-Keravan aluevaltuustoon. Voit \u00e4\u00e4nest\u00e4\u00e4 minua, jos olet t\u00e4ysi-ik\u00e4inen ja asut Vantaalla tai Keravalla. Ennakko\u00e4\u00e4nestys kotimaassa: keskiviikosta tiistaihin 2-8.4.2025 Vaalip\u00e4iv\u00e4n \u00e4\u00e4nestys: sunnuntai\u00a0 13.4.2025 klo 9 \u2013 20 Eduskuntavaalit 2023 Ty\u00f6- ja luottamusteht\u00e4v\u00e4t","rel":"","context":"Samankaltainen artikkeli","block_context":{"text":"Samankaltainen artikkeli","link":""},"img":{"alt_text":"","src":"https:\/\/i0.wp.com\/henkilot.vihreat.fi\/eve.ramo\/files\/2012\/08\/MG_8158_muok_2.jpg?resize=350%2C200&ssl=1","width":350,"height":200,"srcset":"https:\/\/i0.wp.com\/henkilot.vihreat.fi\/eve.ramo\/files\/2012\/08\/MG_8158_muok_2.jpg?resize=350%2C200&ssl=1 1x, https:\/\/i0.wp.com\/henkilot.vihreat.fi\/eve.ramo\/files\/2012\/08\/MG_8158_muok_2.jpg?resize=525%2C300&ssl=1 1.5x, https:\/\/i0.wp.com\/henkilot.vihreat.fi\/eve.ramo\/files\/2012\/08\/MG_8158_muok_2.jpg?resize=700%2C400&ssl=1 2x, https:\/\/i0.wp.com\/henkilot.vihreat.fi\/eve.ramo\/files\/2012\/08\/MG_8158_muok_2.jpg?resize=1050%2C600&ssl=1 3x"},"classes":[]},{"id":28269,"url":"https:\/\/henkilot.vihreat.fi\/eve.ramo\/miksi-eve\/","url_meta":{"origin":28345,"position":2},"title":"Miksi Eve?","author":"tiina.nylen","date":"22.1.2021","format":false,"excerpt":"Minulle on ilo ja kunnia pit\u00e4\u00e4 Eve\u00e4 yst\u00e4v\u00e4n\u00e4ni. H\u00e4n on nainen, joka tekee ty\u00f6t\u00e4 t\u00e4ydell\u00e4 syd\u00e4mell\u00e4 niiden eteen, jotka eiv\u00e4t pysty itse pit\u00e4m\u00e4\u00e4n puoliaan. Even sisukkuuden takia Vantaa on parempi kaupunki olla lapsi. Periksiantamattomasti ja l\u00e4mm\u00f6ll\u00e4 h\u00e4n puolustaa perheit\u00e4, lapsia ja tasa-arvoa. Eve on ihminen, jota Vantaa ja koko t\u00e4m\u00e4\u2026","rel":"","context":"Samankaltainen artikkeli","block_context":{"text":"Samankaltainen artikkeli","link":""},"img":{"alt_text":"","src":"https:\/\/i0.wp.com\/henkilot.vihreat.fi\/eve.ramo\/files\/2021\/01\/Eve_Ramo-2-transparent.png?resize=350%2C200&ssl=1","width":350,"height":200,"srcset":"https:\/\/i0.wp.com\/henkilot.vihreat.fi\/eve.ramo\/files\/2021\/01\/Eve_Ramo-2-transparent.png?resize=350%2C200&ssl=1 1x, https:\/\/i0.wp.com\/henkilot.vihreat.fi\/eve.ramo\/files\/2021\/01\/Eve_Ramo-2-transparent.png?resize=525%2C300&ssl=1 1.5x, https:\/\/i0.wp.com\/henkilot.vihreat.fi\/eve.ramo\/files\/2021\/01\/Eve_Ramo-2-transparent.png?resize=700%2C400&ssl=1 2x, https:\/\/i0.wp.com\/henkilot.vihreat.fi\/eve.ramo\/files\/2021\/01\/Eve_Ramo-2-transparent.png?resize=1050%2C600&ssl=1 3x, https:\/\/i0.wp.com\/henkilot.vihreat.fi\/eve.ramo\/files\/2021\/01\/Eve_Ramo-2-transparent.png?resize=1400%2C800&ssl=1 4x"},"classes":[]},{"id":28261,"url":"https:\/\/henkilot.vihreat.fi\/eve.ramo\/","url_meta":{"origin":28345,"position":3},"title":"Etusivu","author":"tiina.nylen","date":"22.1.2021","format":false,"excerpt":"Olen 41-vuotias vantaalainen, aktiivinen inhimillisyyden ja tasa-arvon puolustaja. \u00a0Olen koulutukseltani sosionomi-kirkon nuorisoty\u00f6nohjaaja ja ty\u00f6skennellyt monipuolisesti sosiaalialalla, erityisesti lastensuojelussa, lasten, nuorten ja perheiden parissa. T\u00e4ll\u00e4 hetkell\u00e4 ty\u00f6skentelen lastensuojelussa tehostetun perhety\u00f6n sosiaaliohjaajana, josta tosin olen parhaillaan vanhempainvapaalla. Lastensuojelun ty\u00f6kokemusta minulla on jo l\u00e4hes 20 vuotta. Olen kaupunginvaltuutettu, Vantaan kaupunginhallituksen j\u00e4sen,Vantaa-Keravan hyvinvointialueen aluevaltuutettu,\u2026","rel":"","context":"Samankaltainen artikkeli","block_context":{"text":"Samankaltainen artikkeli","link":""},"img":{"alt_text":"","src":"","width":0,"height":0},"classes":[]},{"id":28306,"url":"https:\/\/henkilot.vihreat.fi\/eve.ramo\/politiikka\/luottamustehtavat\/","url_meta":{"origin":28345,"position":4},"title":"Ty\u00f6- ja luottamusteht\u00e4v\u00e4t","author":"tiina.nylen","date":"22.1.2021","format":false,"excerpt":"Sosionomi (AMK) \u2013 Kirkon nuorisoty\u00f6nohjaajaPerhety\u00f6ntekij\u00e4, Vantaa-Keravan hyvinvointialue. Olen ty\u00f6skennellyt\u00a0pitk\u00e4\u00e4n lastensuojelussa, sijoitettujen nuorten sek\u00e4 lapsiperheiden parissa. Viimeiset viisi vuotta olen tehnyt tehostettua perhety\u00f6t\u00e4.T\u00e4m\u00e4n lis\u00e4ksi olen ty\u00f6skennellyt asunnottomien ja p\u00e4ihteidenk\u00e4ytt\u00e4jien parissa, p\u00e4iv\u00e4kodissa, kriminaalihuollossa, kirkon nuorisoty\u00f6nohjaajana, maahanmuuttajanaisten turvakodissa sek\u00e4 tehnyt erilaisia vapaaehtoist\u00f6it\u00e4. Ty\u00f6nkuvaani kuuluu my\u00f6s talouden sosiaaliohjaus. Toimin my\u00f6s varaty\u00f6suojeluvaltuutettuna. Harrastukset Luottamusteht\u00e4v\u00e4tKotikissatoimintaMatkustaminenLukeminenVaeltaminen, tunturit\u2026","rel":"","context":"Samankaltainen artikkeli","block_context":{"text":"Samankaltainen artikkeli","link":""},"img":{"alt_text":"","src":"https:\/\/i0.wp.com\/henkilot.vihreat.fi\/eve.ramo\/files\/2021\/01\/eve_1-edited.jpg?resize=350%2C200&ssl=1","width":350,"height":200,"srcset":"https:\/\/i0.wp.com\/henkilot.vihreat.fi\/eve.ramo\/files\/2021\/01\/eve_1-edited.jpg?resize=350%2C200&ssl=1 1x, https:\/\/i0.wp.com\/henkilot.vihreat.fi\/eve.ramo\/files\/2021\/01\/eve_1-edited.jpg?resize=525%2C300&ssl=1 1.5x"},"classes":[]},{"id":28861,"url":"https:\/\/henkilot.vihreat.fi\/eve.ramo\/politiikka\/kunta-aluevaalit-2025\/","url_meta":{"origin":28345,"position":5},"title":"Kunta- ja aluevaalit 2025","author":"tiina.nylen","date":"25.2.2025","format":false,"excerpt":"Kuka? Lyhyesti: Korsolainen kokenut p\u00e4\u00e4tt\u00e4j\u00e4 ja alue ja kaupunginvaltuutettu, kaupunginhallituksen j\u00e4sen, kirkolliskokousedustaja ja kirkkovaltuuston puheenjohtaja. Sosiaalialan ammattilainen jolla on pitk\u00e4 kokemus lastensuojelusta, perheiden auttamisesta, nuorten parissa ty\u00f6skentelyst\u00e4 sek\u00e4 monikulttuurisessa ymp\u00e4rist\u00f6ss\u00e4 toimimisesta sek\u00e4 ty\u00f6st\u00e4 asunnottomien parissa. Luonnossa liikkuja, luonnon puolustaja sek\u00e4 el\u00e4inten yst\u00e4v\u00e4. Pienen tyt\u00f6n \u00e4iti joka pit\u00e4\u00e4 aina pienempien puolta!\u2026","rel":"","context":"Samankaltainen artikkeli","block_context":{"text":"Samankaltainen artikkeli","link":""},"img":{"alt_text":"","src":"https:\/\/i0.wp.com\/henkilot.vihreat.fi\/eve.ramo\/files\/2025\/03\/RamoEve-02_some.jpg?resize=350%2C200&ssl=1","width":350,"height":200},"classes":[]}],"_links":{"self":[{"href":"https:\/\/henkilot.vihreat.fi\/eve.ramo\/wp-json\/wp\/v2\/pages\/28345","targetHints":{"allow":["GET"]}}],"collection":[{"href":"https:\/\/henkilot.vihreat.fi\/eve.ramo\/wp-json\/wp\/v2\/pages"}],"about":[{"href":"https:\/\/henkilot.vihreat.fi\/eve.ramo\/wp-json\/wp\/v2\/types\/page"}],"author":[{"embeddable":true,"href":"https:\/\/henkilot.vihreat.fi\/eve.ramo\/wp-json\/wp\/v2\/users\/1136"}],"replies":[{"embeddable":true,"href":"https:\/\/henkilot.vihreat.fi\/eve.ramo\/wp-json\/wp\/v2\/comments?post=28345"}],"version-history":[{"count":4,"href":"https:\/\/henkilot.vihreat.fi\/eve.ramo\/wp-json\/wp\/v2\/pages\/28345\/revisions"}],"predecessor-version":[{"id":28743,"href":"https:\/\/henkilot.vihreat.fi\/eve.ramo\/wp-json\/wp\/v2\/pages\/28345\/revisions\/28743"}],"wp:attachment":[{"href":"https:\/\/henkilot.vihreat.fi\/eve.ramo\/wp-json\/wp\/v2\/media?parent=28345"}],"curies":[{"name":"wp","href":"https:\/\/api.w.org\/{rel}","templated":true}]}}