{"id":28306,"date":"2021-01-22T23:14:33","date_gmt":"2021-01-22T20:14:33","guid":{"rendered":"https:\/\/henkilot.vihreat.fi\/eve.ramo\/?page_id=28306"},"modified":"2024-10-27T14:56:17","modified_gmt":"2024-10-27T12:56:17","slug":"luottamustehtavat","status":"publish","type":"page","link":"https:\/\/henkilot.vihreat.fi\/eve.ramo\/politiikka\/luottamustehtavat\/","title":{"rendered":"Ty\u00f6- ja luottamusteht\u00e4v\u00e4t"},"content":{"rendered":"\n<div class=\"wp-block-columns is-layout-flex wp-container-core-columns-is-layout-28f84493 wp-block-columns-is-layout-flex\">\n<div class=\"wp-block-column is-layout-flow wp-block-column-is-layout-flow\" style=\"flex-basis:50%\">\n<p class=\"has-black-color has-text-color\"><span class=\"tadv-color\" style=\"color:#913662\">Sosionomi (AMK) \u2013 Kirkon nuorisoty\u00f6nohjaaja<br \/>Perhety\u00f6ntekij\u00e4, Vanta<\/span>a-Keravan hyvinvointialue.<\/p>\n\n\n\n<p>Olen ty\u00f6skennellyt\u00a0pitk\u00e4\u00e4n lastensuojelussa, sijoitettujen nuorten sek\u00e4 lapsiperheiden parissa. Viimeiset viisi vuotta olen tehnyt tehostettua perhety\u00f6t\u00e4.<br \/>T\u00e4m\u00e4n lis\u00e4ksi olen ty\u00f6skennellyt asunnottomien ja p\u00e4ihteidenk\u00e4ytt\u00e4jien parissa, p\u00e4iv\u00e4kodissa, kriminaalihuollossa, kirkon nuorisoty\u00f6nohjaajana, maahanmuuttajanaisten turvakodissa sek\u00e4 tehnyt erilaisia vapaaehtoist\u00f6it\u00e4. Ty\u00f6nkuvaani kuuluu my\u00f6s talouden sosiaaliohjaus. Toimin my\u00f6s varaty\u00f6suojeluvaltuutettuna.<\/p>\n\n\n\n<p class=\"has-text-color\" style=\"color:#913662;font-size:25px\">Harrastukset<\/p>\n\n\n\n<p><br \/>Luottamusteht\u00e4v\u00e4t<br \/>Kotikissatoiminta<br \/>Matkustaminen<br \/>Lukeminen<br \/>Vaeltaminen, tunturit ja luonnossa liikkuminen<br \/>M\u00f6kkeily<br \/>Jooga, kuntosali, lenkkeily<br \/>Sienestys<\/p>\n\n\n\n<p><\/p>\n\n\n\n<p><\/p>\n<\/div>\n\n\n\n<div class=\"wp-block-column is-layout-flow wp-block-column-is-layout-flow\" style=\"flex-basis:50%\">\n<figure class=\"wp-block-image size-large is-resized is-style-default\"><img loading=\"lazy\" decoding=\"async\" width=\"695\" height=\"694\" src=\"https:\/\/henkilot.vihreat.fi\/eve.ramo\/files\/2021\/01\/eve_1-edited.jpg\" alt=\"\" class=\"wp-image-28307\" style=\"width:521px;height:521px\" srcset=\"https:\/\/henkilot.vihreat.fi\/eve.ramo\/files\/2021\/01\/eve_1-edited.jpg 695w, https:\/\/henkilot.vihreat.fi\/eve.ramo\/files\/2021\/01\/eve_1-edited-300x300.jpg 300w, https:\/\/henkilot.vihreat.fi\/eve.ramo\/files\/2021\/01\/eve_1-edited-150x150.jpg 150w, https:\/\/henkilot.vihreat.fi\/eve.ramo\/files\/2021\/01\/eve_1-edited-270x270.jpg 270w, https:\/\/henkilot.vihreat.fi\/eve.ramo\/files\/2021\/01\/eve_1-edited-230x230.jpg 230w\" sizes=\"auto, (max-width: 695px) 100vw, 695px\" \/><\/figure>\n<\/div>\n<\/div>\n\n\n\n<h2 class=\"wp-block-heading\">Luottamustoimet<\/h2>\n\n\n\n<h3 class=\"wp-block-heading has-text-color\" style=\"color:#913662\">Vantaan kaupunki<\/h3>\n\n\n\n<p>Kaupunginvaltuutettu (Vantaa), 2017 -2021 ja 2021-2025<br \/>Kaupunginhallituksen j\u00e4sen 2023-2025<br \/>Vantaa-Kerava hyvinvointialue, valtuutettu 2022-2025<br \/>Keski-Uudenmaan pelastuslaitoksen lautakunnan j\u00e4sen 2024-2025<br \/>Vihre\u00e4n valtuustoryhm\u00e4n puheenjohtaja 2021-2023<br \/>Vihre\u00e4n valtuustoryhm\u00e4n 1. varapuheenjohtaja, 2017 -2021<br \/>Opetuslautakunnan j\u00e4sen, 2\/2015 &#8211; 2017, 2017 -2021<br \/>Vapaa-ajan lautakunnan j\u00e4sen, 2018 -2021<br \/>Korso-Koivukyl\u00e4n alueellisen kehitystoimikunnan puheenjohtaja, 2017 -2021<br \/>Uudenmaan p\u00e4ihdehuollon kuntayhtym\u00e4n &#8221;Ridis&#8221; hallituksen j\u00e4sen, 2013 &#8211; 2017, vpj 2017 -2021<br \/>Sis\u00e4ilmatoimikunnan varaj\u00e4sen 2020-2021<br \/>Elmo- poliittisen ohjausryhm\u00e4n j\u00e4sen 2019-2021<br \/>Vantaan kaupunginvaltuuston varavaltuutettu, 2016 &#8211; 2017<br \/>Suun terveydenhuollon liikelaitoksen johtokunnan j\u00e4sen, 2013 &#8211; 2017<\/p>\n\n\n\n<h3 class=\"wp-block-heading has-text-color\" style=\"color:#913662\">Vihre\u00e4t &#8211; De Gr\u00f6na<\/h3>\n\n\n\n<p>Vihre\u00e4n valtuustoryhm\u00e4n 1. varapuheenjohtaja, 2017 &#8211; 2021<br \/>Vantaan Vihreiden naisten hallituksen j\u00e4sen, 2016 &#8211; 2024<br \/>Vantaan Vihreiden puheenjohtaja, 2\/2014 &#8211; 2018<br \/>Uudenmaan Vihreiden hallituksen j\u00e4sen, 2014 &#8211; 2018<br \/>Vihre\u00e4n puoluevaltuuskunnan j\u00e4sen, 2013 &#8211; 2017<br \/>Vantaan Vihreiden hallituksen j\u00e4sen, 2014<br \/>Korso-Koivukyl\u00e4n Vihreiden puheenjohtaja, 2014<br \/>Korso-Koivukyl\u00e4n Vihreiden varapuheenjohtaja, 2013 &#8211; 2014, 2020-2021<br \/>Armon Vihreiden hallituksen sihteeri, 2011 &#8211; 2014, ja perustajaj\u00e4sen<\/p>\n\n\n\n<h3 class=\"wp-block-heading has-text-color\" style=\"color:#913662\">Vantaan seurakuntayhtym\u00e4<\/h3>\n\n\n\n<p class=\"has-text-align-left\">Yhteisen kirkkovaltuuston puheenjohtaja 2019-2022 ja 2022-<br \/>Yhteisen kirkkovaltuuston j\u00e4sen, vaalikaudet 2011 &#8211; 2014 ja 2015 &#8211; 2018, 2019-2022<br \/>Suunnittelutoimikunnan puheenjohtaja, 2015 &#8211; 2018<br \/>Suunnittelutoimikunnan j\u00e4sen, 2013 &#8211; 2014<br \/>Strategiatoimikunnan varapuheenjohtaja, 2011 &#8211; 2012<br \/>Yhteisen kirkkovaltuuston varaj\u00e4sen, vaalikausi 2006 &#8211; 2010<\/p>\n\n\n\n<p class=\"has-text-align-left\"><\/p>\n\n\n\n<h3 class=\"wp-block-heading has-text-color\" style=\"color:#913662\">Korson seurakunta<\/h3>\n\n\n\n<p>Seurakuntaneuvoston j\u00e4sen, 2005-nykyp\u00e4iv\u00e4<br \/>Erityisnuorisoty\u00f6n tukiryhm\u00e4n j\u00e4sen, vaalikausi 2006 &#8211; 2010<br \/>Seurakuntaneuvoston varaj\u00e4sen, vaalikausi 2002 &#8211; 2004<br \/><\/p>\n\n\n\n<h3 class=\"wp-block-heading has-text-color\" style=\"color:#913662\">Muut luottamustoimet<\/h3>\n\n\n\n<p>Kirkolliskokousedustaja 2024-<\/p>\n\n\n\n<p>Talentia liittovaltuutettu 2020-2024 ja 2024-<br \/>Talentia varaluottamusmies, Vantaan kaupunki, 2017 &#8211;<br \/>Hiippakuntavaltuuston j\u00e4sen 2020-2023<br \/>Hiippakuntavaltuuston varaj\u00e4sen, 2016 &#8211; 2019, 2013 \u2013 2016, 2024-<br \/>Kirkolliskokouksen varaj\u00e4sen 2020-2023<\/p>\n","protected":false},"excerpt":{"rendered":"<p>Sosionomi (AMK) \u2013 Kirkon nuorisoty\u00f6nohjaajaPerhety\u00f6ntekij\u00e4, Vantaa-Keravan hyvinvointialue. Olen ty\u00f6skennellyt\u00a0pitk\u00e4\u00e4n lastensuojelussa, sijoitettujen nuorten sek\u00e4 lapsiperheiden parissa. Viimeiset viisi vuotta olen tehnyt tehostettua perhety\u00f6t\u00e4.T\u00e4m\u00e4n lis\u00e4ksi olen ty\u00f6skennellyt asunnottomien ja p\u00e4ihteidenk\u00e4ytt\u00e4jien parissa, p\u00e4iv\u00e4kodissa, kriminaalihuollossa, kirkon nuorisoty\u00f6nohjaajana, maahanmuuttajanaisten turvakodissa sek\u00e4 tehnyt erilaisia vapaaehtoist\u00f6it\u00e4. Ty\u00f6nkuvaani<\/p>\n","protected":false},"author":1136,"featured_media":0,"parent":28301,"menu_order":0,"comment_status":"closed","ping_status":"closed","template":"","meta":{"jetpack_post_was_ever_published":false,"footnotes":""},"class_list":["post-28306","page","type-page","status-publish","hentry"],"jetpack_sharing_enabled":true,"jetpack_shortlink":"https:\/\/wp.me\/P8pbUN-7my","jetpack_likes_enabled":true,"jetpack-related-posts":[{"id":28261,"url":"https:\/\/henkilot.vihreat.fi\/eve.ramo\/","url_meta":{"origin":28306,"position":0},"title":"Etusivu","author":"tiina.nylen","date":"22.1.2021","format":false,"excerpt":"Olen 41-vuotias vantaalainen, aktiivinen inhimillisyyden ja tasa-arvon puolustaja. \u00a0Olen koulutukseltani sosionomi-kirkon nuorisoty\u00f6nohjaaja ja ty\u00f6skennellyt monipuolisesti sosiaalialalla, erityisesti lastensuojelussa, lasten, nuorten ja perheiden parissa. T\u00e4ll\u00e4 hetkell\u00e4 ty\u00f6skentelen lastensuojelussa tehostetun perhety\u00f6n sosiaaliohjaajana, josta tosin olen parhaillaan vanhempainvapaalla. Lastensuojelun ty\u00f6kokemusta minulla on jo l\u00e4hes 20 vuotta. Olen kaupunginvaltuutettu, Vantaan kaupunginhallituksen j\u00e4sen,Vantaa-Keravan hyvinvointialueen aluevaltuutettu,\u2026","rel":"","context":"Samankaltainen artikkeli","block_context":{"text":"Samankaltainen artikkeli","link":""},"img":{"alt_text":"","src":"","width":0,"height":0},"classes":[]},{"id":28861,"url":"https:\/\/henkilot.vihreat.fi\/eve.ramo\/politiikka\/kunta-aluevaalit-2025\/","url_meta":{"origin":28306,"position":1},"title":"Kunta- ja aluevaalit 2025","author":"tiina.nylen","date":"25.2.2025","format":false,"excerpt":"Kuka? Lyhyesti: Korsolainen kokenut p\u00e4\u00e4tt\u00e4j\u00e4 ja alue ja kaupunginvaltuutettu, kaupunginhallituksen j\u00e4sen, kirkolliskokousedustaja ja kirkkovaltuuston puheenjohtaja. Sosiaalialan ammattilainen jolla on pitk\u00e4 kokemus lastensuojelusta, perheiden auttamisesta, nuorten parissa ty\u00f6skentelyst\u00e4 sek\u00e4 monikulttuurisessa ymp\u00e4rist\u00f6ss\u00e4 toimimisesta sek\u00e4 ty\u00f6st\u00e4 asunnottomien parissa. Luonnossa liikkuja, luonnon puolustaja sek\u00e4 el\u00e4inten yst\u00e4v\u00e4. Pienen tyt\u00f6n \u00e4iti joka pit\u00e4\u00e4 aina pienempien puolta!\u2026","rel":"","context":"Samankaltainen artikkeli","block_context":{"text":"Samankaltainen artikkeli","link":""},"img":{"alt_text":"","src":"https:\/\/i0.wp.com\/henkilot.vihreat.fi\/eve.ramo\/files\/2025\/03\/RamoEve-02_some.jpg?resize=350%2C200&ssl=1","width":350,"height":200},"classes":[]},{"id":28269,"url":"https:\/\/henkilot.vihreat.fi\/eve.ramo\/miksi-eve\/","url_meta":{"origin":28306,"position":2},"title":"Miksi Eve?","author":"tiina.nylen","date":"22.1.2021","format":false,"excerpt":"Minulle on ilo ja kunnia pit\u00e4\u00e4 Eve\u00e4 yst\u00e4v\u00e4n\u00e4ni. H\u00e4n on nainen, joka tekee ty\u00f6t\u00e4 t\u00e4ydell\u00e4 syd\u00e4mell\u00e4 niiden eteen, jotka eiv\u00e4t pysty itse pit\u00e4m\u00e4\u00e4n puoliaan. Even sisukkuuden takia Vantaa on parempi kaupunki olla lapsi. Periksiantamattomasti ja l\u00e4mm\u00f6ll\u00e4 h\u00e4n puolustaa perheit\u00e4, lapsia ja tasa-arvoa. Eve on ihminen, jota Vantaa ja koko t\u00e4m\u00e4\u2026","rel":"","context":"Samankaltainen artikkeli","block_context":{"text":"Samankaltainen artikkeli","link":""},"img":{"alt_text":"","src":"https:\/\/i0.wp.com\/henkilot.vihreat.fi\/eve.ramo\/files\/2021\/01\/Eve_Ramo-2-transparent.png?resize=350%2C200&ssl=1","width":350,"height":200,"srcset":"https:\/\/i0.wp.com\/henkilot.vihreat.fi\/eve.ramo\/files\/2021\/01\/Eve_Ramo-2-transparent.png?resize=350%2C200&ssl=1 1x, https:\/\/i0.wp.com\/henkilot.vihreat.fi\/eve.ramo\/files\/2021\/01\/Eve_Ramo-2-transparent.png?resize=525%2C300&ssl=1 1.5x, https:\/\/i0.wp.com\/henkilot.vihreat.fi\/eve.ramo\/files\/2021\/01\/Eve_Ramo-2-transparent.png?resize=700%2C400&ssl=1 2x, https:\/\/i0.wp.com\/henkilot.vihreat.fi\/eve.ramo\/files\/2021\/01\/Eve_Ramo-2-transparent.png?resize=1050%2C600&ssl=1 3x, https:\/\/i0.wp.com\/henkilot.vihreat.fi\/eve.ramo\/files\/2021\/01\/Eve_Ramo-2-transparent.png?resize=1400%2C800&ssl=1 4x"},"classes":[]},{"id":28301,"url":"https:\/\/henkilot.vihreat.fi\/eve.ramo\/politiikka\/","url_meta":{"origin":28306,"position":3},"title":"Politiikka","author":"tiina.nylen","date":"22.1.2021","format":false,"excerpt":"Olen ehdolla Vantaan kaupunginvaltuustoon sek\u00e4 Vantaa-Keravan aluevaltuustoon. Voit \u00e4\u00e4nest\u00e4\u00e4 minua, jos olet t\u00e4ysi-ik\u00e4inen ja asut Vantaalla tai Keravalla. Ennakko\u00e4\u00e4nestys kotimaassa: keskiviikosta tiistaihin 2-8.4.2025 Vaalip\u00e4iv\u00e4n \u00e4\u00e4nestys: sunnuntai\u00a0 13.4.2025 klo 9 \u2013 20 Eduskuntavaalit 2023 Ty\u00f6- ja luottamusteht\u00e4v\u00e4t","rel":"","context":"Samankaltainen artikkeli","block_context":{"text":"Samankaltainen artikkeli","link":""},"img":{"alt_text":"","src":"https:\/\/i0.wp.com\/henkilot.vihreat.fi\/eve.ramo\/files\/2012\/08\/MG_8158_muok_2.jpg?resize=350%2C200&ssl=1","width":350,"height":200,"srcset":"https:\/\/i0.wp.com\/henkilot.vihreat.fi\/eve.ramo\/files\/2012\/08\/MG_8158_muok_2.jpg?resize=350%2C200&ssl=1 1x, https:\/\/i0.wp.com\/henkilot.vihreat.fi\/eve.ramo\/files\/2012\/08\/MG_8158_muok_2.jpg?resize=525%2C300&ssl=1 1.5x, https:\/\/i0.wp.com\/henkilot.vihreat.fi\/eve.ramo\/files\/2012\/08\/MG_8158_muok_2.jpg?resize=700%2C400&ssl=1 2x, https:\/\/i0.wp.com\/henkilot.vihreat.fi\/eve.ramo\/files\/2012\/08\/MG_8158_muok_2.jpg?resize=1050%2C600&ssl=1 3x"},"classes":[]},{"id":28659,"url":"https:\/\/henkilot.vihreat.fi\/eve.ramo\/politiikka\/eduskuntavaalit-2023\/","url_meta":{"origin":28306,"position":4},"title":"Eduskuntavaalit 2023","author":"tiina.nylen","date":"15.12.2022","format":false,"excerpt":"Vaaliteemat Perheit\u00e4 on tuettava nykyist\u00e4 enemm\u00e4n Varhaiskasvatuksen hyv\u00e4 laatu on kaikkien etu ja hyv\u00e4 varhaiskasvatus v\u00e4hent\u00e4\u00e4 muiden palveluiden tarvetta. Varhaiskasvatuksen laadun parantaminen vaatii ty\u00f6ntekij\u00f6iden palkkauksen ja ty\u00f6olojen parannusta. Hoitopolut on oltava helppoja ja sujuvia. Esimerkiksi nepsy-lasten diagnosointi ja tuki tulee saada nykyist\u00e4 nopeammin ja helpommin. Kun voimavarat ovat v\u00e4hiss\u00e4 on\u2026","rel":"","context":"Samankaltainen artikkeli","block_context":{"text":"Samankaltainen artikkeli","link":""},"img":{"alt_text":"","src":"https:\/\/i0.wp.com\/henkilot.vihreat.fi\/eve.ramo\/files\/2023\/02\/isosome.jpg?resize=350%2C200&ssl=1","width":350,"height":200,"srcset":"https:\/\/i0.wp.com\/henkilot.vihreat.fi\/eve.ramo\/files\/2023\/02\/isosome.jpg?resize=350%2C200&ssl=1 1x, https:\/\/i0.wp.com\/henkilot.vihreat.fi\/eve.ramo\/files\/2023\/02\/isosome.jpg?resize=525%2C300&ssl=1 1.5x, https:\/\/i0.wp.com\/henkilot.vihreat.fi\/eve.ramo\/files\/2023\/02\/isosome.jpg?resize=700%2C400&ssl=1 2x"},"classes":[]},{"id":28309,"url":"https:\/\/henkilot.vihreat.fi\/eve.ramo\/politiikka\/eduskuntavaalit-2019\/","url_meta":{"origin":28306,"position":5},"title":"Eduskuntavaalit 2019","author":"tiina.nylen","date":"22.1.2021","format":false,"excerpt":"Hyv\u00e4 lapsuus Yhdenvertaiset mahdollisuudet ja toimivat perheiden palvelut Lapsuusaika luo perusteet el\u00e4m\u00e4lle. Lapsuusaikaan panostaminen on suora sijoitus tulevaisuuteen. Yhteiskunnan teht\u00e4v\u00e4 on purkaa lapsia eriarvoistavia rakenteita ja tarjota yhdenvertaiset mahdollisuudet kaikille. T\u00e4m\u00e4 edellytt\u00e4\u00e4 koulutukseen panostamista, k\u00f6yhyyden v\u00e4hent\u00e4mist\u00e4 ja perheiden tukemista. Perheiden tulee saada palveluita jo ennen kuin ongelmat k\u00e4rjistyv\u00e4t. Perheneuvoloissa, perhety\u00f6ss\u00e4\u2026","rel":"","context":"Samankaltainen artikkeli","block_context":{"text":"Samankaltainen artikkeli","link":""},"img":{"alt_text":"","src":"https:\/\/i0.wp.com\/henkilot.vihreat.fi\/eve.ramo\/files\/2012\/09\/muokattu1-2.jpg?resize=350%2C200&ssl=1","width":350,"height":200,"srcset":"https:\/\/i0.wp.com\/henkilot.vihreat.fi\/eve.ramo\/files\/2012\/09\/muokattu1-2.jpg?resize=350%2C200&ssl=1 1x, https:\/\/i0.wp.com\/henkilot.vihreat.fi\/eve.ramo\/files\/2012\/09\/muokattu1-2.jpg?resize=525%2C300&ssl=1 1.5x, https:\/\/i0.wp.com\/henkilot.vihreat.fi\/eve.ramo\/files\/2012\/09\/muokattu1-2.jpg?resize=700%2C400&ssl=1 2x, https:\/\/i0.wp.com\/henkilot.vihreat.fi\/eve.ramo\/files\/2012\/09\/muokattu1-2.jpg?resize=1050%2C600&ssl=1 3x, https:\/\/i0.wp.com\/henkilot.vihreat.fi\/eve.ramo\/files\/2012\/09\/muokattu1-2.jpg?resize=1400%2C800&ssl=1 4x"},"classes":[]}],"_links":{"self":[{"href":"https:\/\/henkilot.vihreat.fi\/eve.ramo\/wp-json\/wp\/v2\/pages\/28306","targetHints":{"allow":["GET"]}}],"collection":[{"href":"https:\/\/henkilot.vihreat.fi\/eve.ramo\/wp-json\/wp\/v2\/pages"}],"about":[{"href":"https:\/\/henkilot.vihreat.fi\/eve.ramo\/wp-json\/wp\/v2\/types\/page"}],"author":[{"embeddable":true,"href":"https:\/\/henkilot.vihreat.fi\/eve.ramo\/wp-json\/wp\/v2\/users\/1136"}],"replies":[{"embeddable":true,"href":"https:\/\/henkilot.vihreat.fi\/eve.ramo\/wp-json\/wp\/v2\/comments?post=28306"}],"version-history":[{"count":10,"href":"https:\/\/henkilot.vihreat.fi\/eve.ramo\/wp-json\/wp\/v2\/pages\/28306\/revisions"}],"predecessor-version":[{"id":28846,"href":"https:\/\/henkilot.vihreat.fi\/eve.ramo\/wp-json\/wp\/v2\/pages\/28306\/revisions\/28846"}],"up":[{"embeddable":true,"href":"https:\/\/henkilot.vihreat.fi\/eve.ramo\/wp-json\/wp\/v2\/pages\/28301"}],"wp:attachment":[{"href":"https:\/\/henkilot.vihreat.fi\/eve.ramo\/wp-json\/wp\/v2\/media?parent=28306"}],"curies":[{"name":"wp","href":"https:\/\/api.w.org\/{rel}","templated":true}]}}