{"id":28301,"date":"2021-01-22T23:11:46","date_gmt":"2021-01-22T20:11:46","guid":{"rendered":"https:\/\/henkilot.vihreat.fi\/eve.ramo\/?page_id=28301"},"modified":"2025-03-11T11:36:26","modified_gmt":"2025-03-11T09:36:26","slug":"politiikka","status":"publish","type":"page","link":"https:\/\/henkilot.vihreat.fi\/eve.ramo\/politiikka\/","title":{"rendered":"Politiikka"},"content":{"rendered":"\n<figure class=\"wp-block-image alignleft size-large is-resized\"><img loading=\"lazy\" decoding=\"async\" width=\"1024\" height=\"652\" src=\"https:\/\/henkilot.vihreat.fi\/eve.ramo\/files\/2012\/08\/MG_8158_muok_2-1024x652.jpg\" alt=\"\" class=\"wp-image-26260\" style=\"width:512px;height:326px\" srcset=\"https:\/\/henkilot.vihreat.fi\/eve.ramo\/files\/2012\/08\/MG_8158_muok_2-1024x652.jpg 1024w, https:\/\/henkilot.vihreat.fi\/eve.ramo\/files\/2012\/08\/MG_8158_muok_2-300x191.jpg 300w, https:\/\/henkilot.vihreat.fi\/eve.ramo\/files\/2012\/08\/MG_8158_muok_2-768x489.jpg 768w, https:\/\/henkilot.vihreat.fi\/eve.ramo\/files\/2012\/08\/MG_8158_muok_2-1080x687.jpg 1080w, https:\/\/henkilot.vihreat.fi\/eve.ramo\/files\/2012\/08\/MG_8158_muok_2.jpg 1100w\" sizes=\"auto, (max-width: 1024px) 100vw, 1024px\" \/><\/figure>\n\n\n\n<div class=\"wp-block-group is-layout-constrained wp-block-group-is-layout-constrained\">\n<p>Olen ehdolla Vantaan kaupunginvaltuustoon sek\u00e4 Vantaa-Keravan aluevaltuustoon. Voit \u00e4\u00e4nest\u00e4\u00e4 minua, jos olet t\u00e4ysi-ik\u00e4inen ja asut Vantaalla tai Keravalla.<\/p>\n\n\n\n<p>Ennakko\u00e4\u00e4nestys kotimaassa: keskiviikosta tiistaihin 2-8.4.2025<\/p>\n\n\n\n<p><\/p>\n\n\n\n<p>Vaalip\u00e4iv\u00e4n \u00e4\u00e4nestys: sunnuntai\u00a0 13.4.2025 klo 9 \u2013 20<\/p>\n<\/div>\n\n\n\n<h3 class=\"wp-block-heading\"><a href=\"https:\/\/henkilot.vihreat.fi\/eve.ramo\/politiikka\/eduskuntavaalit-2023\/\" data-type=\"page\" data-id=\"28558\">Eduskuntavaalit 2023<\/a><\/h3>\n\n\n\n<h3 class=\"wp-block-heading\"><a href=\"https:\/\/henkilot.vihreat.fi\/eve.ramo\/politiikka\/luottamustehtavat\/\" data-type=\"page\" data-id=\"28306\">Ty\u00f6- ja luottamusteht\u00e4v\u00e4t<\/a><\/h3>\n","protected":false},"excerpt":{"rendered":"<p>Olen ehdolla Vantaan kaupunginvaltuustoon sek\u00e4 Vantaa-Keravan aluevaltuustoon. Voit \u00e4\u00e4nest\u00e4\u00e4 minua, jos olet t\u00e4ysi-ik\u00e4inen ja asut Vantaalla tai Keravalla. Ennakko\u00e4\u00e4nestys kotimaassa: keskiviikosta tiistaihin 2-8.4.2025 Vaalip\u00e4iv\u00e4n \u00e4\u00e4nestys: sunnuntai\u00a0 13.4.2025 klo 9 \u2013 20 Eduskuntavaalit 2023 Ty\u00f6- ja luottamusteht\u00e4v\u00e4t<\/p>\n","protected":false},"author":1136,"featured_media":0,"parent":0,"menu_order":0,"comment_status":"closed","ping_status":"closed","template":"","meta":{"jetpack_post_was_ever_published":false,"footnotes":""},"class_list":["post-28301","page","type-page","status-publish","hentry"],"jetpack_sharing_enabled":true,"jetpack_shortlink":"https:\/\/wp.me\/P8pbUN-7mt","jetpack_likes_enabled":true,"jetpack-related-posts":[],"_links":{"self":[{"href":"https:\/\/henkilot.vihreat.fi\/eve.ramo\/wp-json\/wp\/v2\/pages\/28301","targetHints":{"allow":["GET"]}}],"collection":[{"href":"https:\/\/henkilot.vihreat.fi\/eve.ramo\/wp-json\/wp\/v2\/pages"}],"about":[{"href":"https:\/\/henkilot.vihreat.fi\/eve.ramo\/wp-json\/wp\/v2\/types\/page"}],"author":[{"embeddable":true,"href":"https:\/\/henkilot.vihreat.fi\/eve.ramo\/wp-json\/wp\/v2\/users\/1136"}],"replies":[{"embeddable":true,"href":"https:\/\/henkilot.vihreat.fi\/eve.ramo\/wp-json\/wp\/v2\/comments?post=28301"}],"version-history":[{"count":9,"href":"https:\/\/henkilot.vihreat.fi\/eve.ramo\/wp-json\/wp\/v2\/pages\/28301\/revisions"}],"predecessor-version":[{"id":28885,"href":"https:\/\/henkilot.vihreat.fi\/eve.ramo\/wp-json\/wp\/v2\/pages\/28301\/revisions\/28885"}],"wp:attachment":[{"href":"https:\/\/henkilot.vihreat.fi\/eve.ramo\/wp-json\/wp\/v2\/media?parent=28301"}],"curies":[{"name":"wp","href":"https:\/\/api.w.org\/{rel}","templated":true}]}}