{"id":28261,"date":"2021-01-22T22:17:44","date_gmt":"2021-01-22T19:17:44","guid":{"rendered":"https:\/\/henkilot.vihreat.fi\/eve.ramo\/?page_id=28261"},"modified":"2025-02-25T13:38:49","modified_gmt":"2025-02-25T11:38:49","slug":"etusivu","status":"publish","type":"page","link":"https:\/\/henkilot.vihreat.fi\/eve.ramo\/","title":{"rendered":"Etusivu"},"content":{"rendered":"\n<p>Olen 41-vuotias vantaalainen, aktiivinen inhimillisyyden ja tasa-arvon puolustaja. \u00a0Olen koulutukseltani sosionomi-kirkon nuorisoty\u00f6nohjaaja ja ty\u00f6skennellyt monipuolisesti sosiaalialalla, erityisesti lastensuojelussa, lasten, nuorten ja perheiden parissa. T\u00e4ll\u00e4 hetkell\u00e4 ty\u00f6skentelen lastensuojelussa tehostetun perhety\u00f6n sosiaaliohjaajana, josta tosin olen parhaillaan vanhempainvapaalla. Lastensuojelun ty\u00f6kokemusta minulla on jo l\u00e4hes 20 vuotta. Olen kaupunginvaltuutettu, Vantaan kaupunginhallituksen j\u00e4sen,Vantaa-Keravan hyvinvointialueen aluevaltuutettu, Uudenmaan pelastuslaitoksen lautakunnan j\u00e4sen, kirkkovaltuutettu, kirkolliskokousedustaja ja entinen Vantaan Vihreiden puheenjohtaja.<\/p>\n\n\n\n<p>P\u00e4\u00e4t\u00f6ksenteossa pid\u00e4n t\u00e4rke\u00e4n\u00e4 sit\u00e4, ett\u00e4 se on aidosti avointa ja demokraattista ja ett\u00e4 siihen voi vaikuttaa. P\u00e4\u00e4t\u00f6ksenteko ei saa karata liian kauas k\u00e4yt\u00e4nn\u00f6n tasosta. P\u00e4\u00e4t\u00f6kset on perustettava tutkittuun tietoon ja p\u00e4\u00e4t\u00f6ksi\u00e4 tehdess\u00e4 on aina huomioitava p\u00e4\u00e4t\u00f6ksen vaikutukset.<\/p>\n\n\n\n<p>Olen tuore \u00e4iti ja asun Korsossa puolisoni, taaperomme ja kissojeni kanssa. Olen aktiivinen kotikissaharrastaja ja luonnon yst\u00e4v\u00e4, joka viihtyy vapaa-ajallaan mets\u00e4ss\u00e4 vaeltaen ja sienest\u00e4en sek\u00e4 salilla liikuntaa harrastaen. El\u00e4inten ja luonnon hyvinvointi ovat minulle luovuttamattomia perusarvoja.<\/p>\n\n\n\n<p>Toiminnassani haluan nostaa esiin lasten ja perheiden tarvitsemaa tukea, \u00e4itien hyvinvoinnista huolehtimista, isien oikeuksia ja kaikenlaisten perheiden tasa-arvoista kohtelua. Pid\u00e4n my\u00f6s t\u00e4rke\u00e4n\u00e4, ett\u00e4 lastensuojelun resurssit turvataan.&nbsp;Sote-alan ty\u00f6ntekij\u00e4kriisi on todellinen eik\u00e4 sit\u00e4 ratkaista kauniilla sanoilla. Palkkaus ja ty\u00f6olot on saatava kuntoon- t\u00e4m\u00e4 on kaikkien etu. Esimerkiksi varhaiskasvatuksen ongelmat ratkaistaan vain mik\u00e4li p\u00e4iv\u00e4koteihin saadaan t\u00f6ihin riitt\u00e4v\u00e4sti p\u00e4tev\u00e4\u00e4 henkil\u00f6kuntaa.<\/p>\n\n\n\n<p><\/p>\n","protected":false},"excerpt":{"rendered":"<p>Olen 41-vuotias vantaalainen, aktiivinen inhimillisyyden ja tasa-arvon puolustaja. \u00a0Olen koulutukseltani sosionomi-kirkon nuorisoty\u00f6nohjaaja ja ty\u00f6skennellyt monipuolisesti sosiaalialalla, erityisesti lastensuojelussa, lasten, nuorten ja perheiden parissa. T\u00e4ll\u00e4 hetkell\u00e4 ty\u00f6skentelen lastensuojelussa tehostetun perhety\u00f6n sosiaaliohjaajana, josta tosin olen parhaillaan vanhempainvapaalla. Lastensuojelun ty\u00f6kokemusta minulla on jo<\/p>\n","protected":false},"author":1136,"featured_media":0,"parent":0,"menu_order":0,"comment_status":"closed","ping_status":"closed","template":"","meta":{"jetpack_post_was_ever_published":false,"footnotes":""},"class_list":["post-28261","page","type-page","status-publish","hentry"],"jetpack_sharing_enabled":true,"jetpack_shortlink":"https:\/\/wp.me\/P8pbUN-7lP","jetpack_likes_enabled":true,"jetpack-related-posts":[{"id":28306,"url":"https:\/\/henkilot.vihreat.fi\/eve.ramo\/politiikka\/luottamustehtavat\/","url_meta":{"origin":28261,"position":0},"title":"Ty\u00f6- ja luottamusteht\u00e4v\u00e4t","author":"tiina.nylen","date":"22.1.2021","format":false,"excerpt":"Sosionomi (AMK) \u2013 Kirkon nuorisoty\u00f6nohjaajaPerhety\u00f6ntekij\u00e4, Vantaa-Keravan hyvinvointialue. Olen ty\u00f6skennellyt\u00a0pitk\u00e4\u00e4n lastensuojelussa, sijoitettujen nuorten sek\u00e4 lapsiperheiden parissa. Viimeiset viisi vuotta olen tehnyt tehostettua perhety\u00f6t\u00e4.T\u00e4m\u00e4n lis\u00e4ksi olen ty\u00f6skennellyt asunnottomien ja p\u00e4ihteidenk\u00e4ytt\u00e4jien parissa, p\u00e4iv\u00e4kodissa, kriminaalihuollossa, kirkon nuorisoty\u00f6nohjaajana, maahanmuuttajanaisten turvakodissa sek\u00e4 tehnyt erilaisia vapaaehtoist\u00f6it\u00e4. Ty\u00f6nkuvaani kuuluu my\u00f6s talouden sosiaaliohjaus. Toimin my\u00f6s varaty\u00f6suojeluvaltuutettuna. Harrastukset Luottamusteht\u00e4v\u00e4tKotikissatoimintaMatkustaminenLukeminenVaeltaminen, tunturit\u2026","rel":"","context":"Samankaltainen artikkeli","block_context":{"text":"Samankaltainen artikkeli","link":""},"img":{"alt_text":"","src":"https:\/\/i0.wp.com\/henkilot.vihreat.fi\/eve.ramo\/files\/2021\/01\/eve_1-edited.jpg?resize=350%2C200&ssl=1","width":350,"height":200,"srcset":"https:\/\/i0.wp.com\/henkilot.vihreat.fi\/eve.ramo\/files\/2021\/01\/eve_1-edited.jpg?resize=350%2C200&ssl=1 1x, https:\/\/i0.wp.com\/henkilot.vihreat.fi\/eve.ramo\/files\/2021\/01\/eve_1-edited.jpg?resize=525%2C300&ssl=1 1.5x"},"classes":[]},{"id":28315,"url":"https:\/\/henkilot.vihreat.fi\/eve.ramo\/politiikka\/kuntavaalit-2017\/","url_meta":{"origin":28261,"position":1},"title":"Kuntavaalit 2017","author":"tiina.nylen","date":"22.1.2021","format":false,"excerpt":"Lapset ensin Tulevaisuuteen kannattaa panostaa! Haluamme Vantaalla turvata lapsille tasa-arvoisen lapsuuden ja yhdenvertaisen l\u00e4ht\u00f6kohdan el\u00e4m\u00e4\u00e4n. Haluamme lastemme kasvavan hyvinvoivien vanhempien perheiss\u00e4, terveiss\u00e4 kouluissa ja osaavan henkil\u00f6st\u00f6n parissa. Haluamme, ett\u00e4 aikuisilla on lapsille aikaa. Haluamme, ett\u00e4 lapsemme saavat laadukasta opetusta ja varhaiskasvatusta terveiss\u00e4 rakennuksissa. Tukea erilaisille oppilaille on tarjottava matalalla kynnyksell\u00e4\u2026","rel":"","context":"Samankaltainen artikkeli","block_context":{"text":"Samankaltainen artikkeli","link":""},"img":{"alt_text":"","src":"https:\/\/i0.wp.com\/henkilot.vihreat.fi\/eve.ramo\/files\/2012\/08\/Eve_Ra%CC%88mo%CC%88_KP-6Web.jpg?resize=350%2C200&ssl=1","width":350,"height":200,"srcset":"https:\/\/i0.wp.com\/henkilot.vihreat.fi\/eve.ramo\/files\/2012\/08\/Eve_Ra%CC%88mo%CC%88_KP-6Web.jpg?resize=350%2C200&ssl=1 1x, https:\/\/i0.wp.com\/henkilot.vihreat.fi\/eve.ramo\/files\/2012\/08\/Eve_Ra%CC%88mo%CC%88_KP-6Web.jpg?resize=525%2C300&ssl=1 1.5x"},"classes":[]},{"id":28861,"url":"https:\/\/henkilot.vihreat.fi\/eve.ramo\/politiikka\/kunta-aluevaalit-2025\/","url_meta":{"origin":28261,"position":2},"title":"Kunta- ja aluevaalit 2025","author":"tiina.nylen","date":"25.2.2025","format":false,"excerpt":"Kuka? Lyhyesti: Korsolainen kokenut p\u00e4\u00e4tt\u00e4j\u00e4 ja alue ja kaupunginvaltuutettu, kaupunginhallituksen j\u00e4sen, kirkolliskokousedustaja ja kirkkovaltuuston puheenjohtaja. Sosiaalialan ammattilainen jolla on pitk\u00e4 kokemus lastensuojelusta, perheiden auttamisesta, nuorten parissa ty\u00f6skentelyst\u00e4 sek\u00e4 monikulttuurisessa ymp\u00e4rist\u00f6ss\u00e4 toimimisesta sek\u00e4 ty\u00f6st\u00e4 asunnottomien parissa. Luonnossa liikkuja, luonnon puolustaja sek\u00e4 el\u00e4inten yst\u00e4v\u00e4. Pienen tyt\u00f6n \u00e4iti joka pit\u00e4\u00e4 aina pienempien puolta!\u2026","rel":"","context":"Samankaltainen artikkeli","block_context":{"text":"Samankaltainen artikkeli","link":""},"img":{"alt_text":"","src":"https:\/\/i0.wp.com\/henkilot.vihreat.fi\/eve.ramo\/files\/2025\/03\/RamoEve-02_some.jpg?resize=350%2C200&ssl=1","width":350,"height":200},"classes":[]},{"id":28301,"url":"https:\/\/henkilot.vihreat.fi\/eve.ramo\/politiikka\/","url_meta":{"origin":28261,"position":3},"title":"Politiikka","author":"tiina.nylen","date":"22.1.2021","format":false,"excerpt":"Olen ehdolla Vantaan kaupunginvaltuustoon sek\u00e4 Vantaa-Keravan aluevaltuustoon. Voit \u00e4\u00e4nest\u00e4\u00e4 minua, jos olet t\u00e4ysi-ik\u00e4inen ja asut Vantaalla tai Keravalla. Ennakko\u00e4\u00e4nestys kotimaassa: keskiviikosta tiistaihin 2-8.4.2025 Vaalip\u00e4iv\u00e4n \u00e4\u00e4nestys: sunnuntai\u00a0 13.4.2025 klo 9 \u2013 20 Eduskuntavaalit 2023 Ty\u00f6- ja luottamusteht\u00e4v\u00e4t","rel":"","context":"Samankaltainen artikkeli","block_context":{"text":"Samankaltainen artikkeli","link":""},"img":{"alt_text":"","src":"https:\/\/i0.wp.com\/henkilot.vihreat.fi\/eve.ramo\/files\/2012\/08\/MG_8158_muok_2.jpg?resize=350%2C200&ssl=1","width":350,"height":200,"srcset":"https:\/\/i0.wp.com\/henkilot.vihreat.fi\/eve.ramo\/files\/2012\/08\/MG_8158_muok_2.jpg?resize=350%2C200&ssl=1 1x, https:\/\/i0.wp.com\/henkilot.vihreat.fi\/eve.ramo\/files\/2012\/08\/MG_8158_muok_2.jpg?resize=525%2C300&ssl=1 1.5x, https:\/\/i0.wp.com\/henkilot.vihreat.fi\/eve.ramo\/files\/2012\/08\/MG_8158_muok_2.jpg?resize=700%2C400&ssl=1 2x, https:\/\/i0.wp.com\/henkilot.vihreat.fi\/eve.ramo\/files\/2012\/08\/MG_8158_muok_2.jpg?resize=1050%2C600&ssl=1 3x"},"classes":[]},{"id":28269,"url":"https:\/\/henkilot.vihreat.fi\/eve.ramo\/miksi-eve\/","url_meta":{"origin":28261,"position":4},"title":"Miksi Eve?","author":"tiina.nylen","date":"22.1.2021","format":false,"excerpt":"Minulle on ilo ja kunnia pit\u00e4\u00e4 Eve\u00e4 yst\u00e4v\u00e4n\u00e4ni. H\u00e4n on nainen, joka tekee ty\u00f6t\u00e4 t\u00e4ydell\u00e4 syd\u00e4mell\u00e4 niiden eteen, jotka eiv\u00e4t pysty itse pit\u00e4m\u00e4\u00e4n puoliaan. Even sisukkuuden takia Vantaa on parempi kaupunki olla lapsi. Periksiantamattomasti ja l\u00e4mm\u00f6ll\u00e4 h\u00e4n puolustaa perheit\u00e4, lapsia ja tasa-arvoa. Eve on ihminen, jota Vantaa ja koko t\u00e4m\u00e4\u2026","rel":"","context":"Samankaltainen artikkeli","block_context":{"text":"Samankaltainen artikkeli","link":""},"img":{"alt_text":"","src":"https:\/\/i0.wp.com\/henkilot.vihreat.fi\/eve.ramo\/files\/2021\/01\/Eve_Ramo-2-transparent.png?resize=350%2C200&ssl=1","width":350,"height":200,"srcset":"https:\/\/i0.wp.com\/henkilot.vihreat.fi\/eve.ramo\/files\/2021\/01\/Eve_Ramo-2-transparent.png?resize=350%2C200&ssl=1 1x, https:\/\/i0.wp.com\/henkilot.vihreat.fi\/eve.ramo\/files\/2021\/01\/Eve_Ramo-2-transparent.png?resize=525%2C300&ssl=1 1.5x, https:\/\/i0.wp.com\/henkilot.vihreat.fi\/eve.ramo\/files\/2021\/01\/Eve_Ramo-2-transparent.png?resize=700%2C400&ssl=1 2x, https:\/\/i0.wp.com\/henkilot.vihreat.fi\/eve.ramo\/files\/2021\/01\/Eve_Ramo-2-transparent.png?resize=1050%2C600&ssl=1 3x, https:\/\/i0.wp.com\/henkilot.vihreat.fi\/eve.ramo\/files\/2021\/01\/Eve_Ramo-2-transparent.png?resize=1400%2C800&ssl=1 4x"},"classes":[]},{"id":28659,"url":"https:\/\/henkilot.vihreat.fi\/eve.ramo\/politiikka\/eduskuntavaalit-2023\/","url_meta":{"origin":28261,"position":5},"title":"Eduskuntavaalit 2023","author":"tiina.nylen","date":"15.12.2022","format":false,"excerpt":"Vaaliteemat Perheit\u00e4 on tuettava nykyist\u00e4 enemm\u00e4n Varhaiskasvatuksen hyv\u00e4 laatu on kaikkien etu ja hyv\u00e4 varhaiskasvatus v\u00e4hent\u00e4\u00e4 muiden palveluiden tarvetta. Varhaiskasvatuksen laadun parantaminen vaatii ty\u00f6ntekij\u00f6iden palkkauksen ja ty\u00f6olojen parannusta. Hoitopolut on oltava helppoja ja sujuvia. Esimerkiksi nepsy-lasten diagnosointi ja tuki tulee saada nykyist\u00e4 nopeammin ja helpommin. Kun voimavarat ovat v\u00e4hiss\u00e4 on\u2026","rel":"","context":"Samankaltainen artikkeli","block_context":{"text":"Samankaltainen artikkeli","link":""},"img":{"alt_text":"","src":"https:\/\/i0.wp.com\/henkilot.vihreat.fi\/eve.ramo\/files\/2023\/02\/isosome.jpg?resize=350%2C200&ssl=1","width":350,"height":200,"srcset":"https:\/\/i0.wp.com\/henkilot.vihreat.fi\/eve.ramo\/files\/2023\/02\/isosome.jpg?resize=350%2C200&ssl=1 1x, https:\/\/i0.wp.com\/henkilot.vihreat.fi\/eve.ramo\/files\/2023\/02\/isosome.jpg?resize=525%2C300&ssl=1 1.5x, https:\/\/i0.wp.com\/henkilot.vihreat.fi\/eve.ramo\/files\/2023\/02\/isosome.jpg?resize=700%2C400&ssl=1 2x"},"classes":[]}],"_links":{"self":[{"href":"https:\/\/henkilot.vihreat.fi\/eve.ramo\/wp-json\/wp\/v2\/pages\/28261","targetHints":{"allow":["GET"]}}],"collection":[{"href":"https:\/\/henkilot.vihreat.fi\/eve.ramo\/wp-json\/wp\/v2\/pages"}],"about":[{"href":"https:\/\/henkilot.vihreat.fi\/eve.ramo\/wp-json\/wp\/v2\/types\/page"}],"author":[{"embeddable":true,"href":"https:\/\/henkilot.vihreat.fi\/eve.ramo\/wp-json\/wp\/v2\/users\/1136"}],"replies":[{"embeddable":true,"href":"https:\/\/henkilot.vihreat.fi\/eve.ramo\/wp-json\/wp\/v2\/comments?post=28261"}],"version-history":[{"count":13,"href":"https:\/\/henkilot.vihreat.fi\/eve.ramo\/wp-json\/wp\/v2\/pages\/28261\/revisions"}],"predecessor-version":[{"id":28871,"href":"https:\/\/henkilot.vihreat.fi\/eve.ramo\/wp-json\/wp\/v2\/pages\/28261\/revisions\/28871"}],"wp:attachment":[{"href":"https:\/\/henkilot.vihreat.fi\/eve.ramo\/wp-json\/wp\/v2\/media?parent=28261"}],"curies":[{"name":"wp","href":"https:\/\/api.w.org\/{rel}","templated":true}]}}