{"id":843,"date":"2025-03-01T21:00:43","date_gmt":"2025-03-01T19:00:43","guid":{"rendered":"https:\/\/henkilot.vihreat.fi\/esa.aalto\/?page_id=843"},"modified":"2025-03-01T21:08:10","modified_gmt":"2025-03-01T19:08:10","slug":"arkistojen-aarteita","status":"publish","type":"page","link":"https:\/\/henkilot.vihreat.fi\/esa.aalto\/arkistojen-aarteita\/","title":{"rendered":"Arkistojen aarteita"},"content":{"rendered":"\n<div class=\"wp-block-media-text is-stacked-on-mobile\"><figure class=\"wp-block-media-text__media\"><a href=\"https:\/\/youtu.be\/agCA9KssdpE\" target=\"_blank\" rel=\" noreferrer noopener\"><img loading=\"lazy\" decoding=\"async\" width=\"520\" height=\"305\" src=\"https:\/\/henkilot.vihreat.fi\/esa.aalto\/files\/2020\/10\/Esan-haastasttelu-1.jpg\" alt=\"\" class=\"wp-image-425 size-full\" srcset=\"https:\/\/henkilot.vihreat.fi\/esa.aalto\/files\/2020\/10\/Esan-haastasttelu-1.jpg 520w, https:\/\/henkilot.vihreat.fi\/esa.aalto\/files\/2020\/10\/Esan-haastasttelu-1-300x176.jpg 300w\" sizes=\"auto, (max-width: 520px) 100vw, 520px\" \/><\/a><\/figure><div class=\"wp-block-media-text__content\">\n<p class=\"wp-block-paragraph\"><\/p>\n\n\n\n<p class=\"wp-block-paragraph\"><\/p>\n\n\n\n<p class=\"wp-block-paragraph\"><\/p>\n\n\n\n<p class=\"wp-block-paragraph\">Oulun vihreiden haastattelu vuodelta 2021. T\u00e4ss\u00e4 kerron ensimm\u00e4isen valtuustokauteni saavutuksista yhdyskuntalautakunnassa.<\/p>\n\n\n\n<p class=\"wp-block-paragraph\"><\/p>\n<\/div><\/div>\n\n\n\n<figure class=\"wp-block-image size-large is-resized\"><a href=\"https:\/\/henkilot.vihreat.fi\/esa.aalto\/files\/2025\/03\/Ehdokasesittely_Esa_Aalto_2019.pdf\" target=\"_blank\" rel=\" noreferrer noopener\"><img loading=\"lazy\" decoding=\"async\" width=\"1024\" height=\"582\" src=\"https:\/\/henkilot.vihreat.fi\/esa.aalto\/files\/2025\/03\/image-1024x582.png\" alt=\"\" class=\"wp-image-849\" style=\"width:410px;height:auto\" srcset=\"https:\/\/henkilot.vihreat.fi\/esa.aalto\/files\/2025\/03\/image-1024x582.png 1024w, https:\/\/henkilot.vihreat.fi\/esa.aalto\/files\/2025\/03\/image-300x171.png 300w, https:\/\/henkilot.vihreat.fi\/esa.aalto\/files\/2025\/03\/image-768x437.png 768w, https:\/\/henkilot.vihreat.fi\/esa.aalto\/files\/2025\/03\/image-1536x873.png 1536w, https:\/\/henkilot.vihreat.fi\/esa.aalto\/files\/2025\/03\/image-2048x1164.png 2048w, https:\/\/henkilot.vihreat.fi\/esa.aalto\/files\/2025\/03\/image-1080x614.png 1080w, https:\/\/henkilot.vihreat.fi\/esa.aalto\/files\/2025\/03\/image-1280x728.png 1280w, https:\/\/henkilot.vihreat.fi\/esa.aalto\/files\/2025\/03\/image-980x557.png 980w, https:\/\/henkilot.vihreat.fi\/esa.aalto\/files\/2025\/03\/image-480x273.png 480w\" sizes=\"auto, (max-width: 1024px) 100vw, 1024px\" \/><\/a><\/figure>\n\n\n\n<p class=\"wp-block-paragraph\"><a href=\"https:\/\/henkilot.vihreat.fi\/esa.aalto\/files\/2025\/03\/Ehdokasesittely_Esa_Aalto_2019.pdf\" target=\"_blank\" rel=\"noreferrer noopener\"><strong>Kuvaesittelyni vuodelta 2019<\/strong><\/a><\/p>\n","protected":false},"excerpt":{"rendered":"<p>Oulun vihreiden haastattelu vuodelta 2021. T\u00e4ss\u00e4 kerron ensimm\u00e4isen valtuustokauteni saavutuksista yhdyskuntalautakunnassa. Kuvaesittelyni vuodelta 2019<\/p>\n","protected":false},"author":95,"featured_media":0,"parent":0,"menu_order":0,"comment_status":"closed","ping_status":"closed","template":"","meta":{"_crdt_document":"","footnotes":""},"class_list":["post-843","page","type-page","status-publish","hentry"],"_links":{"self":[{"href":"https:\/\/henkilot.vihreat.fi\/esa.aalto\/wp-json\/wp\/v2\/pages\/843","targetHints":{"allow":["GET"]}}],"collection":[{"href":"https:\/\/henkilot.vihreat.fi\/esa.aalto\/wp-json\/wp\/v2\/pages"}],"about":[{"href":"https:\/\/henkilot.vihreat.fi\/esa.aalto\/wp-json\/wp\/v2\/types\/page"}],"author":[{"embeddable":true,"href":"https:\/\/henkilot.vihreat.fi\/esa.aalto\/wp-json\/wp\/v2\/users\/95"}],"replies":[{"embeddable":true,"href":"https:\/\/henkilot.vihreat.fi\/esa.aalto\/wp-json\/wp\/v2\/comments?post=843"}],"version-history":[{"count":4,"href":"https:\/\/henkilot.vihreat.fi\/esa.aalto\/wp-json\/wp\/v2\/pages\/843\/revisions"}],"predecessor-version":[{"id":851,"href":"https:\/\/henkilot.vihreat.fi\/esa.aalto\/wp-json\/wp\/v2\/pages\/843\/revisions\/851"}],"wp:attachment":[{"href":"https:\/\/henkilot.vihreat.fi\/esa.aalto\/wp-json\/wp\/v2\/media?parent=843"}],"curies":[{"name":"wp","href":"https:\/\/api.w.org\/{rel}","templated":true}]}}