{"id":7,"date":"2012-06-11T09:35:40","date_gmt":"2012-06-11T07:35:40","guid":{"rendered":"https:\/\/henkilot.vihreat.fi\/esa.aalto\/yhteystiedot\/"},"modified":"2025-03-01T14:24:21","modified_gmt":"2025-03-01T12:24:21","slug":"yhteystiedot","status":"publish","type":"page","link":"https:\/\/henkilot.vihreat.fi\/esa.aalto\/yhteystiedot\/","title":{"rendered":"Yhteystiedot"},"content":{"rendered":"<p>Puhelin: 040 8652926, WhatsApp toimii my\u00f6s<\/p>\n<p>S\u00e4hk\u00f6postit: esaalto@hotmail.com, esa.aalto@ouka.fi<\/p>\n<p><a href=\"http:\/\/www.facebook.com\/EsaA.poliitikko\/\">Facebook poliitikkoprofiili<\/a><\/p>\n<p><a href=\"https:\/\/www.instagram.com\/esa_aalto\/\" target=\"_blank\" rel=\"noopener\">Instagram-profiili<\/a><\/p>\n<p><a href=\"https:\/\/bsky.app\/profile\/esaaalto.bsky.social\" target=\"_blank\" rel=\"noopener\">Bluesky esaaalto<\/a><\/p>\n<p><a href=\"https:\/\/www.tiktok.com\/@esaaalto\" target=\"_blank\" rel=\"noopener\">Tiktok @esaaalto<\/a><\/p>\n","protected":false},"excerpt":{"rendered":"<p>Puhelin: 040 8652926, WhatsApp toimii my\u00f6s S\u00e4hk\u00f6postit: esaalto@hotmail.com, esa.aalto@ouka.fi Facebook poliitikkoprofiili Instagram-profiili Bluesky esaaalto Tiktok @esaaalto<\/p>\n","protected":false},"author":1,"featured_media":0,"parent":0,"menu_order":0,"comment_status":"open","ping_status":"open","template":"","meta":{"_crdt_document":"","footnotes":""},"class_list":["post-7","page","type-page","status-publish","hentry"],"_links":{"self":[{"href":"https:\/\/henkilot.vihreat.fi\/esa.aalto\/wp-json\/wp\/v2\/pages\/7","targetHints":{"allow":["GET"]}}],"collection":[{"href":"https:\/\/henkilot.vihreat.fi\/esa.aalto\/wp-json\/wp\/v2\/pages"}],"about":[{"href":"https:\/\/henkilot.vihreat.fi\/esa.aalto\/wp-json\/wp\/v2\/types\/page"}],"author":[{"embeddable":true,"href":"https:\/\/henkilot.vihreat.fi\/esa.aalto\/wp-json\/wp\/v2\/users\/1"}],"replies":[{"embeddable":true,"href":"https:\/\/henkilot.vihreat.fi\/esa.aalto\/wp-json\/wp\/v2\/comments?post=7"}],"version-history":[{"count":12,"href":"https:\/\/henkilot.vihreat.fi\/esa.aalto\/wp-json\/wp\/v2\/pages\/7\/revisions"}],"predecessor-version":[{"id":827,"href":"https:\/\/henkilot.vihreat.fi\/esa.aalto\/wp-json\/wp\/v2\/pages\/7\/revisions\/827"}],"wp:attachment":[{"href":"https:\/\/henkilot.vihreat.fi\/esa.aalto\/wp-json\/wp\/v2\/media?parent=7"}],"curies":[{"name":"wp","href":"https:\/\/api.w.org\/{rel}","templated":true}]}}