{"id":62,"date":"2012-10-22T13:37:22","date_gmt":"2012-10-22T11:37:22","guid":{"rendered":"https:\/\/henkilot.vihreat.fi\/esa.aalto\/?page_id=62"},"modified":"2025-03-29T08:42:42","modified_gmt":"2025-03-29T06:42:42","slug":"vaalirahoitukseni","status":"publish","type":"page","link":"https:\/\/henkilot.vihreat.fi\/esa.aalto\/vaalirahoitukseni\/","title":{"rendered":"Vaalirahoitukseni"},"content":{"rendered":"<p><strong>Vaalirahoitukseni alue- ja kuntavaaleissa 2025<\/strong><\/p>\n<p>Tulot 3000<\/p>\n<p>3000 omaa raahaa<br \/>\n0,00 lahjoitukset yksityishenkil\u00f6ilt\u00e4<\/p>\n<p>Menot: 2923,10<\/p>\n<p>50,00 muut kulut (ehdokasmaksu)<br \/>\n40,00 mainos Ylioppilaslehdess\u00e4<br \/>\n1100,00 Oulun vihreiden yhteinen vaalimainonta (Kalefa, Forum 24, bussit ja bussipys\u00e4kit)<br \/>\n853,40 Mainokset paikallislehti Rantapohjassa 1.4. ja 10.4. ja 2 viikkoa verkkosivuilla.<br \/>\n49,42 Vihre\u00e4 liivi nimipainatuksella<br \/>\n830,28 Ehdokasesitteiden suunnittelu ja 500 kpl painatus kest\u00e4v\u00e4n mets\u00e4nhoidon FSC-sertifikaatilla<br \/>\n0,00 lahjoituspalvelun kulut<\/p>\n<p><strong>Vaalirahoitukseni eduskuntavaaleissa 2023<\/strong><\/p>\n<p>Tulot 350,35<\/p>\n<p>250,35 omaa raahaa<br \/>\n100,00 lahjoitus yksityishenkil\u00f6lt\u00e4<\/p>\n<p>Menot: 350,35<\/p>\n<p>350,00 muut kulut (ehdokasmaksu)<br \/>\n0,35 lahjoituspalvelun kulut<\/p>\n<p><strong>Vaalirahoitukseni aluevaaleissa 2022<\/strong><\/p>\n<p>Tulot: 130,00<\/p>\n<p>80,00 omaa rahaa<br \/>\n50,00 tuki Oulun Vihreilt\u00e4<\/p>\n<p>Menot: 130,00<\/p>\n<p>80,00 yhteismainos Kalevaan<br \/>\n50,00 muut kulut (ehdokasmaksu)<\/p>\n<p><a href=\"https:\/\/www.vihreat.fi\/ehdokkaat\/?kieli=fi&amp;vaali=aluevaalit-2022&amp;alue=pohjois-pohjanmaa\" target=\"_blank\" rel=\"noopener\">Tue aluevaalikampanjaani lahjoituksella<\/a><\/p>\n<p><strong>Vaalirahoitukseni kuntavaaleissa 2021<\/strong><\/p>\n<p>Tulot 880,80<\/p>\n<p>702,23 omaa rahaa<br \/>\n100,00 lahjoitukset yksityishenkil\u00f6ilt\u00e4<br \/>\n78,57 tuki Oulun Vihreilt\u00e4<\/p>\n<p>Menot 880,80<\/p>\n<p>Lehtimainonta 330,00<br \/>\nUlkomainonta 100,00<br \/>\nTietoverkot 50,00<br \/>\nMainonnan suunnittelu 250,00<br \/>\nMuut kulut (ehdokasmaksu) 150,00<br \/>\nLahjoituspalvelun kulut 0,80<\/p>\n<p><strong>Vaalirahoitukseni eduskuntavaaleissa 2019<\/strong><\/p>\n<p>Tulot 470,00<\/p>\n<p>100,00 omaa rahaa<br \/>\n370,00 lahjoitukset yksityishenkil\u00f6ilt\u00e4<\/p>\n<p>Menot 470,05<\/p>\n<p>350,00 Oulun vaalipiirin Vihreiden yhteinen vaalimainonta<br \/>\n100,00 Facebook-mainonta<br \/>\n17,00 Kampanjamatka Raaheen<br \/>\n3,05 Lahjoituspalvelun kulut<\/p>\n<p><strong>Vaalirahoitukseni kuntavaaleissa 2017<\/strong><\/p>\n<p>Tulot 1420,00<\/p>\n<p>100,00 omaa rahaa<br \/>\n1120,00 lahjoitukset yksityishenkil\u00f6ilt\u00e4<br \/>\n200,00 lahjoitus Pasi Oravan ja Taina Pitk\u00e4nen-Kolin tukiryhm\u00e4lt\u00e4<\/p>\n<p>Menot 1418,51:<\/p>\n<p>750,00\u00a0Oulun vihre\u00e4n kunnallisj\u00e4rjest\u00f6n yhteinen vaalimainonta<br \/>\n29,00\u00a0Internetsivut<br \/>\n2,70 Lahjoituspalvelun kulut<br \/>\n228,16 Kampanjakortit (flyerit)<br \/>\n308,65 Lehtimainonta Forumissa<br \/>\n100,00 Mainonta Facebookissa<\/p>\n<p><strong>Vaalirahoitukseni eduskuntavaaleissa 2015<\/strong><\/p>\n<p>Tulot 650,00:<\/p>\n<p>200,00 Omaa rahaa<br \/>\n450,00 Lahjoitukset yksityishenkil\u00f6ilt\u00e4<\/p>\n<p>Menot 650,00:<\/p>\n<p>200,00 Oulun vaalipiirin vihreiden yhteinen vaalimainonta<br \/>\n14,50 Junalippu Kajaaniin Vihreiden vaalibussikiertueelle<br \/>\n235,60 Esitteiden painatus, Rannikon laatupaino<br \/>\n107,76 K\u00e4yntikorttien painatus, ad Print Finland<br \/>\n49,60 Esitteiden suunnittelu<br \/>\n40,99 Valokuvia esitteisiin<br \/>\n1,55 Lahjoituspalvelun kulut<\/p>\n","protected":false},"excerpt":{"rendered":"<p>Vaalirahoitukseni alue- ja kuntavaaleissa 2025 Tulot 3000 3000 omaa raahaa 0,00 lahjoitukset yksityishenkil\u00f6ilt\u00e4 Menot: 2923,10 50,00 muut kulut (ehdokasmaksu) 40,00 mainos Ylioppilaslehdess\u00e4 1100,00 Oulun vihreiden yhteinen vaalimainonta (Kalefa, Forum 24, bussit ja bussipys\u00e4kit) 853,40 Mainokset paikallislehti Rantapohjassa 1.4. ja 10.4. ja 2 viikkoa verkkosivuilla. 49,42 Vihre\u00e4 liivi nimipainatuksella 830,28 Ehdokasesitteiden suunnittelu ja 500 kpl painatus [&hellip;]<\/p>\n","protected":false},"author":95,"featured_media":0,"parent":0,"menu_order":0,"comment_status":"open","ping_status":"open","template":"","meta":{"_crdt_document":"","footnotes":""},"class_list":["post-62","page","type-page","status-publish","hentry"],"_links":{"self":[{"href":"https:\/\/henkilot.vihreat.fi\/esa.aalto\/wp-json\/wp\/v2\/pages\/62","targetHints":{"allow":["GET"]}}],"collection":[{"href":"https:\/\/henkilot.vihreat.fi\/esa.aalto\/wp-json\/wp\/v2\/pages"}],"about":[{"href":"https:\/\/henkilot.vihreat.fi\/esa.aalto\/wp-json\/wp\/v2\/types\/page"}],"author":[{"embeddable":true,"href":"https:\/\/henkilot.vihreat.fi\/esa.aalto\/wp-json\/wp\/v2\/users\/95"}],"replies":[{"embeddable":true,"href":"https:\/\/henkilot.vihreat.fi\/esa.aalto\/wp-json\/wp\/v2\/comments?post=62"}],"version-history":[{"count":41,"href":"https:\/\/henkilot.vihreat.fi\/esa.aalto\/wp-json\/wp\/v2\/pages\/62\/revisions"}],"predecessor-version":[{"id":911,"href":"https:\/\/henkilot.vihreat.fi\/esa.aalto\/wp-json\/wp\/v2\/pages\/62\/revisions\/911"}],"wp:attachment":[{"href":"https:\/\/henkilot.vihreat.fi\/esa.aalto\/wp-json\/wp\/v2\/media?parent=62"}],"curies":[{"name":"wp","href":"https:\/\/api.w.org\/{rel}","templated":true}]}}