{"id":6,"date":"2012-06-11T09:35:40","date_gmt":"2012-06-11T07:35:40","guid":{"rendered":"https:\/\/henkilot.vihreat.fi\/esa.aalto\/tietoja\/"},"modified":"2025-10-06T09:01:04","modified_gmt":"2025-10-06T07:01:04","slug":"tietoja","status":"publish","type":"page","link":"https:\/\/henkilot.vihreat.fi\/esa.aalto\/tietoja\/","title":{"rendered":"Esittely"},"content":{"rendered":"<p><a href=\"https:\/\/henkilot.vihreat.fi\/esa.aalto\/files\/2025\/03\/EsaA_2024-scaled.jpg\"><img loading=\"lazy\" decoding=\"async\" class=\"alignleft size-medium wp-image-811\" src=\"https:\/\/henkilot.vihreat.fi\/esa.aalto\/files\/2025\/03\/EsaA_2024-200x300.jpg\" alt=\"\" width=\"200\" height=\"300\" srcset=\"https:\/\/henkilot.vihreat.fi\/esa.aalto\/files\/2025\/03\/EsaA_2024-200x300.jpg 200w, https:\/\/henkilot.vihreat.fi\/esa.aalto\/files\/2025\/03\/EsaA_2024-684x1024.jpg 684w, https:\/\/henkilot.vihreat.fi\/esa.aalto\/files\/2025\/03\/EsaA_2024-768x1151.jpg 768w, https:\/\/henkilot.vihreat.fi\/esa.aalto\/files\/2025\/03\/EsaA_2024-1025x1536.jpg 1025w, https:\/\/henkilot.vihreat.fi\/esa.aalto\/files\/2025\/03\/EsaA_2024-1367x2048.jpg 1367w, https:\/\/henkilot.vihreat.fi\/esa.aalto\/files\/2025\/03\/EsaA_2024-1080x1618.jpg 1080w, https:\/\/henkilot.vihreat.fi\/esa.aalto\/files\/2025\/03\/EsaA_2024-1280x1917.jpg 1280w, https:\/\/henkilot.vihreat.fi\/esa.aalto\/files\/2025\/03\/EsaA_2024-980x1468.jpg 980w, https:\/\/henkilot.vihreat.fi\/esa.aalto\/files\/2025\/03\/EsaA_2024-480x719.jpg 480w, https:\/\/henkilot.vihreat.fi\/esa.aalto\/files\/2025\/03\/EsaA_2024-scaled.jpg 1709w\" sizes=\"auto, (max-width: 200px) 100vw, 200px\" \/><\/a><\/p>\n<p>Olen 43-vuotias biologi Oulun Kellosta. Olen syntynyt Haapam\u00e4ell\u00e4 Keski-Suomessa, josta muutin Ouluun opiskelemaan ja ty\u00f6skentelem\u00e4\u00e4n yliopistolla tutkijana ja opettajana. Valmistuin filosofian tohtoriksi 2013. T\u00e4ll\u00e4 hetkell\u00e4 ty\u00f6skentelen erityisasiantuntijana ymp\u00e4rist\u00f6alan konsulttiyrityksess\u00e4.<\/p>\n<p>Olen Oulussa kaupunginvaltuutettu ja Pohjois-Pohjanmaan hyvinvointialueella aluevaltuutettu. Merkitt\u00e4v\u00e4 luottamustoimi on my\u00f6s Pohjois-Pohjanmaan maakuntahallituksen j\u00e4senyys. Maakuntaliiton toimintaan liittyen olen Pohjois-Pohjanmaan ilmastoneuvottelukunnan varapuheenjohtaja ja kansainv\u00e4lisiss\u00e4 teht\u00e4viss\u00e4 CPMR:n energia-, ilmasto-, ja hiilinieluty\u00f6ryhmiss\u00e4. CPMR, <a href=\"https:\/\/cpmr.org\/\" target=\"_blank\" rel=\"noopener\">Conference of peripheral maritime regions<\/a>, on 200 miljoonaa ihmist\u00e4 edustava edustava EU:n et\u00e4isten merentakaisten alueiden yhteist\u00f6, joka edist\u00e4\u00e4 alueiden yhteisty\u00f6t\u00e4 ja toimii alueiden edunvalvojana EU:ssa.<\/p>\n<p>Poliittisista tavoitteistani t\u00e4rkeimpi\u00e4 ovat ilmastonmuutoksen pys\u00e4ytt\u00e4minen ja luontokadon k\u00e4\u00e4ntyminen monimuotoisuuden palautumiseksi. Suomalaisten hyvinvoinnin turvaamiseksi meid\u00e4n olisi panostettava selv\u00e4sti nykyist\u00e4 enemm\u00e4n koulutukseen varhaiskasvatuksesta korkeakouluihin. Tutkimus- ja innovaatiorahoituksen merkitt\u00e4v\u00e4 nostaminen on edellytys vientiteollisuutemme menestymiselle yh\u00e4 kiristyv\u00e4ss\u00e4 kansainv\u00e4lisess\u00e4 kilpailussa. Sosiaali- ja terveyspalveluiden uudistusta on kehitett\u00e4v\u00e4 edelleen ammattimaisesti johdettuna ilman lyhytn\u00e4k\u00f6ist\u00e4 politikointia. Palveluiden saatavuus on taattava tasavertaisesti kaikille maakunta- ja kuntarajoihin katsomatta. Pohjois-Pohjanmaan t\u00e4ytyy toimia my\u00f6s maakuntana aktiivisena kansainv\u00e4lisen\u00e4 vaikuttajana yhteisty\u00f6ss\u00e4 muiden maakuntien ja vastaavien alueiden kanssa. CPMR:ss\u00e4 teht\u00e4v\u00e4ni on varmistaa pohjoisen \u00e4\u00e4nen kuuluvuus ja pohjoisten olosuhteiden huomioiminen ilmasto- ja hiilinielutoimenpiteist\u00e4 p\u00e4\u00e4tett\u00e4ess\u00e4. Energiapolitiikan osalta pohjoinen ei voi olla energian ja raaka-aineiden tuottaja etel\u00e4n teollisuudelle, vaan meid\u00e4n pit\u00e4\u00e4 itse pysty\u00e4 hy\u00f6dynt\u00e4m\u00e4\u00e4n luonnonvaramme ja osaamisemme elinvoimamme ja ty\u00f6llisyytemme vahvistamiseksi.<\/p>\n<p>Olen toiminut aktiivisesti useissa j\u00e4rjest\u00f6teht\u00e4viss\u00e4 sek\u00e4 paikallisella, alueellisella ett\u00e4 valtakunnallisella tasolla. Edelleen olen Suomen luonnonsuojeluliiton luonnonsuojelu- ja ymp\u00e4rist\u00f6lakivaliokunnan j\u00e4sen ja Pohjois-Pohjanmaan piirin hallituksen j\u00e4sen. BirdLife Suomi ry:ss\u00e4 olen edustajiston j\u00e4sen. Vihreiss\u00e4 olen t\u00e4ll\u00e4 hetkell\u00e4 Ilmasto-, energia-, ja ymp\u00e4rist\u00f6ty\u00f6ryhm\u00e4n j\u00e4sen.<\/p>\n<p>Viimeisimp\u00e4n\u00e4 harrastuksenani olen toiminut muutaman vuoden ajan valmentajana lasten palloilujoukkueissa. T\u00e4ll\u00e4 hetkell\u00e4 olen valmentajana HauPan poikien ja tytt\u00f6jen jalkapallojoukkueissa. Olen my\u00f6s mukana ohjaamassa Kellon ly\u00f6nnin pienimpien pelaajien pallopelikerhoa. Lasten ohjaaminen ja valmentaminen ja kehityksen seuraaminen on mukavaa ja palkitsevaa.<\/p>\n<p>Perheeseeni kuuluu aviopuolisoni ja kolme 5-11 -vuotiasta lasta. Asumme vanhassa rintamamiestalossa, jonka olen saneerannut nykyiset energiam\u00e4\u00e4r\u00e4ykset t\u00e4ytt\u00e4v\u00e4ksi matalaenergiataloksi. Oulun vilkkain kalasatama on aivan kotimme vieress\u00e4, joten pystymme sy\u00f6m\u00e4\u00e4n tuoretta ja terveellist\u00e4 l\u00e4hiruokaa l\u00e4hes p\u00e4ivitt\u00e4in. Harrastamme my\u00f6s itse kotitarveviljely\u00e4, marjastusta ja sienestyst\u00e4. Perheell\u00e4mme ei ole autoa, joten py\u00f6r\u00e4ilemme paljon, ja pidemm\u00e4t matkat kuljemme junalla. V\u00e4lt\u00e4n tarpeetonta lent\u00e4mist\u00e4, ja edellisest\u00e4 lentomatkastani (ty\u00f6matka) on aikaa jo 25 vuotta. Euroopassa matkustaminen onnistuu sujuvasti junilla ja saarille p\u00e4\u00e4see laivoilla.<\/p>\n","protected":false},"excerpt":{"rendered":"<p>Olen 43-vuotias biologi Oulun Kellosta. Olen syntynyt Haapam\u00e4ell\u00e4 Keski-Suomessa, josta muutin Ouluun opiskelemaan ja ty\u00f6skentelem\u00e4\u00e4n yliopistolla tutkijana ja opettajana. Valmistuin filosofian tohtoriksi 2013. T\u00e4ll\u00e4 hetkell\u00e4 ty\u00f6skentelen erityisasiantuntijana ymp\u00e4rist\u00f6alan konsulttiyrityksess\u00e4. Olen Oulussa kaupunginvaltuutettu ja Pohjois-Pohjanmaan hyvinvointialueella aluevaltuutettu. Merkitt\u00e4v\u00e4 luottamustoimi on my\u00f6s Pohjois-Pohjanmaan maakuntahallituksen j\u00e4senyys. Maakuntaliiton toimintaan liittyen olen Pohjois-Pohjanmaan ilmastoneuvottelukunnan varapuheenjohtaja ja kansainv\u00e4lisiss\u00e4 teht\u00e4viss\u00e4 CPMR:n energia-, [&hellip;]<\/p>\n","protected":false},"author":1,"featured_media":0,"parent":0,"menu_order":0,"comment_status":"open","ping_status":"open","template":"","meta":{"_crdt_document":"","footnotes":""},"class_list":["post-6","page","type-page","status-publish","hentry"],"_links":{"self":[{"href":"https:\/\/henkilot.vihreat.fi\/esa.aalto\/wp-json\/wp\/v2\/pages\/6","targetHints":{"allow":["GET"]}}],"collection":[{"href":"https:\/\/henkilot.vihreat.fi\/esa.aalto\/wp-json\/wp\/v2\/pages"}],"about":[{"href":"https:\/\/henkilot.vihreat.fi\/esa.aalto\/wp-json\/wp\/v2\/types\/page"}],"author":[{"embeddable":true,"href":"https:\/\/henkilot.vihreat.fi\/esa.aalto\/wp-json\/wp\/v2\/users\/1"}],"replies":[{"embeddable":true,"href":"https:\/\/henkilot.vihreat.fi\/esa.aalto\/wp-json\/wp\/v2\/comments?post=6"}],"version-history":[{"count":38,"href":"https:\/\/henkilot.vihreat.fi\/esa.aalto\/wp-json\/wp\/v2\/pages\/6\/revisions"}],"predecessor-version":[{"id":977,"href":"https:\/\/henkilot.vihreat.fi\/esa.aalto\/wp-json\/wp\/v2\/pages\/6\/revisions\/977"}],"wp:attachment":[{"href":"https:\/\/henkilot.vihreat.fi\/esa.aalto\/wp-json\/wp\/v2\/media?parent=6"}],"curies":[{"name":"wp","href":"https:\/\/api.w.org\/{rel}","templated":true}]}}