{"id":16,"date":"2012-10-04T19:40:59","date_gmt":"2012-10-04T17:40:59","guid":{"rendered":"https:\/\/henkilot.vihreat.fi\/esa.aalto\/?page_id=16"},"modified":"2025-03-17T14:56:22","modified_gmt":"2025-03-17T12:56:22","slug":"sitoumukset","status":"publish","type":"page","link":"https:\/\/henkilot.vihreat.fi\/esa.aalto\/sitoumukset\/","title":{"rendered":"Sitoumukset"},"content":{"rendered":"<p><strong>Virat, toimet, ammatit, teht\u00e4v\u00e4t<\/strong><\/p>\n<p>1. Valtion, kunnan ja muiden julkisyhteis\u00f6jen virat<\/p>\n<p>&#8211; Ei virkoja<\/p>\n<p>2. Palkattu toimi yksityisess\u00e4 yrityksess\u00e4 tai yhteis\u00f6ss\u00e4<\/p>\n<p>&#8211; Erityisasiantuntija, Aallokas Oy<\/p>\n<p>3. Ammatin ja elinkeinon harjoittaminen<\/p>\n<p>&#8211; Ei ole<\/p>\n<p><strong>Hallintoteht\u00e4v\u00e4t<\/strong><\/p>\n<p>4. Hallintoteht\u00e4v\u00e4t valtionyhti\u00f6iss\u00e4<\/p>\n<p>&#8211; Ei ole<\/p>\n<p>5. Hallintoteht\u00e4v\u00e4t taloudellisesti merkitt\u00e4viss\u00e4 yrityksiss\u00e4<\/p>\n<p>&#8211; Tervia logistiikka Oy, hallituksen varaj\u00e4sen<\/p>\n<p>6. Hallintoteht\u00e4v\u00e4t pankeissa ja muissa rahalaitoksissa<\/p>\n<p>&#8211; Ei ole<\/p>\n<p>7. Hallintoteht\u00e4v\u00e4t merkitt\u00e4viss\u00e4 j\u00e4rjest\u00f6iss\u00e4<\/p>\n<ul>\n<li>Hallituksen j\u00e4sen, Suomen luonnonsuojeluliiton Pohjois-Pohjanmaan piiri ry<\/li>\n<\/ul>\n<p><strong>Luottamusteht\u00e4v\u00e4t<\/strong><\/p>\n<p>8. Etuj\u00e4rjest\u00f6jen luottamusteht\u00e4v\u00e4t<\/p>\n<p>&#8211; Ei ole<\/p>\n<p>9. Kunnalliset, aluehallinnolliset ja kirkolliset luottamusteht\u00e4v\u00e4t<\/p>\n<p>&#8211; Kaupunginvaltuutettu, Oulun kaupunki<\/p>\n<p>&#8211; Yhdyskuntalautakunnan j\u00e4sen, Oulun kaupunki<\/p>\n<p>&#8211; Maakuntahallituksen varapuheenjohtaja, Pohjois-Pohjanmaan liitto<\/p>\n<p>&#8211; Aluehallituksen j\u00e4sen ja varavaltuutettu, Pohjois-Pohjanmaan hyvinvointialue (Pohde)<\/p>\n<p><strong>Taloudellinen asema<\/strong><\/p>\n<p>10. Liike- ja sijoitustoimintaa varten hankitut merkitt\u00e4v\u00e4t omistukset sek\u00e4 muut merkitt\u00e4v\u00e4t omistusosuudet<\/p>\n<p>&#8211; Ei ole<\/p>\n<p>11. Liike- ja sijoitustoimintaa varten otetut yli 100 000 euron velat sek\u00e4 samassa tarkoituksessa annetut yli 200 000 euron takaukset tai muut vastuut<\/p>\n<p>&#8211; Ei ole<\/p>\n","protected":false},"excerpt":{"rendered":"<p>Virat, toimet, ammatit, teht\u00e4v\u00e4t 1. Valtion, kunnan ja muiden julkisyhteis\u00f6jen virat &#8211; Ei virkoja 2. Palkattu toimi yksityisess\u00e4 yrityksess\u00e4 tai yhteis\u00f6ss\u00e4 &#8211; Erityisasiantuntija, Aallokas Oy 3. Ammatin ja elinkeinon harjoittaminen &#8211; Ei ole Hallintoteht\u00e4v\u00e4t 4. Hallintoteht\u00e4v\u00e4t valtionyhti\u00f6iss\u00e4 &#8211; Ei ole 5. Hallintoteht\u00e4v\u00e4t taloudellisesti merkitt\u00e4viss\u00e4 yrityksiss\u00e4 &#8211; Tervia logistiikka Oy, hallituksen varaj\u00e4sen 6. Hallintoteht\u00e4v\u00e4t pankeissa ja [&hellip;]<\/p>\n","protected":false},"author":95,"featured_media":0,"parent":0,"menu_order":0,"comment_status":"open","ping_status":"open","template":"","meta":{"_crdt_document":"","footnotes":""},"class_list":["post-16","page","type-page","status-publish","hentry"],"_links":{"self":[{"href":"https:\/\/henkilot.vihreat.fi\/esa.aalto\/wp-json\/wp\/v2\/pages\/16","targetHints":{"allow":["GET"]}}],"collection":[{"href":"https:\/\/henkilot.vihreat.fi\/esa.aalto\/wp-json\/wp\/v2\/pages"}],"about":[{"href":"https:\/\/henkilot.vihreat.fi\/esa.aalto\/wp-json\/wp\/v2\/types\/page"}],"author":[{"embeddable":true,"href":"https:\/\/henkilot.vihreat.fi\/esa.aalto\/wp-json\/wp\/v2\/users\/95"}],"replies":[{"embeddable":true,"href":"https:\/\/henkilot.vihreat.fi\/esa.aalto\/wp-json\/wp\/v2\/comments?post=16"}],"version-history":[{"count":10,"href":"https:\/\/henkilot.vihreat.fi\/esa.aalto\/wp-json\/wp\/v2\/pages\/16\/revisions"}],"predecessor-version":[{"id":885,"href":"https:\/\/henkilot.vihreat.fi\/esa.aalto\/wp-json\/wp\/v2\/pages\/16\/revisions\/885"}],"wp:attachment":[{"href":"https:\/\/henkilot.vihreat.fi\/esa.aalto\/wp-json\/wp\/v2\/media?parent=16"}],"curies":[{"name":"wp","href":"https:\/\/api.w.org\/{rel}","templated":true}]}}