{"id":108,"date":"2015-04-10T14:12:25","date_gmt":"2015-04-10T12:12:25","guid":{"rendered":"https:\/\/henkilot.vihreat.fi\/esa.aalto\/?page_id=108"},"modified":"2026-04-07T13:35:16","modified_gmt":"2026-04-07T11:35:16","slug":"esa-tavattavissa","status":"publish","type":"page","link":"https:\/\/henkilot.vihreat.fi\/esa.aalto\/esa-tavattavissa\/","title":{"rendered":"Esa tavattavissa"},"content":{"rendered":"\n<p class=\"wp-block-paragraph\">Jos haluat kysy\u00e4 tai keskustella jostain, niin voit soittaa tai laittaa viesti\u00e4 mill\u00e4 tahansa viestiv\u00e4lineell\u00e4. Vastailen kunhan ehdin, mutta puhelimella en v\u00e4ltt\u00e4m\u00e4tt\u00e4 soita takaisin. Yrit\u00e4 siis hetken p\u00e4\u00e4st\u00e4 uudestaan, ellen vastannut.<\/p>\n\n\n\n<p class=\"wp-block-paragraph\">Kev\u00e4isin minut tapaa helpoiten luonnossa, vaalien alla my\u00f6s vaalitilaisuuksissa. Tied\u00e4tk\u00f6 hyv\u00e4t tapahtuman, joka sopisi minulle? Ota yhteytt\u00e4 ja kutsu minut mukaan!<\/p>\n\n\n\n<p class=\"wp-block-paragraph\">Olen tavattavissa Rakentajamessuilla Oulu-hallilla 11.4.2026 klo 10-11 Vihreiden esittelypisteell\u00e4.<\/p>\n","protected":false},"excerpt":{"rendered":"<p>Jos haluat kysy\u00e4 tai keskustella jostain, niin voit soittaa tai laittaa viesti\u00e4 mill\u00e4 tahansa viestiv\u00e4lineell\u00e4. Vastailen kunhan ehdin, mutta puhelimella en v\u00e4ltt\u00e4m\u00e4tt\u00e4 soita takaisin. Yrit\u00e4 siis hetken p\u00e4\u00e4st\u00e4 uudestaan, ellen vastannut. Kev\u00e4isin minut tapaa helpoiten luonnossa, vaalien alla my\u00f6s vaalitilaisuuksissa. Tied\u00e4tk\u00f6 hyv\u00e4t tapahtuman, joka sopisi minulle? Ota yhteytt\u00e4 ja kutsu minut mukaan! Olen tavattavissa Rakentajamessuilla [&hellip;]<\/p>\n","protected":false},"author":95,"featured_media":0,"parent":0,"menu_order":0,"comment_status":"open","ping_status":"open","template":"","meta":{"_crdt_document":"","footnotes":""},"class_list":["post-108","page","type-page","status-publish","hentry"],"_links":{"self":[{"href":"https:\/\/henkilot.vihreat.fi\/esa.aalto\/wp-json\/wp\/v2\/pages\/108","targetHints":{"allow":["GET"]}}],"collection":[{"href":"https:\/\/henkilot.vihreat.fi\/esa.aalto\/wp-json\/wp\/v2\/pages"}],"about":[{"href":"https:\/\/henkilot.vihreat.fi\/esa.aalto\/wp-json\/wp\/v2\/types\/page"}],"author":[{"embeddable":true,"href":"https:\/\/henkilot.vihreat.fi\/esa.aalto\/wp-json\/wp\/v2\/users\/95"}],"replies":[{"embeddable":true,"href":"https:\/\/henkilot.vihreat.fi\/esa.aalto\/wp-json\/wp\/v2\/comments?post=108"}],"version-history":[{"count":79,"href":"https:\/\/henkilot.vihreat.fi\/esa.aalto\/wp-json\/wp\/v2\/pages\/108\/revisions"}],"predecessor-version":[{"id":1017,"href":"https:\/\/henkilot.vihreat.fi\/esa.aalto\/wp-json\/wp\/v2\/pages\/108\/revisions\/1017"}],"wp:attachment":[{"href":"https:\/\/henkilot.vihreat.fi\/esa.aalto\/wp-json\/wp\/v2\/media?parent=108"}],"curies":[{"name":"wp","href":"https:\/\/api.w.org\/{rel}","templated":true}]}}